{"id":473,"date":"2022-02-09T22:20:15","date_gmt":"2022-02-09T22:20:15","guid":{"rendered":"http:\/\/seanop.com.tr\/?post_type=product&#038;p=473"},"modified":"2025-05-24T13:39:08","modified_gmt":"2025-05-24T10:39:08","slug":"biberli-hamsi-marine","status":"publish","type":"product","link":"https:\/\/seanop.com.tr\/tr_tr\/urun\/biberli-hamsi-marine\/","title":{"rendered":"Biberli Hamsi Marine"},"content":{"rendered":"","protected":false},"excerpt":{"rendered":"<p><strong>\u0130\u00e7indekiler:<\/strong> Marine edilmi\u015f hamsi filetosu (%70), ay\u00e7i\u00e7ek ya\u011f\u0131, sirke, k\u0131rm\u0131z\u0131 biber<\/p>\n<p><strong>Men\u015fe \u00dclke:<\/strong> T\u00fcrkiye<\/p>\n<p><strong>Muhafaza S\u0131cakl\u0131\u011f\u0131:<\/strong> 0\/+4 \u00b0C<\/p>\n<ul>\n<li>T\u00fcrk G\u0131da Kodeksine uygundur.<\/li>\n<li>Bal\u0131k Eti ve kabuklu su \u00fcr\u00fcnler, alerjen \u00f6zellik g\u00f6sterirler.<\/li>\n<li>Bal\u0131k \u00fcr\u00fcnlerimiz pullu bal\u0131klardan \u00fcretilmi\u015ftir.<\/li>\n<li>T\u00fcketime haz\u0131r \u00fcr\u00fcn. Ambalaj a\u00e7\u0131ld\u0131ktan sonra buzdolab\u0131 ko\u015fullar\u0131nda saklayarak 5 g\u00fcn i\u00e7inde t\u00fcketebilirsiniz.<\/li>\n<\/ul>\n","protected":false},"featured_media":6345,"template":"","meta":[],"product_brand":[],"product_cat":[],"product_tag":[],"class_list":{"0":"post-473","1":"product","2":"type-product","3":"status-publish","4":"has-post-thumbnail","7":"first","8":"instock","9":"shipping-taxable","10":"product-type-simple"},"yoast_head":"<!-- This site is optimized with the Yoast SEO plugin v26.1.1 - https:\/\/yoast.com\/wordpress\/plugins\/seo\/ -->\n<title>Biberli Hamsi Marine<\/title>\n<meta name=\"robots\" content=\"index, follow, max-snippet:-1, max-image-preview:large, max-video-preview:-1\" \/>\n<link rel=\"canonical\" href=\"https:\/\/seanop.com.tr\/tr_tr\/urun\/biberli-hamsi-marine\/\" \/>\n<meta property=\"og:locale\" content=\"tr_TR\" \/>\n<meta property=\"og:locale:alternate\" content=\"en_US\" \/>\n<meta property=\"og:type\" content=\"article\" \/>\n<meta property=\"og:title\" content=\"Biberli Hamsi Marine\" \/>\n<meta property=\"og:description\" content=\"\u0130\u00e7indekiler: Marine edilmi\u015f hamsi filetosu (%70), ay\u00e7i\u00e7ek ya\u011f\u0131, sirke, k\u0131rm\u0131z\u0131 biber  Men\u015fe \u00dclke: T\u00fcrkiye  Muhafaza S\u0131cakl\u0131\u011f\u0131: 0\/+4 \u00b0C   T\u00fcrk G\u0131da Kodeksine uygundur.  Bal\u0131k Eti ve kabuklu su \u00fcr\u00fcnler, alerjen \u00f6zellik g\u00f6sterirler.  Bal\u0131k \u00fcr\u00fcnlerimiz pullu bal\u0131klardan \u00fcretilmi\u015ftir.  T\u00fcketime haz\u0131r \u00fcr\u00fcn. Ambalaj a\u00e7\u0131ld\u0131ktan sonra buzdolab\u0131 ko\u015fullar\u0131nda saklayarak 5 g\u00fcn i\u00e7inde t\u00fcketebilirsiniz.\" \/>\n<meta property=\"og:url\" content=\"https:\/\/seanop.com.tr\/tr_tr\/urun\/biberli-hamsi-marine\/\" \/>\n<meta property=\"og:site_name\" content=\"Seanop\" \/>\n<meta property=\"article:modified_time\" content=\"2025-05-24T10:39:08+00:00\" \/>\n<meta property=\"og:image\" content=\"https:\/\/seanop.com.tr\/wp-content\/uploads\/2022\/02\/biberli-hamsi-marine-1015x1024.jpg\" \/>\n\t<meta property=\"og:image:width\" content=\"1015\" \/>\n\t<meta property=\"og:image:height\" content=\"1024\" \/>\n\t<meta property=\"og:image:type\" content=\"image\/jpeg\" \/>\n<meta name=\"twitter:card\" content=\"summary_large_image\" \/>\n<meta name=\"twitter:label1\" content=\"Tahmini okuma s\u00fcresi\" \/>\n\t<meta name=\"twitter:data1\" content=\"1 dakika\" \/>\n<script type=\"application\/ld+json\" class=\"yoast-schema-graph\">{\"@context\":\"https:\/\/schema.org\",\"@graph\":[{\"@type\":\"WebPage\",\"@id\":\"https:\/\/seanop.com.tr\/en\/urun\/biberli-hamsi-marine\/\",\"url\":\"https:\/\/seanop.com.tr\/en\/urun\/biberli-hamsi-marine\/\",\"name\":\"Biberli Hamsi Marine\",\"isPartOf\":{\"@id\":\"https:\/\/seanop.com.tr\/#website\"},\"primaryImageOfPage\":{\"@id\":\"https:\/\/seanop.com.tr\/en\/urun\/biberli-hamsi-marine\/#primaryimage\"},\"image\":{\"@id\":\"https:\/\/seanop.com.tr\/en\/urun\/biberli-hamsi-marine\/#primaryimage\"},\"thumbnailUrl\":\"https:\/\/seanop.com.tr\/wp-content\/uploads\/2022\/02\/biberli-hamsi-marine.jpg\",\"datePublished\":\"2022-02-09T22:20:15+00:00\",\"dateModified\":\"2025-05-24T10:39:08+00:00\",\"breadcrumb\":{\"@id\":\"https:\/\/seanop.com.tr\/en\/urun\/biberli-hamsi-marine\/#breadcrumb\"},\"inLanguage\":\"tr-TR\",\"potentialAction\":[{\"@type\":\"ReadAction\",\"target\":[\"https:\/\/seanop.com.tr\/en\/urun\/biberli-hamsi-marine\/\"]}]},{\"@type\":\"ImageObject\",\"inLanguage\":\"tr-TR\",\"@id\":\"https:\/\/seanop.com.tr\/en\/urun\/biberli-hamsi-marine\/#primaryimage\",\"url\":\"https:\/\/seanop.com.tr\/wp-content\/uploads\/2022\/02\/biberli-hamsi-marine.jpg\",\"contentUrl\":\"https:\/\/seanop.com.tr\/wp-content\/uploads\/2022\/02\/biberli-hamsi-marine.jpg\",\"width\":2000,\"height\":2017},{\"@type\":\"BreadcrumbList\",\"@id\":\"https:\/\/seanop.com.tr\/en\/urun\/biberli-hamsi-marine\/#breadcrumb\",\"itemListElement\":[{\"@type\":\"ListItem\",\"position\":1,\"name\":\"Anasayfa\",\"item\":\"https:\/\/seanop.com.tr\/\"},{\"@type\":\"ListItem\",\"position\":2,\"name\":\"Our Products2\",\"item\":\"https:\/\/seanop.com.tr\/en\/urunlerimiz2\/\"},{\"@type\":\"ListItem\",\"position\":3,\"name\":\"Chilli Anchovy Marinade\"}]},{\"@type\":\"WebSite\",\"@id\":\"https:\/\/seanop.com.tr\/#website\",\"url\":\"https:\/\/seanop.com.tr\/\",\"name\":\"Seanop\",\"description\":\"\",\"publisher\":{\"@id\":\"https:\/\/seanop.com.tr\/#organization\"},\"potentialAction\":[{\"@type\":\"SearchAction\",\"target\":{\"@type\":\"EntryPoint\",\"urlTemplate\":\"https:\/\/seanop.com.tr\/?s={search_term_string}\"},\"query-input\":{\"@type\":\"PropertyValueSpecification\",\"valueRequired\":true,\"valueName\":\"search_term_string\"}}],\"inLanguage\":\"tr-TR\"},{\"@type\":\"Organization\",\"@id\":\"https:\/\/seanop.com.tr\/#organization\",\"name\":\"Seanop\",\"url\":\"https:\/\/seanop.com.tr\/\",\"logo\":{\"@type\":\"ImageObject\",\"inLanguage\":\"tr-TR\",\"@id\":\"https:\/\/seanop.com.tr\/#\/schema\/logo\/image\/\",\"url\":\"https:\/\/seanop.com.tr\/wp-content\/uploads\/2024\/11\/seanop-logo.png\",\"contentUrl\":\"https:\/\/seanop.com.tr\/wp-content\/uploads\/2024\/11\/seanop-logo.png\",\"width\":568,\"height\":129,\"caption\":\"Seanop\"},\"image\":{\"@id\":\"https:\/\/seanop.com.tr\/#\/schema\/logo\/image\/\"}}]}<\/script>\n<!-- \/ Yoast SEO plugin. -->","yoast_head_json":{"title":"Biberli Hamsi Marine","robots":{"index":"index","follow":"follow","max-snippet":"max-snippet:-1","max-image-preview":"max-image-preview:large","max-video-preview":"max-video-preview:-1"},"canonical":"https:\/\/seanop.com.tr\/tr_tr\/urun\/biberli-hamsi-marine\/","og_locale":"tr_TR","og_type":"article","og_title":"[:tr]Biberli Hamsi Marine[:en]Chilli Anchovy Marinade[:] - Seanop","og_description":"\u0130\u00e7indekiler: Marine edilmi\u015f hamsi filetosu (%70), ay\u00e7i\u00e7ek ya\u011f\u0131, sirke, k\u0131rm\u0131z\u0131 biber  Men\u015fe \u00dclke: T\u00fcrkiye  Muhafaza S\u0131cakl\u0131\u011f\u0131: 0\/+4 \u00b0C   T\u00fcrk G\u0131da Kodeksine uygundur.  Bal\u0131k Eti ve kabuklu su \u00fcr\u00fcnler, alerjen \u00f6zellik g\u00f6sterirler.  Bal\u0131k \u00fcr\u00fcnlerimiz pullu bal\u0131klardan \u00fcretilmi\u015ftir.  T\u00fcketime haz\u0131r \u00fcr\u00fcn. Ambalaj a\u00e7\u0131ld\u0131ktan sonra buzdolab\u0131 ko\u015fullar\u0131nda saklayarak 5 g\u00fcn i\u00e7inde t\u00fcketebilirsiniz.","og_url":"https:\/\/seanop.com.tr\/tr_tr\/urun\/biberli-hamsi-marine\/","og_site_name":"Seanop","article_modified_time":"2025-05-24T10:39:08+00:00","og_image":[{"width":1015,"height":1024,"url":"https:\/\/seanop.com.tr\/wp-content\/uploads\/2022\/02\/biberli-hamsi-marine-1015x1024.jpg","type":"image\/jpeg"}],"twitter_card":"summary_large_image","twitter_misc":{"Tahmini okuma s\u00fcresi":"1 dakika"},"schema":{"@context":"https:\/\/schema.org","@graph":[{"@type":"WebPage","@id":"https:\/\/seanop.com.tr\/en\/urun\/biberli-hamsi-marine\/","url":"https:\/\/seanop.com.tr\/en\/urun\/biberli-hamsi-marine\/","name":"Biberli Hamsi Marine","isPartOf":{"@id":"https:\/\/seanop.com.tr\/#website"},"primaryImageOfPage":{"@id":"https:\/\/seanop.com.tr\/en\/urun\/biberli-hamsi-marine\/#primaryimage"},"image":{"@id":"https:\/\/seanop.com.tr\/en\/urun\/biberli-hamsi-marine\/#primaryimage"},"thumbnailUrl":"https:\/\/seanop.com.tr\/wp-content\/uploads\/2022\/02\/biberli-hamsi-marine.jpg","datePublished":"2022-02-09T22:20:15+00:00","dateModified":"2025-05-24T10:39:08+00:00","breadcrumb":{"@id":"https:\/\/seanop.com.tr\/en\/urun\/biberli-hamsi-marine\/#breadcrumb"},"inLanguage":"tr-TR","potentialAction":[{"@type":"ReadAction","target":["https:\/\/seanop.com.tr\/en\/urun\/biberli-hamsi-marine\/"]}]},{"@type":"ImageObject","inLanguage":"tr-TR","@id":"https:\/\/seanop.com.tr\/en\/urun\/biberli-hamsi-marine\/#primaryimage","url":"https:\/\/seanop.com.tr\/wp-content\/uploads\/2022\/02\/biberli-hamsi-marine.jpg","contentUrl":"https:\/\/seanop.com.tr\/wp-content\/uploads\/2022\/02\/biberli-hamsi-marine.jpg","width":2000,"height":2017},{"@type":"BreadcrumbList","@id":"https:\/\/seanop.com.tr\/en\/urun\/biberli-hamsi-marine\/#breadcrumb","itemListElement":[{"@type":"ListItem","position":1,"name":"Anasayfa","item":"https:\/\/seanop.com.tr\/"},{"@type":"ListItem","position":2,"name":"Our Products2","item":"https:\/\/seanop.com.tr\/en\/urunlerimiz2\/"},{"@type":"ListItem","position":3,"name":"Chilli Anchovy Marinade"}]},{"@type":"WebSite","@id":"https:\/\/seanop.com.tr\/#website","url":"https:\/\/seanop.com.tr\/","name":"Seanop","description":"","publisher":{"@id":"https:\/\/seanop.com.tr\/#organization"},"potentialAction":[{"@type":"SearchAction","target":{"@type":"EntryPoint","urlTemplate":"https:\/\/seanop.com.tr\/?s={search_term_string}"},"query-input":{"@type":"PropertyValueSpecification","valueRequired":true,"valueName":"search_term_string"}}],"inLanguage":"tr-TR"},{"@type":"Organization","@id":"https:\/\/seanop.com.tr\/#organization","name":"Seanop","url":"https:\/\/seanop.com.tr\/","logo":{"@type":"ImageObject","inLanguage":"tr-TR","@id":"https:\/\/seanop.com.tr\/#\/schema\/logo\/image\/","url":"https:\/\/seanop.com.tr\/wp-content\/uploads\/2024\/11\/seanop-logo.png","contentUrl":"https:\/\/seanop.com.tr\/wp-content\/uploads\/2024\/11\/seanop-logo.png","width":568,"height":129,"caption":"Seanop"},"image":{"@id":"https:\/\/seanop.com.tr\/#\/schema\/logo\/image\/"}}]}},"_links":{"self":[{"href":"https:\/\/seanop.com.tr\/tr_tr\/wp-json\/wp\/v2\/product\/473","targetHints":{"allow":["GET"]}}],"collection":[{"href":"https:\/\/seanop.com.tr\/tr_tr\/wp-json\/wp\/v2\/product"}],"about":[{"href":"https:\/\/seanop.com.tr\/tr_tr\/wp-json\/wp\/v2\/types\/product"}],"wp:featuredmedia":[{"embeddable":true,"href":"https:\/\/seanop.com.tr\/tr_tr\/wp-json\/wp\/v2\/media\/6345"}],"wp:attachment":[{"href":"https:\/\/seanop.com.tr\/tr_tr\/wp-json\/wp\/v2\/media?parent=473"}],"wp:term":[{"taxonomy":"product_brand","embeddable":true,"href":"https:\/\/seanop.com.tr\/tr_tr\/wp-json\/wp\/v2\/product_brand?post=473"},{"taxonomy":"product_cat","embeddable":true,"href":"https:\/\/seanop.com.tr\/tr_tr\/wp-json\/wp\/v2\/product_cat?post=473"},{"taxonomy":"product_tag","embeddable":true,"href":"https:\/\/seanop.com.tr\/tr_tr\/wp-json\/wp\/v2\/product_tag?post=473"}],"curies":[{"name":"wp","href":"https:\/\/api.w.org\/{rel}","templated":true}]}}