{"id":7084,"date":"2025-03-01T14:16:05","date_gmt":"2025-03-01T11:16:05","guid":{"rendered":"https:\/\/seanop.com.tr\/?page_id=7084"},"modified":"2025-05-25T15:19:10","modified_gmt":"2025-05-25T12:19:10","slug":"deger-zincirimiz","status":"publish","type":"page","link":"https:\/\/seanop.com.tr\/tr_tr\/deger-zincirimiz\/","title":{"rendered":"De\u011fer Zincirimiz"},"content":{"rendered":"\t\t<div data-elementor-type=\"wp-page\" data-elementor-id=\"7084\" class=\"elementor elementor-7084\" data-elementor-post-type=\"page\">\n\t\t\t\t\t\t<section class=\"elementor-section elementor-top-section elementor-element elementor-element-cb05707 elementor-section-stretched elementor-section-boxed elementor-section-height-default elementor-section-height-default jltma-glass-effect-no\" data-id=\"cb05707\" data-element_type=\"section\" data-settings=\"{&quot;stretch_section&quot;:&quot;section-stretched&quot;}\">\n\t\t\t\t\t\t<div class=\"elementor-container elementor-column-gap-no\">\n\t\t\t\t\t<div class=\"elementor-column elementor-col-50 elementor-top-column elementor-element elementor-element-fe2e61c jltma-glass-effect-no\" data-id=\"fe2e61c\" data-element_type=\"column\">\n\t\t\t<div class=\"elementor-widget-wrap elementor-element-populated\">\n\t\t\t\t\t\t<section class=\"elementor-section elementor-inner-section elementor-element elementor-element-1f140abe elementor-section-full_width elementor-section-height-default elementor-section-height-default jltma-glass-effect-no\" data-id=\"1f140abe\" data-element_type=\"section\">\n\t\t\t\t\t\t<div class=\"elementor-container elementor-column-gap-default\">\n\t\t\t\t\t<div class=\"elementor-column elementor-col-100 elementor-inner-column elementor-element elementor-element-343e866b jltma-glass-effect-no\" data-id=\"343e866b\" data-element_type=\"column\">\n\t\t\t<div class=\"elementor-widget-wrap elementor-element-populated\">\n\t\t\t\t\t\t<div class=\"elementor-element elementor-element-637dcd25 elementor-widget__width-inherit elementor-absolute jltma-glass-effect-no elementor-widget elementor-widget-heading\" data-id=\"637dcd25\" data-element_type=\"widget\" data-settings=\"{&quot;_position&quot;:&quot;absolute&quot;}\" data-widget_type=\"heading.default\">\n\t\t\t\t<div class=\"elementor-widget-container\">\n\t\t\t\t\t<h2 class=\"elementor-heading-title elementor-size-default\">De\u011fer Zincirimiz<\/h2>\t\t\t\t<\/div>\n\t\t\t\t<\/div>\n\t\t\t\t\t<\/div>\n\t\t<\/div>\n\t\t\t\t\t<\/div>\n\t\t<\/section>\n\t\t\t\t<div class=\"elementor-element elementor-element-15a0917f elementor-widget__width-initial jltma-glass-effect-no elementor-widget elementor-widget-heading\" data-id=\"15a0917f\" data-element_type=\"widget\" data-no-translation=\"\" data-widget_type=\"heading.default\">\n\t\t\t\t<div class=\"elementor-widget-container\">\n\t\t\t\t\t<h1 class=\"elementor-heading-title elementor-size-default\">Mu\u0308s\u0327teri memnuniyetini ve c\u0327evreye duyarl\u0131l\u0131g\u0306\u0131 o\u0308n planda tutuyoruz<\/h1>\t\t\t\t<\/div>\n\t\t\t\t<\/div>\n\t\t\t\t<div class=\"elementor-element elementor-element-63227b0 elementor-widget__width-initial jltma-glass-effect-no elementor-widget elementor-widget-heading\" data-id=\"63227b0\" data-element_type=\"widget\" data-no-translation=\"\" data-widget_type=\"heading.default\">\n\t\t\t\t<div class=\"elementor-widget-container\">\n\t\t\t\t\t<style>.elementor-element-63227b0{display:none !important}<\/style>\t\t\t\t<\/div>\n\t\t\t\t<\/div>\n\t\t\t\t<div class=\"elementor-element elementor-element-33be898 jltma-glass-effect-no elementor-widget elementor-widget-image\" data-id=\"33be898\" data-element_type=\"widget\" data-widget_type=\"image.default\">\n\t\t\t\t<div class=\"elementor-widget-container\">\n\t\t\t\t\t\t\t\t\t\t\t\t\t\t\t<img fetchpriority=\"high\" decoding=\"async\" width=\"1024\" height=\"682\" src=\"https:\/\/seanop.com.tr\/wp-content\/uploads\/2025\/03\/image-1024x682.jpeg\" class=\"attachment-large size-large wp-image-7096\" alt=\"\" srcset=\"https:\/\/seanop.com.tr\/wp-content\/uploads\/2025\/03\/image-1024x682.jpeg 1024w, https:\/\/seanop.com.tr\/wp-content\/uploads\/2025\/03\/image-300x200.jpeg 300w, https:\/\/seanop.com.tr\/wp-content\/uploads\/2025\/03\/image-768x512.jpeg 768w, https:\/\/seanop.com.tr\/wp-content\/uploads\/2025\/03\/image-1536x1023.jpeg 1536w, https:\/\/seanop.com.tr\/wp-content\/uploads\/2025\/03\/image-610x406.jpeg 610w, https:\/\/seanop.com.tr\/wp-content\/uploads\/2025\/03\/image.jpeg 1600w\" sizes=\"(max-width: 1024px) 100vw, 1024px\" \/>\t\t\t\t\t\t\t\t\t\t\t\t\t\t\t<\/div>\n\t\t\t\t<\/div>\n\t\t\t\t\t<\/div>\n\t\t<\/div>\n\t\t\t\t<div class=\"elementor-column elementor-col-50 elementor-top-column elementor-element elementor-element-2211093d jltma-glass-effect-no\" data-id=\"2211093d\" data-element_type=\"column\">\n\t\t\t<div class=\"elementor-widget-wrap elementor-element-populated\">\n\t\t\t\t\t\t<div class=\"elementor-element elementor-element-53e7ffc3 jltma-glass-effect-no elementor-widget elementor-widget-heading\" data-id=\"53e7ffc3\" data-element_type=\"widget\" data-widget_type=\"heading.default\">\n\t\t\t\t<div class=\"elementor-widget-container\">\n\t\t\t\t\t<h2 class=\"elementor-heading-title elementor-size-default\">De\u011fer Zincirimiz<\/h2>\t\t\t\t<\/div>\n\t\t\t\t<\/div>\n\t\t\t\t<div class=\"elementor-element elementor-element-594c75c elementor-widget__width-initial jltma-glass-effect-no elementor-widget elementor-widget-text-editor\" data-id=\"594c75c\" data-element_type=\"widget\" data-no-translation=\"\" data-widget_type=\"text-editor.default\">\n\t\t\t\t<div class=\"elementor-widget-container\">\n\t\t\t\t\t\t\t\t\t<p><span style=\"color: #000000;\">S\u0327irketimiz, su u\u0308ru\u0308nleri sekto\u0308ru\u0308nde uc\u0327tan uca c\u0327o\u0308zu\u0308mler sunarak kaliteyi ve su\u0308rdu\u0308ru\u0308lebilirlig\u0306i merkezine al\u0131r. Deg\u0306er zincirimizin her as\u0327amas\u0131nda mu\u0308s\u0327teri memnuniyetini ve c\u0327evreye duyarl\u0131l\u0131g\u0306\u0131 o\u0308n planda tutuyoruz:<\/span><\/p><p><span style=\"color: #000000;\"><strong>Hammadde Tedari\u011fi :<\/strong><\/span><\/p><p><span style=\"color: #000000;\">Avc\u0131 bal\u0131kc\u0327\u0131l\u0131k ve ku\u0308ltu\u0308r bal\u0131kc\u0327\u0131l\u0131g\u0306\u0131 kaynaklar\u0131ndan, en taze ve kaliteli u\u0308ru\u0308nleri o\u0308zenle temin ediyoruz.<\/span><\/p><p><span style=\"color: #000000;\"><b>\u0130\u015fleme :<\/b><\/span><\/p><p><span style=\"background-color: inherit; color: #000000; font-family: var( --e-global-typography-primary-font-family ), Sans-serif; font-size: var( --e-global-typography-primary-font-size ); font-style: var( --e-global-typography-primary-font-style ); font-weight: var( --e-global-typography-primary-font-weight ); letter-spacing: var( --e-global-typography-primary-letter-spacing ); text-transform: var( --e-global-typography-primary-text-transform );\">Modern tesislerimizde, g\u0131da gu\u0308venlig\u0306i standartlar\u0131na uygun s\u0327ekilde fileto, steak, lakerda, marine ve dig\u0306er o\u0308zel u\u0308ru\u0308nleri u\u0308retiyoruz.<\/span><\/p><p><span style=\"color: #000000;\">Depolama ve S\u0327oklama: U\u0308ru\u0308nlerimizi en ideal kos\u0327ullarda muhafaza etmek ic\u0327in ileri teknoloji sog\u0306uk hava depolar\u0131m\u0131z ve h\u0131zl\u0131 s\u0327oklama sistemlerimizle hizmet veriyoruz.<\/span><\/p><p><span style=\"color: #000000;\"><strong>Lojistik :<\/strong><\/span><\/p><p><span style=\"color: #000000;\">Tedarik zincirinin aksaks\u0131z c\u0327al\u0131s\u0327mas\u0131 ic\u0327in u\u0308ru\u0308nlerimizi mu\u0308s\u0327terilerimize zaman\u0131nda ve gu\u0308venli bir s\u0327ekilde ulas\u0327t\u0131r\u0131yoruz.<\/span><br \/><span style=\"color: #000000;\">Sat\u0131s\u0327 ve Pazarlama: Yerel ve uluslararas\u0131 pazarlarda mu\u0308s\u0327terilerimize yu\u0308ksek kaliteli su u\u0308ru\u0308nleri sunarken, yenilikc\u0327i ve mu\u0308s\u0327teri odakl\u0131 c\u0327o\u0308zu\u0308mler\u00a0gelis\u0327tiriyoruz.<\/span><\/p>\t\t\t\t\t\t\t\t<\/div>\n\t\t\t\t<\/div>\n\t\t\t\t<div class=\"elementor-element elementor-element-d7fcb46 elementor-widget__width-initial jltma-glass-effect-no elementor-widget elementor-widget-text-editor\" data-id=\"d7fcb46\" data-element_type=\"widget\" data-no-translation=\"\" data-widget_type=\"text-editor.default\">\n\t\t\t\t<div class=\"elementor-widget-container\">\n\t\t\t\t\t<style>.elementor-element-d7fcb46{display:none !important}<\/style>\t\t\t\t<\/div>\n\t\t\t\t<\/div>\n\t\t\t\t\t<\/div>\n\t\t<\/div>\n\t\t\t\t\t<\/div>\n\t\t<\/section>\n\t\t\t\t<\/div>\n\t\t","protected":false},"excerpt":{"rendered":"<p>De\u011fer Zincirimiz Mu\u0308s\u0327teri memnuniyetini ve c\u0327evreye duyarl\u0131l\u0131g\u0306\u0131 o\u0308n planda tutuyoruz Deg\u0306er Zincirimiz S\u0327irketimiz, su u\u0308ru\u0308nleri sekto\u0308ru\u0308nde uc\u0327tan uca c\u0327o\u0308zu\u0308mler sunarak<span class=\"more-dots\">&#8230;<\/span><\/p>\n","protected":false},"author":1,"featured_media":0,"parent":0,"menu_order":0,"comment_status":"closed","ping_status":"closed","template":"page-templates\/full-width.php","meta":{"footnotes":""},"class_list":["post-7084","page","type-page","status-publish","hentry"],"yoast_head":"<!-- This site is optimized with the Yoast SEO plugin v26.1.1 - https:\/\/yoast.com\/wordpress\/plugins\/seo\/ -->\n<title>De\u011fer Zincirimiz<\/title>\n<meta name=\"robots\" content=\"index, follow, max-snippet:-1, max-image-preview:large, max-video-preview:-1\" \/>\n<link rel=\"canonical\" href=\"https:\/\/seanop.com.tr\/tr_tr\/deger-zincirimiz\/\" \/>\n<meta property=\"og:locale\" content=\"tr_TR\" \/>\n<meta property=\"og:locale:alternate\" content=\"en_US\" \/>\n<meta property=\"og:type\" content=\"article\" \/>\n<meta property=\"og:title\" content=\"De\u011fer Zincirimiz\" \/>\n<meta property=\"og:description\" content=\"De\u011fer Zincirimiz Mu\u0308s\u0327teri memnuniyetini ve c\u0327evreye duyarl\u0131l\u0131g\u0306\u0131 o\u0308n planda tutuyoruz Deg\u0306er Zincirimiz S\u0327irketimiz, su u\u0308ru\u0308nleri sekto\u0308ru\u0308nde uc\u0327tan uca c\u0327o\u0308zu\u0308mler sunarak...\" \/>\n<meta property=\"og:url\" content=\"https:\/\/seanop.com.tr\/tr_tr\/deger-zincirimiz\/\" \/>\n<meta property=\"og:site_name\" content=\"Seanop\" \/>\n<meta property=\"article:modified_time\" content=\"2025-05-25T12:19:10+00:00\" \/>\n<meta property=\"og:image\" content=\"https:\/\/seanop.com.tr\/wp-content\/uploads\/2025\/03\/image.jpeg\" \/>\n\t<meta property=\"og:image:width\" content=\"1600\" \/>\n\t<meta property=\"og:image:height\" content=\"1066\" \/>\n\t<meta property=\"og:image:type\" content=\"image\/jpeg\" \/>\n<meta name=\"twitter:card\" content=\"summary_large_image\" \/>\n<meta name=\"twitter:label1\" content=\"Tahmini okuma s\u00fcresi\" \/>\n\t<meta name=\"twitter:data1\" content=\"2 dakika\" \/>\n<script type=\"application\/ld+json\" class=\"yoast-schema-graph\">{\"@context\":\"https:\/\/schema.org\",\"@graph\":[{\"@type\":\"WebPage\",\"@id\":\"https:\/\/seanop.com.tr\/deger-zincirimiz\/\",\"url\":\"https:\/\/seanop.com.tr\/deger-zincirimiz\/\",\"name\":\"De\u011fer Zincirimiz\",\"isPartOf\":{\"@id\":\"https:\/\/seanop.com.tr\/#website\"},\"primaryImageOfPage\":{\"@id\":\"https:\/\/seanop.com.tr\/deger-zincirimiz\/#primaryimage\"},\"image\":{\"@id\":\"https:\/\/seanop.com.tr\/deger-zincirimiz\/#primaryimage\"},\"thumbnailUrl\":\"https:\/\/seanop.com.tr\/wp-content\/uploads\/2025\/03\/image-1024x682.jpeg\",\"datePublished\":\"2025-03-01T11:16:05+00:00\",\"dateModified\":\"2025-05-25T12:19:10+00:00\",\"breadcrumb\":{\"@id\":\"https:\/\/seanop.com.tr\/deger-zincirimiz\/#breadcrumb\"},\"inLanguage\":\"tr-TR\",\"potentialAction\":[{\"@type\":\"ReadAction\",\"target\":[\"https:\/\/seanop.com.tr\/deger-zincirimiz\/\"]}]},{\"@type\":\"ImageObject\",\"inLanguage\":\"tr-TR\",\"@id\":\"https:\/\/seanop.com.tr\/deger-zincirimiz\/#primaryimage\",\"url\":\"https:\/\/seanop.com.tr\/wp-content\/uploads\/2025\/03\/image-1024x682.jpeg\",\"contentUrl\":\"https:\/\/seanop.com.tr\/wp-content\/uploads\/2025\/03\/image-1024x682.jpeg\"},{\"@type\":\"BreadcrumbList\",\"@id\":\"https:\/\/seanop.com.tr\/deger-zincirimiz\/#breadcrumb\",\"itemListElement\":[{\"@type\":\"ListItem\",\"position\":1,\"name\":\"Anasayfa\",\"item\":\"https:\/\/seanop.com.tr\/\"},{\"@type\":\"ListItem\",\"position\":2,\"name\":\"De\u011fer Zincirimiz\"}]},{\"@type\":\"WebSite\",\"@id\":\"https:\/\/seanop.com.tr\/#website\",\"url\":\"https:\/\/seanop.com.tr\/\",\"name\":\"Seanop\",\"description\":\"\",\"publisher\":{\"@id\":\"https:\/\/seanop.com.tr\/#organization\"},\"potentialAction\":[{\"@type\":\"SearchAction\",\"target\":{\"@type\":\"EntryPoint\",\"urlTemplate\":\"https:\/\/seanop.com.tr\/?s={search_term_string}\"},\"query-input\":{\"@type\":\"PropertyValueSpecification\",\"valueRequired\":true,\"valueName\":\"search_term_string\"}}],\"inLanguage\":\"tr-TR\"},{\"@type\":\"Organization\",\"@id\":\"https:\/\/seanop.com.tr\/#organization\",\"name\":\"Seanop\",\"url\":\"https:\/\/seanop.com.tr\/\",\"logo\":{\"@type\":\"ImageObject\",\"inLanguage\":\"tr-TR\",\"@id\":\"https:\/\/seanop.com.tr\/#\/schema\/logo\/image\/\",\"url\":\"https:\/\/seanop.com.tr\/wp-content\/uploads\/2024\/11\/seanop-logo.png\",\"contentUrl\":\"https:\/\/seanop.com.tr\/wp-content\/uploads\/2024\/11\/seanop-logo.png\",\"width\":568,\"height\":129,\"caption\":\"Seanop\"},\"image\":{\"@id\":\"https:\/\/seanop.com.tr\/#\/schema\/logo\/image\/\"}}]}<\/script>\n<!-- \/ Yoast SEO plugin. -->","yoast_head_json":{"title":"De\u011fer Zincirimiz","robots":{"index":"index","follow":"follow","max-snippet":"max-snippet:-1","max-image-preview":"max-image-preview:large","max-video-preview":"max-video-preview:-1"},"canonical":"https:\/\/seanop.com.tr\/tr_tr\/deger-zincirimiz\/","og_locale":"tr_TR","og_type":"article","og_title":"[:tr]De\u011fer Zincirimiz[:en]Our Value Chain[:] - Seanop","og_description":"De\u011fer Zincirimiz Mu\u0308s\u0327teri memnuniyetini ve c\u0327evreye duyarl\u0131l\u0131g\u0306\u0131 o\u0308n planda tutuyoruz Deg\u0306er Zincirimiz S\u0327irketimiz, su u\u0308ru\u0308nleri sekto\u0308ru\u0308nde uc\u0327tan uca c\u0327o\u0308zu\u0308mler sunarak...","og_url":"https:\/\/seanop.com.tr\/tr_tr\/deger-zincirimiz\/","og_site_name":"Seanop","article_modified_time":"2025-05-25T12:19:10+00:00","og_image":[{"width":1600,"height":1066,"url":"https:\/\/seanop.com.tr\/wp-content\/uploads\/2025\/03\/image.jpeg","type":"image\/jpeg"}],"twitter_card":"summary_large_image","twitter_misc":{"Tahmini okuma s\u00fcresi":"2 dakika"},"schema":{"@context":"https:\/\/schema.org","@graph":[{"@type":"WebPage","@id":"https:\/\/seanop.com.tr\/deger-zincirimiz\/","url":"https:\/\/seanop.com.tr\/deger-zincirimiz\/","name":"De\u011fer Zincirimiz","isPartOf":{"@id":"https:\/\/seanop.com.tr\/#website"},"primaryImageOfPage":{"@id":"https:\/\/seanop.com.tr\/deger-zincirimiz\/#primaryimage"},"image":{"@id":"https:\/\/seanop.com.tr\/deger-zincirimiz\/#primaryimage"},"thumbnailUrl":"https:\/\/seanop.com.tr\/wp-content\/uploads\/2025\/03\/image-1024x682.jpeg","datePublished":"2025-03-01T11:16:05+00:00","dateModified":"2025-05-25T12:19:10+00:00","breadcrumb":{"@id":"https:\/\/seanop.com.tr\/deger-zincirimiz\/#breadcrumb"},"inLanguage":"tr-TR","potentialAction":[{"@type":"ReadAction","target":["https:\/\/seanop.com.tr\/deger-zincirimiz\/"]}]},{"@type":"ImageObject","inLanguage":"tr-TR","@id":"https:\/\/seanop.com.tr\/deger-zincirimiz\/#primaryimage","url":"https:\/\/seanop.com.tr\/wp-content\/uploads\/2025\/03\/image-1024x682.jpeg","contentUrl":"https:\/\/seanop.com.tr\/wp-content\/uploads\/2025\/03\/image-1024x682.jpeg"},{"@type":"BreadcrumbList","@id":"https:\/\/seanop.com.tr\/deger-zincirimiz\/#breadcrumb","itemListElement":[{"@type":"ListItem","position":1,"name":"Anasayfa","item":"https:\/\/seanop.com.tr\/"},{"@type":"ListItem","position":2,"name":"De\u011fer Zincirimiz"}]},{"@type":"WebSite","@id":"https:\/\/seanop.com.tr\/#website","url":"https:\/\/seanop.com.tr\/","name":"Seanop","description":"","publisher":{"@id":"https:\/\/seanop.com.tr\/#organization"},"potentialAction":[{"@type":"SearchAction","target":{"@type":"EntryPoint","urlTemplate":"https:\/\/seanop.com.tr\/?s={search_term_string}"},"query-input":{"@type":"PropertyValueSpecification","valueRequired":true,"valueName":"search_term_string"}}],"inLanguage":"tr-TR"},{"@type":"Organization","@id":"https:\/\/seanop.com.tr\/#organization","name":"Seanop","url":"https:\/\/seanop.com.tr\/","logo":{"@type":"ImageObject","inLanguage":"tr-TR","@id":"https:\/\/seanop.com.tr\/#\/schema\/logo\/image\/","url":"https:\/\/seanop.com.tr\/wp-content\/uploads\/2024\/11\/seanop-logo.png","contentUrl":"https:\/\/seanop.com.tr\/wp-content\/uploads\/2024\/11\/seanop-logo.png","width":568,"height":129,"caption":"Seanop"},"image":{"@id":"https:\/\/seanop.com.tr\/#\/schema\/logo\/image\/"}}]}},"_links":{"self":[{"href":"https:\/\/seanop.com.tr\/tr_tr\/wp-json\/wp\/v2\/pages\/7084","targetHints":{"allow":["GET"]}}],"collection":[{"href":"https:\/\/seanop.com.tr\/tr_tr\/wp-json\/wp\/v2\/pages"}],"about":[{"href":"https:\/\/seanop.com.tr\/tr_tr\/wp-json\/wp\/v2\/types\/page"}],"author":[{"embeddable":true,"href":"https:\/\/seanop.com.tr\/tr_tr\/wp-json\/wp\/v2\/users\/1"}],"replies":[{"embeddable":true,"href":"https:\/\/seanop.com.tr\/tr_tr\/wp-json\/wp\/v2\/comments?post=7084"}],"version-history":[{"count":39,"href":"https:\/\/seanop.com.tr\/tr_tr\/wp-json\/wp\/v2\/pages\/7084\/revisions"}],"predecessor-version":[{"id":7236,"href":"https:\/\/seanop.com.tr\/tr_tr\/wp-json\/wp\/v2\/pages\/7084\/revisions\/7236"}],"wp:attachment":[{"href":"https:\/\/seanop.com.tr\/tr_tr\/wp-json\/wp\/v2\/media?parent=7084"}],"curies":[{"name":"wp","href":"https:\/\/api.w.org\/{rel}","templated":true}]}}