{"id":6680,"date":"2024-11-14T22:19:53","date_gmt":"2024-11-14T19:19:53","guid":{"rendered":"https:\/\/seanop.com.tr\/?page_id=6680"},"modified":"2025-05-22T00:26:47","modified_gmt":"2025-05-21T21:26:47","slug":"iso-220002005-gida-guvenligi-yonetim-sistemi","status":"publish","type":"page","link":"https:\/\/seanop.com.tr\/tr_tr\/iso-220002005-gida-guvenligi-yonetim-sistemi\/","title":{"rendered":"ISO 22000:2005 G\u0131da G\u00fcvenli\u011fi Y\u00f6netim Sistemi"},"content":{"rendered":"\t\t<div data-elementor-type=\"wp-page\" data-elementor-id=\"6680\" class=\"elementor elementor-6680\" data-elementor-post-type=\"page\">\n\t\t\t\t\t\t<section class=\"elementor-section elementor-top-section elementor-element elementor-element-cb05707 elementor-section-stretched elementor-section-boxed elementor-section-height-default elementor-section-height-default jltma-glass-effect-no\" data-id=\"cb05707\" data-element_type=\"section\" data-settings=\"{&quot;stretch_section&quot;:&quot;section-stretched&quot;}\">\n\t\t\t\t\t\t<div class=\"elementor-container elementor-column-gap-no\">\n\t\t\t\t\t<div class=\"elementor-column elementor-col-50 elementor-top-column elementor-element elementor-element-fe2e61c jltma-glass-effect-no\" data-id=\"fe2e61c\" data-element_type=\"column\">\n\t\t\t<div class=\"elementor-widget-wrap elementor-element-populated\">\n\t\t\t\t\t\t<section class=\"elementor-section elementor-inner-section elementor-element elementor-element-1f140abe elementor-section-full_width elementor-section-height-default elementor-section-height-default jltma-glass-effect-no\" data-id=\"1f140abe\" data-element_type=\"section\">\n\t\t\t\t\t\t<div class=\"elementor-container elementor-column-gap-default\">\n\t\t\t\t\t<div class=\"elementor-column elementor-col-100 elementor-inner-column elementor-element elementor-element-343e866b jltma-glass-effect-no\" data-id=\"343e866b\" data-element_type=\"column\">\n\t\t\t<div class=\"elementor-widget-wrap elementor-element-populated\">\n\t\t\t\t\t\t<div class=\"elementor-element elementor-element-637dcd25 elementor-widget__width-inherit elementor-absolute jltma-glass-effect-no elementor-widget elementor-widget-heading\" data-id=\"637dcd25\" data-element_type=\"widget\" data-settings=\"{&quot;_position&quot;:&quot;absolute&quot;}\" data-widget_type=\"heading.default\">\n\t\t\t\t<div class=\"elementor-widget-container\">\n\t\t\t\t\t<h2 class=\"elementor-heading-title elementor-size-default\">ISO 22000:2005<\/h2>\t\t\t\t<\/div>\n\t\t\t\t<\/div>\n\t\t\t\t\t<\/div>\n\t\t<\/div>\n\t\t\t\t\t<\/div>\n\t\t<\/section>\n\t\t\t\t<div class=\"elementor-element elementor-element-15a0917f elementor-widget__width-initial jltma-glass-effect-no elementor-widget elementor-widget-heading\" data-id=\"15a0917f\" data-element_type=\"widget\" data-no-translation=\"\" data-widget_type=\"heading.default\">\n\t\t\t\t<div class=\"elementor-widget-container\">\n\t\t\t\t\t<h1 class=\"elementor-heading-title elementor-size-default\">G\u0131da G\u00fcvenli\u011fi Y\u00f6netim Sistemi<\/h1>\t\t\t\t<\/div>\n\t\t\t\t<\/div>\n\t\t\t\t<div class=\"elementor-element elementor-element-7c6e6c6 elementor-widget__width-initial jltma-glass-effect-no elementor-widget elementor-widget-heading\" data-id=\"7c6e6c6\" data-element_type=\"widget\" data-no-translation=\"\" data-widget_type=\"heading.default\">\n\t\t\t\t<div class=\"elementor-widget-container\">\n\t\t\t\t\t<style>.elementor-element-7c6e6c6{display:none !important}<\/style>\t\t\t\t<\/div>\n\t\t\t\t<\/div>\n\t\t\t\t\t<\/div>\n\t\t<\/div>\n\t\t\t\t<div class=\"elementor-column elementor-col-50 elementor-top-column elementor-element elementor-element-2211093d jltma-glass-effect-no\" data-id=\"2211093d\" data-element_type=\"column\">\n\t\t\t<div class=\"elementor-widget-wrap elementor-element-populated\">\n\t\t\t\t\t\t<div class=\"elementor-element elementor-element-594c75c elementor-widget__width-initial jltma-glass-effect-no elementor-widget elementor-widget-text-editor\" data-id=\"594c75c\" data-element_type=\"widget\" data-no-translation=\"\" data-widget_type=\"text-editor.default\">\n\t\t\t\t<div class=\"elementor-widget-container\">\n\t\t\t\t\t\t\t\t\t<p>Ya\u015fam\u0131m\u0131z\u0131 s\u00fcrd\u00fcrebilmemiz ad\u0131na gerekli olan temel ihtiyac\u0131m\u0131z \u015f\u00fcphesiz ki g\u0131dad\u0131r. En temel ihtiyac\u0131m\u0131z olan g\u0131day\u0131 g\u00fcvenli t\u00fcketmek ise ka\u00e7\u0131n\u0131lmaz bir ihtiya\u00e7t\u0131r.<\/p><p>ISO 22000 G\u0131da zincirinde yer alan kurulu\u015flar\u0131n, g\u0131dan\u0131n t\u00fcketim an\u0131nda g\u00fcvenli olmas\u0131n\u0131 sa\u011flamak ve g\u0131da g\u00fcvenli\u011fine y\u00f6nelik olan tehditleri kontrol alt\u0131na almak i\u00e7in gerekli \u015fartlar\u0131 kapsayan bir y\u00f6netim sistemi standard\u0131d\u0131r.<\/p><p>Uluslararas\u0131 Standart \u00d6rg\u00fct\u00fc taraf\u0131ndan 01 Eyl\u00fcl 2005 tarihinde yay\u0131nlanan ISO 22000:2005 standard\u0131 G\u0131da G\u00fcvenli\u011fi y\u00f6netim sistemi olarak yay\u0131nlanan ilk uluslararas\u0131 standartt\u0131r.<\/p><p>ISO 22000 Standard\u0131n\u0131n temel yakla\u015f\u0131mlar\u0131ndan en \u00f6nemlisi HACCP tir. (Hazard Analysis and Critical Control Points \u2013 Tehlike Analizleri ve Kritik Kontrol Noktalar\u0131)\u00a0 G\u0131da zincirinde olu\u015fmas\u0131 muhtemel tehlikelerin tespit edilerek \u00f6nlenebilmesi, kabul edilebilir s\u0131n\u0131rlara indirilebilmesi, yada ortadan kald\u0131r\u0131labilmesi amac\u0131yla kontrol uygulan\u0131labilen bir noktad\u0131r.<\/p>\t\t\t\t\t\t\t\t<\/div>\n\t\t\t\t<\/div>\n\t\t\t\t<div class=\"elementor-element elementor-element-26498de elementor-widget__width-initial jltma-glass-effect-no elementor-widget elementor-widget-text-editor\" data-id=\"26498de\" data-element_type=\"widget\" data-no-translation=\"\" data-widget_type=\"text-editor.default\">\n\t\t\t\t<div class=\"elementor-widget-container\">\n\t\t\t\t\t<style>.elementor-element-26498de{display:none !important}<\/style>\t\t\t\t<\/div>\n\t\t\t\t<\/div>\n\t\t\t\t\t<\/div>\n\t\t<\/div>\n\t\t\t\t\t<\/div>\n\t\t<\/section>\n\t\t\t\t<\/div>\n\t\t","protected":false},"excerpt":{"rendered":"<p>ISO 22000:2005 G\u0131da G\u00fcvenli\u011fi Y\u00f6netim Sistemi Ya\u015fam\u0131m\u0131z\u0131 s\u00fcrd\u00fcrebilmemiz ad\u0131na gerekli olan temel ihtiyac\u0131m\u0131z \u015f\u00fcphesiz ki g\u0131dad\u0131r. En temel ihtiyac\u0131m\u0131z olan<span class=\"more-dots\">&#8230;<\/span><\/p>\n","protected":false},"author":1,"featured_media":0,"parent":0,"menu_order":0,"comment_status":"closed","ping_status":"closed","template":"page-templates\/full-width.php","meta":{"footnotes":""},"class_list":["post-6680","page","type-page","status-publish","hentry"],"yoast_head":"<!-- This site is optimized with the Yoast SEO plugin v26.1.1 - https:\/\/yoast.com\/wordpress\/plugins\/seo\/ -->\n<title>ISO 22000:2005 G\u0131da G\u00fcvenli\u011fi Y\u00f6netim Sistemi<\/title>\n<meta name=\"robots\" content=\"index, follow, max-snippet:-1, max-image-preview:large, max-video-preview:-1\" \/>\n<link rel=\"canonical\" href=\"https:\/\/seanop.com.tr\/tr_tr\/iso-220002005-gida-guvenligi-yonetim-sistemi\/\" \/>\n<meta property=\"og:locale\" content=\"tr_TR\" \/>\n<meta property=\"og:locale:alternate\" content=\"en_US\" \/>\n<meta property=\"og:type\" content=\"article\" \/>\n<meta property=\"og:title\" content=\"ISO 22000:2005 G\u0131da G\u00fcvenli\u011fi Y\u00f6netim Sistemi\" \/>\n<meta property=\"og:description\" content=\"ISO 22000:2005 G\u0131da G\u00fcvenli\u011fi Y\u00f6netim Sistemi Ya\u015fam\u0131m\u0131z\u0131 s\u00fcrd\u00fcrebilmemiz ad\u0131na gerekli olan temel ihtiyac\u0131m\u0131z \u015f\u00fcphesiz ki g\u0131dad\u0131r. En temel ihtiyac\u0131m\u0131z olan...\" \/>\n<meta property=\"og:url\" content=\"https:\/\/seanop.com.tr\/tr_tr\/iso-220002005-gida-guvenligi-yonetim-sistemi\/\" \/>\n<meta property=\"og:site_name\" content=\"Seanop\" \/>\n<meta property=\"article:modified_time\" content=\"2025-05-21T21:26:47+00:00\" \/>\n<meta name=\"twitter:card\" content=\"summary_large_image\" \/>\n<meta name=\"twitter:label1\" content=\"Tahmini okuma s\u00fcresi\" \/>\n\t<meta name=\"twitter:data1\" content=\"2 dakika\" \/>\n<script type=\"application\/ld+json\" class=\"yoast-schema-graph\">{\"@context\":\"https:\/\/schema.org\",\"@graph\":[{\"@type\":\"WebPage\",\"@id\":\"https:\/\/seanop.com.tr\/en\/iso-220002005-gida-guvenligi-yonetim-sistemi\/\",\"url\":\"https:\/\/seanop.com.tr\/en\/iso-220002005-gida-guvenligi-yonetim-sistemi\/\",\"name\":\"ISO 22000:2005 G\u0131da G\u00fcvenli\u011fi Y\u00f6netim Sistemi\",\"isPartOf\":{\"@id\":\"https:\/\/seanop.com.tr\/#website\"},\"datePublished\":\"2024-11-14T19:19:53+00:00\",\"dateModified\":\"2025-05-21T21:26:47+00:00\",\"breadcrumb\":{\"@id\":\"https:\/\/seanop.com.tr\/en\/iso-220002005-gida-guvenligi-yonetim-sistemi\/#breadcrumb\"},\"inLanguage\":\"tr-TR\",\"potentialAction\":[{\"@type\":\"ReadAction\",\"target\":[\"https:\/\/seanop.com.tr\/en\/iso-220002005-gida-guvenligi-yonetim-sistemi\/\"]}]},{\"@type\":\"BreadcrumbList\",\"@id\":\"https:\/\/seanop.com.tr\/en\/iso-220002005-gida-guvenligi-yonetim-sistemi\/#breadcrumb\",\"itemListElement\":[{\"@type\":\"ListItem\",\"position\":1,\"name\":\"Anasayfa\",\"item\":\"https:\/\/seanop.com.tr\/\"},{\"@type\":\"ListItem\",\"position\":2,\"name\":\"ISO 22000:2005 Food Safety Management System\"}]},{\"@type\":\"WebSite\",\"@id\":\"https:\/\/seanop.com.tr\/#website\",\"url\":\"https:\/\/seanop.com.tr\/\",\"name\":\"Seanop\",\"description\":\"\",\"publisher\":{\"@id\":\"https:\/\/seanop.com.tr\/#organization\"},\"potentialAction\":[{\"@type\":\"SearchAction\",\"target\":{\"@type\":\"EntryPoint\",\"urlTemplate\":\"https:\/\/seanop.com.tr\/?s={search_term_string}\"},\"query-input\":{\"@type\":\"PropertyValueSpecification\",\"valueRequired\":true,\"valueName\":\"search_term_string\"}}],\"inLanguage\":\"tr-TR\"},{\"@type\":\"Organization\",\"@id\":\"https:\/\/seanop.com.tr\/#organization\",\"name\":\"Seanop\",\"url\":\"https:\/\/seanop.com.tr\/\",\"logo\":{\"@type\":\"ImageObject\",\"inLanguage\":\"tr-TR\",\"@id\":\"https:\/\/seanop.com.tr\/#\/schema\/logo\/image\/\",\"url\":\"https:\/\/seanop.com.tr\/wp-content\/uploads\/2024\/11\/seanop-logo.png\",\"contentUrl\":\"https:\/\/seanop.com.tr\/wp-content\/uploads\/2024\/11\/seanop-logo.png\",\"width\":568,\"height\":129,\"caption\":\"Seanop\"},\"image\":{\"@id\":\"https:\/\/seanop.com.tr\/#\/schema\/logo\/image\/\"}}]}<\/script>\n<!-- \/ Yoast SEO plugin. -->","yoast_head_json":{"title":"ISO 22000:2005 G\u0131da G\u00fcvenli\u011fi Y\u00f6netim Sistemi","robots":{"index":"index","follow":"follow","max-snippet":"max-snippet:-1","max-image-preview":"max-image-preview:large","max-video-preview":"max-video-preview:-1"},"canonical":"https:\/\/seanop.com.tr\/tr_tr\/iso-220002005-gida-guvenligi-yonetim-sistemi\/","og_locale":"tr_TR","og_type":"article","og_title":"[:tr]ISO 22000:2005 G\u0131da G\u00fcvenli\u011fi Y\u00f6netim Sistemi[:en]ISO 22000:2005 Food Safety Management System[:] - Seanop","og_description":"ISO 22000:2005 G\u0131da G\u00fcvenli\u011fi Y\u00f6netim Sistemi Ya\u015fam\u0131m\u0131z\u0131 s\u00fcrd\u00fcrebilmemiz ad\u0131na gerekli olan temel ihtiyac\u0131m\u0131z \u015f\u00fcphesiz ki g\u0131dad\u0131r. En temel ihtiyac\u0131m\u0131z olan...","og_url":"https:\/\/seanop.com.tr\/tr_tr\/iso-220002005-gida-guvenligi-yonetim-sistemi\/","og_site_name":"Seanop","article_modified_time":"2025-05-21T21:26:47+00:00","twitter_card":"summary_large_image","twitter_misc":{"Tahmini okuma s\u00fcresi":"2 dakika"},"schema":{"@context":"https:\/\/schema.org","@graph":[{"@type":"WebPage","@id":"https:\/\/seanop.com.tr\/en\/iso-220002005-gida-guvenligi-yonetim-sistemi\/","url":"https:\/\/seanop.com.tr\/en\/iso-220002005-gida-guvenligi-yonetim-sistemi\/","name":"ISO 22000:2005 G\u0131da G\u00fcvenli\u011fi Y\u00f6netim Sistemi","isPartOf":{"@id":"https:\/\/seanop.com.tr\/#website"},"datePublished":"2024-11-14T19:19:53+00:00","dateModified":"2025-05-21T21:26:47+00:00","breadcrumb":{"@id":"https:\/\/seanop.com.tr\/en\/iso-220002005-gida-guvenligi-yonetim-sistemi\/#breadcrumb"},"inLanguage":"tr-TR","potentialAction":[{"@type":"ReadAction","target":["https:\/\/seanop.com.tr\/en\/iso-220002005-gida-guvenligi-yonetim-sistemi\/"]}]},{"@type":"BreadcrumbList","@id":"https:\/\/seanop.com.tr\/en\/iso-220002005-gida-guvenligi-yonetim-sistemi\/#breadcrumb","itemListElement":[{"@type":"ListItem","position":1,"name":"Anasayfa","item":"https:\/\/seanop.com.tr\/"},{"@type":"ListItem","position":2,"name":"ISO 22000:2005 Food Safety Management System"}]},{"@type":"WebSite","@id":"https:\/\/seanop.com.tr\/#website","url":"https:\/\/seanop.com.tr\/","name":"Seanop","description":"","publisher":{"@id":"https:\/\/seanop.com.tr\/#organization"},"potentialAction":[{"@type":"SearchAction","target":{"@type":"EntryPoint","urlTemplate":"https:\/\/seanop.com.tr\/?s={search_term_string}"},"query-input":{"@type":"PropertyValueSpecification","valueRequired":true,"valueName":"search_term_string"}}],"inLanguage":"tr-TR"},{"@type":"Organization","@id":"https:\/\/seanop.com.tr\/#organization","name":"Seanop","url":"https:\/\/seanop.com.tr\/","logo":{"@type":"ImageObject","inLanguage":"tr-TR","@id":"https:\/\/seanop.com.tr\/#\/schema\/logo\/image\/","url":"https:\/\/seanop.com.tr\/wp-content\/uploads\/2024\/11\/seanop-logo.png","contentUrl":"https:\/\/seanop.com.tr\/wp-content\/uploads\/2024\/11\/seanop-logo.png","width":568,"height":129,"caption":"Seanop"},"image":{"@id":"https:\/\/seanop.com.tr\/#\/schema\/logo\/image\/"}}]}},"_links":{"self":[{"href":"https:\/\/seanop.com.tr\/tr_tr\/wp-json\/wp\/v2\/pages\/6680","targetHints":{"allow":["GET"]}}],"collection":[{"href":"https:\/\/seanop.com.tr\/tr_tr\/wp-json\/wp\/v2\/pages"}],"about":[{"href":"https:\/\/seanop.com.tr\/tr_tr\/wp-json\/wp\/v2\/types\/page"}],"author":[{"embeddable":true,"href":"https:\/\/seanop.com.tr\/tr_tr\/wp-json\/wp\/v2\/users\/1"}],"replies":[{"embeddable":true,"href":"https:\/\/seanop.com.tr\/tr_tr\/wp-json\/wp\/v2\/comments?post=6680"}],"version-history":[{"count":10,"href":"https:\/\/seanop.com.tr\/tr_tr\/wp-json\/wp\/v2\/pages\/6680\/revisions"}],"predecessor-version":[{"id":7261,"href":"https:\/\/seanop.com.tr\/tr_tr\/wp-json\/wp\/v2\/pages\/6680\/revisions\/7261"}],"wp:attachment":[{"href":"https:\/\/seanop.com.tr\/tr_tr\/wp-json\/wp\/v2\/media?parent=6680"}],"curies":[{"name":"wp","href":"https:\/\/api.w.org\/{rel}","templated":true}]}}