{"id":6676,"date":"2024-11-14T21:31:31","date_gmt":"2024-11-14T18:31:31","guid":{"rendered":"https:\/\/seanop.com.tr\/?page_id=6676"},"modified":"2025-05-22T00:21:50","modified_gmt":"2025-05-21T21:21:50","slug":"iso-90012015-kalite-yonetim-sistemi","status":"publish","type":"page","link":"https:\/\/seanop.com.tr\/tr_tr\/iso-90012015-kalite-yonetim-sistemi\/","title":{"rendered":"ISO 9001:2015 \u2013 Kalite Y\u00f6netim Sistemi"},"content":{"rendered":"\t\t<div data-elementor-type=\"wp-page\" data-elementor-id=\"6676\" class=\"elementor elementor-6676\" data-elementor-post-type=\"page\">\n\t\t\t\t\t\t<section class=\"elementor-section elementor-top-section elementor-element elementor-element-cb05707 elementor-section-stretched elementor-section-boxed elementor-section-height-default elementor-section-height-default jltma-glass-effect-no\" data-id=\"cb05707\" data-element_type=\"section\" data-settings=\"{&quot;stretch_section&quot;:&quot;section-stretched&quot;}\">\n\t\t\t\t\t\t<div class=\"elementor-container elementor-column-gap-no\">\n\t\t\t\t\t<div class=\"elementor-column elementor-col-50 elementor-top-column elementor-element elementor-element-fe2e61c jltma-glass-effect-no\" data-id=\"fe2e61c\" data-element_type=\"column\">\n\t\t\t<div class=\"elementor-widget-wrap elementor-element-populated\">\n\t\t\t\t\t\t<section class=\"elementor-section elementor-inner-section elementor-element elementor-element-1f140abe elementor-section-full_width elementor-section-height-default elementor-section-height-default jltma-glass-effect-no\" data-id=\"1f140abe\" data-element_type=\"section\">\n\t\t\t\t\t\t<div class=\"elementor-container elementor-column-gap-default\">\n\t\t\t\t\t<div class=\"elementor-column elementor-col-100 elementor-inner-column elementor-element elementor-element-343e866b jltma-glass-effect-no\" data-id=\"343e866b\" data-element_type=\"column\">\n\t\t\t<div class=\"elementor-widget-wrap elementor-element-populated\">\n\t\t\t\t\t\t<div class=\"elementor-element elementor-element-637dcd25 elementor-widget__width-inherit elementor-absolute jltma-glass-effect-no elementor-widget elementor-widget-heading\" data-id=\"637dcd25\" data-element_type=\"widget\" data-settings=\"{&quot;_position&quot;:&quot;absolute&quot;}\" data-widget_type=\"heading.default\">\n\t\t\t\t<div class=\"elementor-widget-container\">\n\t\t\t\t\t<h2 class=\"elementor-heading-title elementor-size-default\">ISO 9001:2015<\/h2>\t\t\t\t<\/div>\n\t\t\t\t<\/div>\n\t\t\t\t\t<\/div>\n\t\t<\/div>\n\t\t\t\t\t<\/div>\n\t\t<\/section>\n\t\t\t\t<div class=\"elementor-element elementor-element-15a0917f elementor-widget__width-initial jltma-glass-effect-no elementor-widget elementor-widget-heading\" data-id=\"15a0917f\" data-element_type=\"widget\" data-no-translation=\"\" data-widget_type=\"heading.default\">\n\t\t\t\t<div class=\"elementor-widget-container\">\n\t\t\t\t\t<h1 class=\"elementor-heading-title elementor-size-default\">Kalite Y\u00f6netim Sistemi<\/h1>\t\t\t\t<\/div>\n\t\t\t\t<\/div>\n\t\t\t\t<div class=\"elementor-element elementor-element-5e71833 elementor-widget__width-initial jltma-glass-effect-no elementor-widget elementor-widget-heading\" data-id=\"5e71833\" data-element_type=\"widget\" data-no-translation=\"\" data-widget_type=\"heading.default\">\n\t\t\t\t<div class=\"elementor-widget-container\">\n\t\t\t\t\t<style>.elementor-element-5e71833{display:none !important}<\/style>\t\t\t\t<\/div>\n\t\t\t\t<\/div>\n\t\t\t\t\t<\/div>\n\t\t<\/div>\n\t\t\t\t<div class=\"elementor-column elementor-col-50 elementor-top-column elementor-element elementor-element-2211093d jltma-glass-effect-no\" data-id=\"2211093d\" data-element_type=\"column\">\n\t\t\t<div class=\"elementor-widget-wrap elementor-element-populated\">\n\t\t\t\t\t\t<div class=\"elementor-element elementor-element-594c75c elementor-widget__width-initial jltma-glass-effect-no elementor-widget elementor-widget-text-editor\" data-id=\"594c75c\" data-element_type=\"widget\" data-no-translation=\"\" data-widget_type=\"text-editor.default\">\n\t\t\t\t<div class=\"elementor-widget-container\">\n\t\t\t\t\t\t\t\t\t<p>SO 9000 standart serisi Uluslararas\u0131 Standartlar Organizasyonu (International Organization for Standardization (ISO)) taraf\u0131ndan 1987 y\u0131l\u0131nda Uluslararas\u0131 Standart olarak haz\u0131rlanm\u0131\u015f 1994,2000 ve 2008&#8217;de revize edilmi\u015ftir. Standartlar\u0131 her be\u015f y\u0131lda bir g\u00f6zden ge\u00e7irerek g\u00fcn\u00fcn ko\u015fullar\u0131na g\u00f6re revize etmek ilkesi ile \u00e7al\u0131\u015fmalar\u0131 tamamlanan 2015 revizyonu y\u00fcr\u00fcrl\u00fc\u011fe girmi\u015ftir.<\/p><p>ISO 9001:2015 revizyonunun temel nedeni kurulu\u015flar\u0131n faaliyetlerine katma de\u011fer kazand\u0131rma ve performans\u0131 s\u00fcrekli art\u0131rma olana\u011f\u0131 sa\u011flamakt\u0131r. M\u00fc\u015fteri odakl\u0131l\u0131k, liderlik, \u00e7al\u0131\u015fanlar\u0131n kat\u0131l\u0131m\u0131, s\u00fcre\u00e7 yakla\u015f\u0131m\u0131, iyile\u015ftirme, kan\u0131ta dayal\u0131 karar verme ve ili\u015fkilerin y\u00f6netimi prensipleri esas al\u0131narak haz\u0131rlanan\u00a0 ISO 9001:2015 Kalite Y\u00f6netim Sistemi Standard\u0131, m\u00fc\u015fteri memnuniyeti ve ge\u00e7erli yasal \u015fartlar\u0131n\u00a0 sa\u011flanmas\u0131 i\u00e7in \u015fartlar\u0131 tan\u0131mlamaktad\u0131r.<\/p><p>M\u00fc\u015fteri memnuniyetini izlemek, dok\u00fcmantasyondan \u00e7ok uygulamaya ve performansa \u00f6nem veren bir yap\u0131 olu\u015fturmak, genel y\u00f6netim sistem prensiplerini desteklemek ve y\u00f6netim sistemlerinin entegrasyonunu kolayla\u015ft\u0131rmak(bu kapsamda;t\u00fcm y\u00f6netim sitemleri i\u00e7in ortak bir y\u00fcksek seviye yap\u0131 olu\u015fturulmu\u015ftur), risk bazl\u0131 d\u00fc\u015f\u00fcnmek,s\u00fcre\u00e7 yakla\u015f\u0131m\u0131n\u0131 esas almak, her birim ve seviyede \u00f6l\u00e7\u00fclebilir, kalite hedefleri belirlenmesini ve kalite hedeflerine ula\u015fmak i\u00e7in s\u00fcrekli iyile\u015ftirmeyi sa\u011flayacak kalite planlamas\u0131n\u0131n yap\u0131lmas\u0131n\u0131 sa\u011flamak standard\u0131n temel \u00f6zellikleridir. Standart t\u00fcm \u00fcr\u00fcn kategorileri, t\u00fcm sekt\u00f6rler ve her b\u00fcy\u00fckl\u00fckte kurulu\u015fa uygulanabilir olup; hizmet sekt\u00f6r\u00fc taraf\u0131ndan da daha kolay uygulanabilecek bir terminoloji i\u00e7ermektedir.<\/p>\t\t\t\t\t\t\t\t<\/div>\n\t\t\t\t<\/div>\n\t\t\t\t<div class=\"elementor-element elementor-element-8240993 elementor-widget__width-initial jltma-glass-effect-no elementor-widget elementor-widget-text-editor\" data-id=\"8240993\" data-element_type=\"widget\" data-no-translation=\"\" data-widget_type=\"text-editor.default\">\n\t\t\t\t<div class=\"elementor-widget-container\">\n\t\t\t\t\t<style>.elementor-element-8240993{display:none !important}<\/style>\t\t\t\t<\/div>\n\t\t\t\t<\/div>\n\t\t\t\t\t<\/div>\n\t\t<\/div>\n\t\t\t\t\t<\/div>\n\t\t<\/section>\n\t\t\t\t<\/div>\n\t\t","protected":false},"excerpt":{"rendered":"<p>ISO 9001:2015 Kalite Y\u00f6netim Sistemi SO 9000 standart serisi Uluslararas\u0131 Standartlar Organizasyonu (International Organization for Standardization (ISO)) taraf\u0131ndan 1987 y\u0131l\u0131nda<span class=\"more-dots\">&#8230;<\/span><\/p>\n","protected":false},"author":1,"featured_media":0,"parent":0,"menu_order":0,"comment_status":"closed","ping_status":"closed","template":"page-templates\/full-width.php","meta":{"footnotes":""},"class_list":["post-6676","page","type-page","status-publish","hentry"],"yoast_head":"<!-- This site is optimized with the Yoast SEO plugin v26.1.1 - https:\/\/yoast.com\/wordpress\/plugins\/seo\/ -->\n<title>ISO 9001:2015 \u2013 Kalite Y\u00f6netim Sistemi<\/title>\n<meta name=\"robots\" content=\"index, follow, max-snippet:-1, max-image-preview:large, max-video-preview:-1\" \/>\n<link rel=\"canonical\" href=\"https:\/\/seanop.com.tr\/tr_tr\/iso-90012015-kalite-yonetim-sistemi\/\" \/>\n<meta property=\"og:locale\" content=\"tr_TR\" \/>\n<meta property=\"og:locale:alternate\" content=\"en_US\" \/>\n<meta property=\"og:type\" content=\"article\" \/>\n<meta property=\"og:title\" content=\"ISO 9001:2015 \u2013 Kalite Y\u00f6netim Sistemi\" \/>\n<meta property=\"og:description\" content=\"ISO 9001:2015 Kalite Y\u00f6netim Sistemi SO 9000 standart serisi Uluslararas\u0131 Standartlar Organizasyonu (International Organization for Standardization (ISO)) taraf\u0131ndan 1987 y\u0131l\u0131nda...\" \/>\n<meta property=\"og:url\" content=\"https:\/\/seanop.com.tr\/tr_tr\/iso-90012015-kalite-yonetim-sistemi\/\" \/>\n<meta property=\"og:site_name\" content=\"Seanop\" \/>\n<meta property=\"article:modified_time\" content=\"2025-05-21T21:21:50+00:00\" \/>\n<meta name=\"twitter:card\" content=\"summary_large_image\" \/>\n<meta name=\"twitter:label1\" content=\"Tahmini okuma s\u00fcresi\" \/>\n\t<meta name=\"twitter:data1\" content=\"3 dakika\" \/>\n<script type=\"application\/ld+json\" class=\"yoast-schema-graph\">{\"@context\":\"https:\/\/schema.org\",\"@graph\":[{\"@type\":\"WebPage\",\"@id\":\"https:\/\/seanop.com.tr\/en\/iso-90012015-kalite-yonetim-sistemi\/\",\"url\":\"https:\/\/seanop.com.tr\/en\/iso-90012015-kalite-yonetim-sistemi\/\",\"name\":\"ISO 9001:2015 \u2013 Kalite Y\u00f6netim Sistemi\",\"isPartOf\":{\"@id\":\"https:\/\/seanop.com.tr\/#website\"},\"datePublished\":\"2024-11-14T18:31:31+00:00\",\"dateModified\":\"2025-05-21T21:21:50+00:00\",\"breadcrumb\":{\"@id\":\"https:\/\/seanop.com.tr\/en\/iso-90012015-kalite-yonetim-sistemi\/#breadcrumb\"},\"inLanguage\":\"tr-TR\",\"potentialAction\":[{\"@type\":\"ReadAction\",\"target\":[\"https:\/\/seanop.com.tr\/en\/iso-90012015-kalite-yonetim-sistemi\/\"]}]},{\"@type\":\"BreadcrumbList\",\"@id\":\"https:\/\/seanop.com.tr\/en\/iso-90012015-kalite-yonetim-sistemi\/#breadcrumb\",\"itemListElement\":[{\"@type\":\"ListItem\",\"position\":1,\"name\":\"Anasayfa\",\"item\":\"https:\/\/seanop.com.tr\/\"},{\"@type\":\"ListItem\",\"position\":2,\"name\":\"ISO 9001:2015 &#8211; Quality Management System\"}]},{\"@type\":\"WebSite\",\"@id\":\"https:\/\/seanop.com.tr\/#website\",\"url\":\"https:\/\/seanop.com.tr\/\",\"name\":\"Seanop\",\"description\":\"\",\"publisher\":{\"@id\":\"https:\/\/seanop.com.tr\/#organization\"},\"potentialAction\":[{\"@type\":\"SearchAction\",\"target\":{\"@type\":\"EntryPoint\",\"urlTemplate\":\"https:\/\/seanop.com.tr\/?s={search_term_string}\"},\"query-input\":{\"@type\":\"PropertyValueSpecification\",\"valueRequired\":true,\"valueName\":\"search_term_string\"}}],\"inLanguage\":\"tr-TR\"},{\"@type\":\"Organization\",\"@id\":\"https:\/\/seanop.com.tr\/#organization\",\"name\":\"Seanop\",\"url\":\"https:\/\/seanop.com.tr\/\",\"logo\":{\"@type\":\"ImageObject\",\"inLanguage\":\"tr-TR\",\"@id\":\"https:\/\/seanop.com.tr\/#\/schema\/logo\/image\/\",\"url\":\"https:\/\/seanop.com.tr\/wp-content\/uploads\/2024\/11\/seanop-logo.png\",\"contentUrl\":\"https:\/\/seanop.com.tr\/wp-content\/uploads\/2024\/11\/seanop-logo.png\",\"width\":568,\"height\":129,\"caption\":\"Seanop\"},\"image\":{\"@id\":\"https:\/\/seanop.com.tr\/#\/schema\/logo\/image\/\"}}]}<\/script>\n<!-- \/ Yoast SEO plugin. -->","yoast_head_json":{"title":"ISO 9001:2015 \u2013 Kalite Y\u00f6netim Sistemi","robots":{"index":"index","follow":"follow","max-snippet":"max-snippet:-1","max-image-preview":"max-image-preview:large","max-video-preview":"max-video-preview:-1"},"canonical":"https:\/\/seanop.com.tr\/tr_tr\/iso-90012015-kalite-yonetim-sistemi\/","og_locale":"tr_TR","og_type":"article","og_title":"[:tr]ISO 9001:2015 \u2013 Kalite Y\u00f6netim Sistemi[:en]ISO 9001:2015 - Quality Management System[:] - Seanop","og_description":"ISO 9001:2015 Kalite Y\u00f6netim Sistemi SO 9000 standart serisi Uluslararas\u0131 Standartlar Organizasyonu (International Organization for Standardization (ISO)) taraf\u0131ndan 1987 y\u0131l\u0131nda...","og_url":"https:\/\/seanop.com.tr\/tr_tr\/iso-90012015-kalite-yonetim-sistemi\/","og_site_name":"Seanop","article_modified_time":"2025-05-21T21:21:50+00:00","twitter_card":"summary_large_image","twitter_misc":{"Tahmini okuma s\u00fcresi":"3 dakika"},"schema":{"@context":"https:\/\/schema.org","@graph":[{"@type":"WebPage","@id":"https:\/\/seanop.com.tr\/en\/iso-90012015-kalite-yonetim-sistemi\/","url":"https:\/\/seanop.com.tr\/en\/iso-90012015-kalite-yonetim-sistemi\/","name":"ISO 9001:2015 \u2013 Kalite Y\u00f6netim Sistemi","isPartOf":{"@id":"https:\/\/seanop.com.tr\/#website"},"datePublished":"2024-11-14T18:31:31+00:00","dateModified":"2025-05-21T21:21:50+00:00","breadcrumb":{"@id":"https:\/\/seanop.com.tr\/en\/iso-90012015-kalite-yonetim-sistemi\/#breadcrumb"},"inLanguage":"tr-TR","potentialAction":[{"@type":"ReadAction","target":["https:\/\/seanop.com.tr\/en\/iso-90012015-kalite-yonetim-sistemi\/"]}]},{"@type":"BreadcrumbList","@id":"https:\/\/seanop.com.tr\/en\/iso-90012015-kalite-yonetim-sistemi\/#breadcrumb","itemListElement":[{"@type":"ListItem","position":1,"name":"Anasayfa","item":"https:\/\/seanop.com.tr\/"},{"@type":"ListItem","position":2,"name":"ISO 9001:2015 &#8211; Quality Management System"}]},{"@type":"WebSite","@id":"https:\/\/seanop.com.tr\/#website","url":"https:\/\/seanop.com.tr\/","name":"Seanop","description":"","publisher":{"@id":"https:\/\/seanop.com.tr\/#organization"},"potentialAction":[{"@type":"SearchAction","target":{"@type":"EntryPoint","urlTemplate":"https:\/\/seanop.com.tr\/?s={search_term_string}"},"query-input":{"@type":"PropertyValueSpecification","valueRequired":true,"valueName":"search_term_string"}}],"inLanguage":"tr-TR"},{"@type":"Organization","@id":"https:\/\/seanop.com.tr\/#organization","name":"Seanop","url":"https:\/\/seanop.com.tr\/","logo":{"@type":"ImageObject","inLanguage":"tr-TR","@id":"https:\/\/seanop.com.tr\/#\/schema\/logo\/image\/","url":"https:\/\/seanop.com.tr\/wp-content\/uploads\/2024\/11\/seanop-logo.png","contentUrl":"https:\/\/seanop.com.tr\/wp-content\/uploads\/2024\/11\/seanop-logo.png","width":568,"height":129,"caption":"Seanop"},"image":{"@id":"https:\/\/seanop.com.tr\/#\/schema\/logo\/image\/"}}]}},"_links":{"self":[{"href":"https:\/\/seanop.com.tr\/tr_tr\/wp-json\/wp\/v2\/pages\/6676","targetHints":{"allow":["GET"]}}],"collection":[{"href":"https:\/\/seanop.com.tr\/tr_tr\/wp-json\/wp\/v2\/pages"}],"about":[{"href":"https:\/\/seanop.com.tr\/tr_tr\/wp-json\/wp\/v2\/types\/page"}],"author":[{"embeddable":true,"href":"https:\/\/seanop.com.tr\/tr_tr\/wp-json\/wp\/v2\/users\/1"}],"replies":[{"embeddable":true,"href":"https:\/\/seanop.com.tr\/tr_tr\/wp-json\/wp\/v2\/comments?post=6676"}],"version-history":[{"count":7,"href":"https:\/\/seanop.com.tr\/tr_tr\/wp-json\/wp\/v2\/pages\/6676\/revisions"}],"predecessor-version":[{"id":7252,"href":"https:\/\/seanop.com.tr\/tr_tr\/wp-json\/wp\/v2\/pages\/6676\/revisions\/7252"}],"wp:attachment":[{"href":"https:\/\/seanop.com.tr\/tr_tr\/wp-json\/wp\/v2\/media?parent=6676"}],"curies":[{"name":"wp","href":"https:\/\/api.w.org\/{rel}","templated":true}]}}