{"id":6494,"date":"2024-11-13T01:07:47","date_gmt":"2024-11-12T22:07:47","guid":{"rendered":"http:\/\/seanop.com.tr\/?page_id=6494"},"modified":"2025-12-08T14:45:10","modified_gmt":"2025-12-08T11:45:10","slug":"duyurular","status":"publish","type":"page","link":"https:\/\/seanop.com.tr\/tr_tr\/duyurular\/","title":{"rendered":"Bas\u0131n"},"content":{"rendered":"\t\t<div data-elementor-type=\"wp-page\" data-elementor-id=\"6494\" class=\"elementor elementor-6494\" data-elementor-post-type=\"page\">\n\t\t\t\t\t\t<section class=\"elementor-section elementor-top-section elementor-element elementor-element-d4a5c97 elementor-section-boxed elementor-section-height-default elementor-section-height-default jltma-glass-effect-no\" data-id=\"d4a5c97\" data-element_type=\"section\">\n\t\t\t\t\t\t<div class=\"elementor-container elementor-column-gap-default\">\n\t\t\t\t\t<div class=\"elementor-column elementor-col-100 elementor-top-column elementor-element elementor-element-96ee73e jltma-glass-effect-no\" data-id=\"96ee73e\" data-element_type=\"column\">\n\t\t\t<div class=\"elementor-widget-wrap elementor-element-populated\">\n\t\t\t\t\t\t<div class=\"elementor-element elementor-element-6448118 jltma-glass-effect-no elementor-widget elementor-widget-heading\" data-id=\"6448118\" data-element_type=\"widget\" data-widget_type=\"heading.default\">\n\t\t\t\t<div class=\"elementor-widget-container\">\n\t\t\t\t\t<h2 class=\"elementor-heading-title elementor-size-default\">SEANOP SU \u00dcR\u00dcNLER\u0130 2026 YILI H\u0130ZMET BA\u015eVURUSU \u0130LANI<\/h2>\t\t\t\t<\/div>\n\t\t\t\t<\/div>\n\t\t\t\t\t<\/div>\n\t\t<\/div>\n\t\t\t\t\t<\/div>\n\t\t<\/section>\n\t\t\t\t<section class=\"elementor-section elementor-top-section elementor-element elementor-element-d80a311 elementor-section-boxed elementor-section-height-default elementor-section-height-default jltma-glass-effect-no\" data-id=\"d80a311\" data-element_type=\"section\">\n\t\t\t\t\t\t<div class=\"elementor-container elementor-column-gap-default\">\n\t\t\t\t\t<div class=\"elementor-column elementor-col-100 elementor-top-column elementor-element elementor-element-699c61a jltma-glass-effect-no\" data-id=\"699c61a\" data-element_type=\"column\">\n\t\t\t<div class=\"elementor-widget-wrap elementor-element-populated\">\n\t\t\t\t\t\t<div class=\"elementor-element elementor-element-e0c57bd jltma-glass-effect-no elementor-widget elementor-widget-heading\" data-id=\"e0c57bd\" data-element_type=\"widget\" data-widget_type=\"heading.default\">\n\t\t\t\t<div class=\"elementor-widget-container\">\n\t\t\t\t\t<h2 class=\"elementor-heading-title elementor-size-default\">SEANOP SU \u00dcR\u00dcNLER\u0130 \u0130\u015eLEME TES\u0130S\u0130 2026 SEZONU H\u0130ZMET BA\u015eVURU \u0130LANI\n\nSeanop Su \u00dcr\u00fcnleri \u0130\u015fleme Tesisi olarak; 2026 y\u0131l\u0131 boyunca K\u00fclt\u00fcr Bal\u0131k\u00e7\u0131l\u0131\u011f\u0131 \u0130\u015fleme Alan\u0131m\u0131zda ve Avc\u0131l\u0131k Bal\u0131k\u00e7\u0131l\u0131\u011f\u0131 \u0130\u015fleme Alanlar\u0131m\u0131zda profesyonel i\u015fleme hizmeti sunaca\u011f\u0131z.\n\nM\u00fc\u015fteri tercihine g\u00f6re;\n\n\u0130\u015fleme hizmeti tesis personelimiz taraf\u0131ndan verilebilir,\nveya\n\nM\u00fc\u015fteri kendi personeliyle, Seanop denetiminde tesisimizde \u00fcretim yapabilir.\n\n2026 sezonunda hizmet almak isteyen t\u00fcm i\u015fletmeleri tesislerimizde a\u011f\u0131rlamaktan memnuniyet duyar\u0131z.\n\nBA\u015eVURU S\u00dcREC\u0130\nHizmet talebinde bulunmak isteyen firmalar\u0131n 31 Aral\u0131k 2025 tarihine kadar\n<img decoding=\"async\" role=\"img\" class=\"emoji\" alt=\"\ud83d\udce9\" src=\"https:\/\/s.w.org\/images\/core\/emoji\/17.0.2\/svg\/1f4e9.svg\"> info@seanop.com.tr\nadresine e-posta ile ba\u015fvuruda bulunmalar\u0131 gerekmektedir. \n\u0130leti\u015fim ve sorular\u0131n\u0131z i\u00e7in  \u202a+905324907643\u202c numaral\u0131 \u0130leti\u015fim hatt\u0131n\u0131 da kullanabilirsiniz. \n\nBA\u015eVURU E-POSTASINDA BULUNMASI GEREKEN B\u0130LG\u0130LER\nG\u00f6nderilecek ba\u015fvurularda a\u015fa\u011f\u0131daki bilgilerin eksiksiz olarak yer almas\u0131 gerekmektedir:\n\nHizmet talep edilen alan \/ b\u00f6l\u00fcm \/ \u00fcr\u00fcn\n(\u00d6rn: K\u00fclt\u00fcr alabal\u0131\u011f\u0131 fileto, avc\u0131l\u0131k palamut lakerda, hamsi marine vb.)\n\nTalep edilen kapasite miktarlar\u0131\n(G\u00fcnl\u00fck, haftal\u0131k veya toplam i\u015fleme hacmi)\n\nHizmet talep edilen tarih aral\u0131klar\u0131\n(\u00d6rn: 1 \u015eubat \u2013 30 Nisan 2026 gibi)\n\nHizmet modeli tercihi\n\nSeanop personeli ile i\u015fleme\n\nKendi personeliyle Seanop denetiminde i\u015fleme\n\n\u00d6deme teklifi\n\nA. Seanop taraf\u0131ndan i\u015flenmesi durumunda:\nSele ba\u015f\u0131 veya kg ba\u015f\u0131 \u00f6nerilen i\u015fleme birim fiyat\u0131\n\nB. M\u00fc\u015fterinin kendi personeliyle \u00e7al\u0131\u015fmas\u0131 durumunda:\nTesis kullan\u0131m s\u00fcresi i\u00e7in \u00f6demeyi teklif ettikleri toplam tutar\n\nDE\u011eERLEND\u0130RME\nBa\u015fvurular teknik uygunluk, kapasite planlamas\u0131 ve tarih uyumu \u00e7er\u00e7evesinde de\u011ferlendirilecek olup, uygun g\u00f6r\u00fclen firmalar ile ileti\u015fime ge\u00e7ilerek s\u00f6zle\u015fme s\u00fcreci ba\u015flat\u0131lacakt\u0131r.\n\nHer t\u00fcrl\u00fc soru ve ek bilgi talepleriniz i\u00e7in bizimle ileti\u015fime ge\u00e7ebilirsiniz.\n\nSeanop Su \u00dcr\u00fcnleri \u0130\u015fleme Tesisi\nG\u00fcvenilir \u00fcretim, y\u00fcksek kalite, profesyonel hizmet.<\/h2>\t\t\t\t<\/div>\n\t\t\t\t<\/div>\n\t\t\t\t\t<\/div>\n\t\t<\/div>\n\t\t\t\t\t<\/div>\n\t\t<\/section>\n\t\t\t\t<\/div>\n\t\t","protected":false},"excerpt":{"rendered":"<p>SEANOP SU \u00dcR\u00dcNLER\u0130 2026 YILI H\u0130ZMET BA\u015eVURUSU \u0130LANI SEANOP SU \u00dcR\u00dcNLER\u0130 \u0130\u015eLEME TES\u0130S\u0130 2026 SEZONU H\u0130ZMET BA\u015eVURU \u0130LANI Seanop Su<span class=\"more-dots\">&#8230;<\/span><\/p>\n","protected":false},"author":1,"featured_media":0,"parent":0,"menu_order":0,"comment_status":"closed","ping_status":"closed","template":"","meta":{"footnotes":""},"class_list":["post-6494","page","type-page","status-publish","hentry"],"yoast_head":"<!-- This site is optimized with the Yoast SEO plugin v26.1.1 - https:\/\/yoast.com\/wordpress\/plugins\/seo\/ -->\n<title>Bas\u0131n<\/title>\n<meta name=\"robots\" content=\"index, follow, max-snippet:-1, max-image-preview:large, max-video-preview:-1\" \/>\n<link rel=\"canonical\" href=\"https:\/\/seanop.com.tr\/tr_tr\/duyurular\/\" \/>\n<meta property=\"og:locale\" content=\"tr_TR\" \/>\n<meta property=\"og:locale:alternate\" content=\"en_US\" \/>\n<meta property=\"og:type\" content=\"article\" \/>\n<meta property=\"og:title\" content=\"Bas\u0131n\" \/>\n<meta property=\"og:description\" content=\"SEANOP SU \u00dcR\u00dcNLER\u0130 2026 YILI H\u0130ZMET BA\u015eVURUSU \u0130LANI SEANOP SU \u00dcR\u00dcNLER\u0130 \u0130\u015eLEME TES\u0130S\u0130 2026 SEZONU H\u0130ZMET BA\u015eVURU \u0130LANI Seanop Su...\" \/>\n<meta property=\"og:url\" content=\"https:\/\/seanop.com.tr\/tr_tr\/duyurular\/\" \/>\n<meta property=\"og:site_name\" content=\"Seanop\" \/>\n<meta property=\"article:modified_time\" content=\"2025-12-08T11:45:10+00:00\" \/>\n<meta property=\"og:image\" content=\"https:\/\/s.w.org\/images\/core\/emoji\/17.0.2\/svg\/1f4e9.svg\" \/>\n<meta name=\"twitter:card\" content=\"summary_large_image\" \/>\n<meta name=\"twitter:label1\" content=\"Tahmini okuma s\u00fcresi\" \/>\n\t<meta name=\"twitter:data1\" content=\"2 dakika\" \/>\n<script type=\"application\/ld+json\" class=\"yoast-schema-graph\">{\"@context\":\"https:\/\/schema.org\",\"@graph\":[{\"@type\":\"WebPage\",\"@id\":\"https:\/\/seanop.com.tr\/duyurular\/\",\"url\":\"https:\/\/seanop.com.tr\/duyurular\/\",\"name\":\"Bas\u0131n\",\"isPartOf\":{\"@id\":\"https:\/\/seanop.com.tr\/#website\"},\"primaryImageOfPage\":{\"@id\":\"https:\/\/seanop.com.tr\/duyurular\/#primaryimage\"},\"image\":{\"@id\":\"https:\/\/seanop.com.tr\/duyurular\/#primaryimage\"},\"thumbnailUrl\":\"https:\/\/s.w.org\/images\/core\/emoji\/17.0.2\/svg\/1f4e9.svg\",\"datePublished\":\"2024-11-12T22:07:47+00:00\",\"dateModified\":\"2025-12-08T11:45:10+00:00\",\"breadcrumb\":{\"@id\":\"https:\/\/seanop.com.tr\/duyurular\/#breadcrumb\"},\"inLanguage\":\"tr-TR\",\"potentialAction\":[{\"@type\":\"ReadAction\",\"target\":[\"https:\/\/seanop.com.tr\/duyurular\/\"]}]},{\"@type\":\"ImageObject\",\"inLanguage\":\"tr-TR\",\"@id\":\"https:\/\/seanop.com.tr\/duyurular\/#primaryimage\",\"url\":\"https:\/\/s.w.org\/images\/core\/emoji\/17.0.2\/svg\/1f4e9.svg\",\"contentUrl\":\"https:\/\/s.w.org\/images\/core\/emoji\/17.0.2\/svg\/1f4e9.svg\"},{\"@type\":\"BreadcrumbList\",\"@id\":\"https:\/\/seanop.com.tr\/duyurular\/#breadcrumb\",\"itemListElement\":[{\"@type\":\"ListItem\",\"position\":1,\"name\":\"Anasayfa\",\"item\":\"https:\/\/seanop.com.tr\/\"},{\"@type\":\"ListItem\",\"position\":2,\"name\":\"Bas\u0131n\"}]},{\"@type\":\"WebSite\",\"@id\":\"https:\/\/seanop.com.tr\/#website\",\"url\":\"https:\/\/seanop.com.tr\/\",\"name\":\"Seanop\",\"description\":\"\",\"publisher\":{\"@id\":\"https:\/\/seanop.com.tr\/#organization\"},\"potentialAction\":[{\"@type\":\"SearchAction\",\"target\":{\"@type\":\"EntryPoint\",\"urlTemplate\":\"https:\/\/seanop.com.tr\/?s={search_term_string}\"},\"query-input\":{\"@type\":\"PropertyValueSpecification\",\"valueRequired\":true,\"valueName\":\"search_term_string\"}}],\"inLanguage\":\"tr-TR\"},{\"@type\":\"Organization\",\"@id\":\"https:\/\/seanop.com.tr\/#organization\",\"name\":\"Seanop\",\"url\":\"https:\/\/seanop.com.tr\/\",\"logo\":{\"@type\":\"ImageObject\",\"inLanguage\":\"tr-TR\",\"@id\":\"https:\/\/seanop.com.tr\/#\/schema\/logo\/image\/\",\"url\":\"https:\/\/seanop.com.tr\/wp-content\/uploads\/2024\/11\/seanop-logo.png\",\"contentUrl\":\"https:\/\/seanop.com.tr\/wp-content\/uploads\/2024\/11\/seanop-logo.png\",\"width\":568,\"height\":129,\"caption\":\"Seanop\"},\"image\":{\"@id\":\"https:\/\/seanop.com.tr\/#\/schema\/logo\/image\/\"}}]}<\/script>\n<!-- \/ Yoast SEO plugin. -->","yoast_head_json":{"title":"Bas\u0131n","robots":{"index":"index","follow":"follow","max-snippet":"max-snippet:-1","max-image-preview":"max-image-preview:large","max-video-preview":"max-video-preview:-1"},"canonical":"https:\/\/seanop.com.tr\/tr_tr\/duyurular\/","og_locale":"tr_TR","og_type":"article","og_title":"[:tr]Bas\u0131n[:en]Press[:] - Seanop","og_description":"SEANOP SU \u00dcR\u00dcNLER\u0130 2026 YILI H\u0130ZMET BA\u015eVURUSU \u0130LANI SEANOP SU \u00dcR\u00dcNLER\u0130 \u0130\u015eLEME TES\u0130S\u0130 2026 SEZONU H\u0130ZMET BA\u015eVURU \u0130LANI Seanop Su...","og_url":"https:\/\/seanop.com.tr\/tr_tr\/duyurular\/","og_site_name":"Seanop","article_modified_time":"2025-12-08T11:45:10+00:00","og_image":[{"url":"https:\/\/s.w.org\/images\/core\/emoji\/17.0.2\/svg\/1f4e9.svg","type":"","width":"","height":""}],"twitter_card":"summary_large_image","twitter_misc":{"Tahmini okuma s\u00fcresi":"2 dakika"},"schema":{"@context":"https:\/\/schema.org","@graph":[{"@type":"WebPage","@id":"https:\/\/seanop.com.tr\/duyurular\/","url":"https:\/\/seanop.com.tr\/duyurular\/","name":"Bas\u0131n","isPartOf":{"@id":"https:\/\/seanop.com.tr\/#website"},"primaryImageOfPage":{"@id":"https:\/\/seanop.com.tr\/duyurular\/#primaryimage"},"image":{"@id":"https:\/\/seanop.com.tr\/duyurular\/#primaryimage"},"thumbnailUrl":"https:\/\/s.w.org\/images\/core\/emoji\/17.0.2\/svg\/1f4e9.svg","datePublished":"2024-11-12T22:07:47+00:00","dateModified":"2025-12-08T11:45:10+00:00","breadcrumb":{"@id":"https:\/\/seanop.com.tr\/duyurular\/#breadcrumb"},"inLanguage":"tr-TR","potentialAction":[{"@type":"ReadAction","target":["https:\/\/seanop.com.tr\/duyurular\/"]}]},{"@type":"ImageObject","inLanguage":"tr-TR","@id":"https:\/\/seanop.com.tr\/duyurular\/#primaryimage","url":"https:\/\/s.w.org\/images\/core\/emoji\/17.0.2\/svg\/1f4e9.svg","contentUrl":"https:\/\/s.w.org\/images\/core\/emoji\/17.0.2\/svg\/1f4e9.svg"},{"@type":"BreadcrumbList","@id":"https:\/\/seanop.com.tr\/duyurular\/#breadcrumb","itemListElement":[{"@type":"ListItem","position":1,"name":"Anasayfa","item":"https:\/\/seanop.com.tr\/"},{"@type":"ListItem","position":2,"name":"Bas\u0131n"}]},{"@type":"WebSite","@id":"https:\/\/seanop.com.tr\/#website","url":"https:\/\/seanop.com.tr\/","name":"Seanop","description":"","publisher":{"@id":"https:\/\/seanop.com.tr\/#organization"},"potentialAction":[{"@type":"SearchAction","target":{"@type":"EntryPoint","urlTemplate":"https:\/\/seanop.com.tr\/?s={search_term_string}"},"query-input":{"@type":"PropertyValueSpecification","valueRequired":true,"valueName":"search_term_string"}}],"inLanguage":"tr-TR"},{"@type":"Organization","@id":"https:\/\/seanop.com.tr\/#organization","name":"Seanop","url":"https:\/\/seanop.com.tr\/","logo":{"@type":"ImageObject","inLanguage":"tr-TR","@id":"https:\/\/seanop.com.tr\/#\/schema\/logo\/image\/","url":"https:\/\/seanop.com.tr\/wp-content\/uploads\/2024\/11\/seanop-logo.png","contentUrl":"https:\/\/seanop.com.tr\/wp-content\/uploads\/2024\/11\/seanop-logo.png","width":568,"height":129,"caption":"Seanop"},"image":{"@id":"https:\/\/seanop.com.tr\/#\/schema\/logo\/image\/"}}]}},"_links":{"self":[{"href":"https:\/\/seanop.com.tr\/tr_tr\/wp-json\/wp\/v2\/pages\/6494","targetHints":{"allow":["GET"]}}],"collection":[{"href":"https:\/\/seanop.com.tr\/tr_tr\/wp-json\/wp\/v2\/pages"}],"about":[{"href":"https:\/\/seanop.com.tr\/tr_tr\/wp-json\/wp\/v2\/types\/page"}],"author":[{"embeddable":true,"href":"https:\/\/seanop.com.tr\/tr_tr\/wp-json\/wp\/v2\/users\/1"}],"replies":[{"embeddable":true,"href":"https:\/\/seanop.com.tr\/tr_tr\/wp-json\/wp\/v2\/comments?post=6494"}],"version-history":[{"count":9,"href":"https:\/\/seanop.com.tr\/tr_tr\/wp-json\/wp\/v2\/pages\/6494\/revisions"}],"predecessor-version":[{"id":7589,"href":"https:\/\/seanop.com.tr\/tr_tr\/wp-json\/wp\/v2\/pages\/6494\/revisions\/7589"}],"wp:attachment":[{"href":"https:\/\/seanop.com.tr\/tr_tr\/wp-json\/wp\/v2\/media?parent=6494"}],"curies":[{"name":"wp","href":"https:\/\/api.w.org\/{rel}","templated":true}]}}