{"id":6378,"date":"2024-11-12T12:51:29","date_gmt":"2024-11-12T09:51:29","guid":{"rendered":"http:\/\/seanop.com.tr\/?page_id=6378"},"modified":"2025-05-25T15:15:51","modified_gmt":"2025-05-25T12:15:51","slug":"urunlerimiz","status":"publish","type":"page","link":"https:\/\/seanop.com.tr\/tr_tr\/urunlerimiz\/","title":{"rendered":"\u00dcr\u00fcnlerimiz"},"content":{"rendered":"\t\t<div data-elementor-type=\"wp-page\" data-elementor-id=\"6378\" class=\"elementor elementor-6378\" data-elementor-post-type=\"page\">\n\t\t\t\t\t\t<section class=\"elementor-section elementor-top-section elementor-element elementor-element-2c3d58b elementor-section-boxed elementor-section-height-default elementor-section-height-default jltma-glass-effect-no\" data-id=\"2c3d58b\" data-element_type=\"section\">\n\t\t\t\t\t\t<div class=\"elementor-container elementor-column-gap-default\">\n\t\t\t\t\t<div class=\"elementor-column elementor-col-100 elementor-top-column elementor-element elementor-element-1649edf jltma-glass-effect-no\" data-id=\"1649edf\" data-element_type=\"column\">\n\t\t\t<div class=\"elementor-widget-wrap elementor-element-populated\">\n\t\t\t\t\t\t<div class=\"elementor-element elementor-element-7368b6c premium-woo-product-align-center premium-qv-hidden-yes jltma-glass-effect-no elementor-widget elementor-widget-premium-woo-products\" data-id=\"7368b6c\" data-element_type=\"widget\" data-widget_type=\"premium-woo-products.grid-6\">\n\t\t\t\t<div class=\"elementor-widget-container\">\n\t\t\t\t\t<div class=\"premium-woocommerce premium-woo-products-grid premium-woo-skin-grid-6 premium-woo-query-all\" data-page-id=\"6378\" data-skin=\"grid_6\" data-quick-view=\"\"><div class=\"premium-woo-products-inner premium-woo-product__hover-scale\"><ul class=\"products columns-4\">\n\r\n<li class=\" post-472 product first instock shipping-taxable product-type-simple\">\r\n\t<div class=\"premium-woo-product-wrapper premium-con-lq__none\">\r\n\t\t<div class=\"premium-woo-product-thumbnail\"><a href=\"https:\/\/seanop.com.tr\/tr_tr\/urun\/somon-fume\/\" class=\"woocommerce-LoopProduct-link woocommerce-loop-product__link\"><img decoding=\"async\" src=\"https:\/\/seanop.com.tr\/wp-content\/uploads\/2022\/02\/somon-fume-480x480.jpg\" alt=\"\"><\/a><div class=\"premium-woo-product-gallery-images\"><\/div><\/div><div class=\"premium-woo-products-details-wrap\"><a href=\"https:\/\/seanop.com.tr\/tr_tr\/urun\/somon-fume\/\" class=\"premium-woo-product__link\"><h2 class=\"woocommerce-loop-product__title\">Somon F\u00fcme<\/h2><\/a><div class=\"premium-woo-product-info\"><\/div><\/div>\t<\/div>\r\n<\/li>\r\n\r\n<li class=\" post-476 product  instock shipping-taxable product-type-simple\">\r\n\t<div class=\"premium-woo-product-wrapper premium-con-lq__none\">\r\n\t\t<div class=\"premium-woo-product-thumbnail\"><a href=\"https:\/\/seanop.com.tr\/tr_tr\/urun\/hamsi-marine\/\" class=\"woocommerce-LoopProduct-link woocommerce-loop-product__link\"><img decoding=\"async\" src=\"https:\/\/seanop.com.tr\/wp-content\/uploads\/2025\/06\/1745149343395-480x480.jpeg\" alt=\"\"><\/a><div class=\"premium-woo-product-gallery-images\"><\/div><\/div><div class=\"premium-woo-products-details-wrap\"><a href=\"https:\/\/seanop.com.tr\/tr_tr\/urun\/hamsi-marine\/\" class=\"premium-woo-product__link\"><h2 class=\"woocommerce-loop-product__title\">Hamsi Marine<\/h2><\/a><div class=\"premium-woo-product-info\"><\/div><\/div>\t<\/div>\r\n<\/li>\r\n\r\n<li class=\" post-475 product  instock shipping-taxable product-type-simple\">\r\n\t<div class=\"premium-woo-product-wrapper premium-con-lq__none\">\r\n\t\t<div class=\"premium-woo-product-thumbnail\"><a href=\"https:\/\/seanop.com.tr\/tr_tr\/urun\/sarimsak-soslu-hamsi-marine\/\" class=\"woocommerce-LoopProduct-link woocommerce-loop-product__link\"><img decoding=\"async\" src=\"https:\/\/seanop.com.tr\/wp-content\/uploads\/2022\/02\/sarmisakli-hamsi-marine-480x480.jpg\" alt=\"\"><\/a><div class=\"premium-woo-product-gallery-images\"><\/div><\/div><div class=\"premium-woo-products-details-wrap\"><a href=\"https:\/\/seanop.com.tr\/tr_tr\/urun\/sarimsak-soslu-hamsi-marine\/\" class=\"premium-woo-product__link\"><h2 class=\"woocommerce-loop-product__title\">Sar\u0131msak Soslu Hamsi Marine<\/h2><\/a><div class=\"premium-woo-product-info\"><\/div><\/div>\t<\/div>\r\n<\/li>\r\n\r\n<li class=\" post-474 product last instock shipping-taxable product-type-simple\">\r\n\t<div class=\"premium-woo-product-wrapper premium-con-lq__none\">\r\n\t\t<div class=\"premium-woo-product-thumbnail\"><a href=\"https:\/\/seanop.com.tr\/tr_tr\/urun\/palamut-lakerda\/\" class=\"woocommerce-LoopProduct-link woocommerce-loop-product__link\"><img decoding=\"async\" src=\"https:\/\/seanop.com.tr\/wp-content\/uploads\/2022\/02\/palamut-lakerda-480x480.jpg\" alt=\"\"><\/a><div class=\"premium-woo-product-gallery-images\"><\/div><\/div><div class=\"premium-woo-products-details-wrap\"><a href=\"https:\/\/seanop.com.tr\/tr_tr\/urun\/palamut-lakerda\/\" class=\"premium-woo-product__link\"><h2 class=\"woocommerce-loop-product__title\">Palamut Lakerda<\/h2><\/a><div class=\"premium-woo-product-info\"><\/div><\/div>\t<\/div>\r\n<\/li>\r\n\r\n<li class=\" post-473 product first instock shipping-taxable product-type-simple\">\r\n\t<div class=\"premium-woo-product-wrapper premium-con-lq__none\">\r\n\t\t<div class=\"premium-woo-product-thumbnail\"><a href=\"https:\/\/seanop.com.tr\/tr_tr\/urun\/biberli-hamsi-marine\/\" class=\"woocommerce-LoopProduct-link woocommerce-loop-product__link\"><img decoding=\"async\" src=\"https:\/\/seanop.com.tr\/wp-content\/uploads\/2022\/02\/biberli-hamsi-marine-480x480.jpg\" alt=\"\"><\/a><div class=\"premium-woo-product-gallery-images\"><\/div><\/div><div class=\"premium-woo-products-details-wrap\"><a href=\"https:\/\/seanop.com.tr\/tr_tr\/urun\/biberli-hamsi-marine\/\" class=\"premium-woo-product__link\"><h2 class=\"woocommerce-loop-product__title\">Biberli Hamsi Marine<\/h2><\/a><div class=\"premium-woo-product-info\"><\/div><\/div>\t<\/div>\r\n<\/li>\r\n\r\n<li class=\" post-421 product  instock shipping-taxable product-type-simple\">\r\n\t<div class=\"premium-woo-product-wrapper premium-con-lq__none\">\r\n\t\t<div class=\"premium-woo-product-thumbnail\"><a href=\"https:\/\/seanop.com.tr\/tr_tr\/urun\/somon-lakerda\/\" class=\"woocommerce-LoopProduct-link woocommerce-loop-product__link\"><img decoding=\"async\" src=\"https:\/\/seanop.com.tr\/wp-content\/uploads\/2022\/02\/somon-lakerda-480x480.jpg\" alt=\"\"><\/a><div class=\"premium-woo-product-gallery-images\"><\/div><\/div><div class=\"premium-woo-products-details-wrap\"><a href=\"https:\/\/seanop.com.tr\/tr_tr\/urun\/somon-lakerda\/\" class=\"premium-woo-product__link\"><h2 class=\"woocommerce-loop-product__title\">Somon Lakerda<\/h2><\/a><div class=\"premium-woo-product-info\"><\/div><\/div>\t<\/div>\r\n<\/li>\r\n\r\n<li class=\" post-4412 product  instock shipping-taxable product-type-simple\">\r\n\t<div class=\"premium-woo-product-wrapper premium-con-lq__none\">\r\n\t\t<div class=\"premium-woo-product-thumbnail\"><a href=\"https:\/\/seanop.com.tr\/tr_tr\/urun\/zeytinli-hamsi-marine\/\" class=\"woocommerce-LoopProduct-link woocommerce-loop-product__link\"><img decoding=\"async\" src=\"https:\/\/seanop.com.tr\/wp-content\/uploads\/2022\/02\/zeytinli-hamsi-480x480.jpg\" alt=\"\"><\/a><div class=\"premium-woo-product-gallery-images\"><\/div><\/div><div class=\"premium-woo-products-details-wrap\"><a href=\"https:\/\/seanop.com.tr\/tr_tr\/urun\/zeytinli-hamsi-marine\/\" class=\"premium-woo-product__link\"><h2 class=\"woocommerce-loop-product__title\">Zeytinli Hamsi Marine<\/h2><\/a><div class=\"premium-woo-product-info\"><\/div><\/div>\t<\/div>\r\n<\/li>\r\n\r\n<li class=\" post-4411 product last instock shipping-taxable product-type-simple\">\r\n\t<div class=\"premium-woo-product-wrapper premium-con-lq__none\">\r\n\t\t<div class=\"premium-woo-product-thumbnail\"><a href=\"https:\/\/seanop.com.tr\/tr_tr\/urun\/pancarli-somon-marine\/\" class=\"woocommerce-LoopProduct-link woocommerce-loop-product__link\"><img decoding=\"async\" src=\"https:\/\/seanop.com.tr\/wp-content\/uploads\/2022\/02\/pancarli-somon-marine-480x480.jpg\" alt=\"\"><\/a><div class=\"premium-woo-product-gallery-images\"><\/div><\/div><div class=\"premium-woo-products-details-wrap\"><a href=\"https:\/\/seanop.com.tr\/tr_tr\/urun\/pancarli-somon-marine\/\" class=\"premium-woo-product__link\"><h2 class=\"woocommerce-loop-product__title\">Pancarl\u0131 Somon Marine<\/h2><\/a><div class=\"premium-woo-product-info\"><\/div><\/div>\t<\/div>\r\n<\/li>\r\n<\/ul>\n<\/div><\/div>\t\t\t\t<\/div>\n\t\t\t\t<\/div>\n\t\t\t\t\t<\/div>\n\t\t<\/div>\n\t\t\t\t\t<\/div>\n\t\t<\/section>\n\t\t\t\t<\/div>\n\t\t","protected":false},"excerpt":{"rendered":"<p>Somon F\u00fcme Hamsi Marine Sar\u0131msak Soslu Hamsi Marine Palamut Lakerda Biberli Hamsi Marine Somon Lakerda Zeytinli Hamsi Marine Pancarl\u0131 Somon<span class=\"more-dots\">&#8230;<\/span><\/p>\n","protected":false},"author":1,"featured_media":0,"parent":0,"menu_order":0,"comment_status":"closed","ping_status":"closed","template":"","meta":{"footnotes":""},"class_list":["post-6378","page","type-page","status-publish","hentry"],"yoast_head":"<!-- This site is optimized with the Yoast SEO plugin v26.1.1 - https:\/\/yoast.com\/wordpress\/plugins\/seo\/ -->\n<title>\u00dcr\u00fcnlerimiz<\/title>\n<meta name=\"robots\" content=\"index, follow, max-snippet:-1, max-image-preview:large, max-video-preview:-1\" \/>\n<link rel=\"canonical\" href=\"https:\/\/seanop.com.tr\/tr_tr\/urunlerimiz\/\" \/>\n<meta property=\"og:locale\" content=\"tr_TR\" \/>\n<meta property=\"og:locale:alternate\" content=\"en_US\" \/>\n<meta property=\"og:type\" content=\"article\" \/>\n<meta property=\"og:title\" content=\"\u00dcr\u00fcnlerimiz\" \/>\n<meta property=\"og:description\" content=\"Somon F\u00fcme Hamsi Marine Sar\u0131msak Soslu Hamsi Marine Palamut Lakerda Biberli Hamsi Marine Somon Lakerda Zeytinli Hamsi Marine Pancarl\u0131 Somon...\" \/>\n<meta property=\"og:url\" content=\"https:\/\/seanop.com.tr\/tr_tr\/urun\/pancarli-somon-marine\/\" \/>\n<meta property=\"og:site_name\" content=\"Seanop\" \/>\n<meta property=\"article:modified_time\" content=\"2025-05-25T12:15:51+00:00\" \/>\n<meta property=\"og:image\" content=\"http:\/\/seanop.com.tr\/wp-content\/uploads\/2022\/02\/somon-fume-480x480.jpg\" \/>\n<meta name=\"twitter:card\" content=\"summary_large_image\" \/>\n<meta name=\"twitter:label1\" content=\"Tahmini okuma s\u00fcresi\" \/>\n\t<meta name=\"twitter:data1\" content=\"2 dakika\" \/>\n<script type=\"application\/ld+json\" class=\"yoast-schema-graph\">{\"@context\":\"https:\/\/schema.org\",\"@graph\":[{\"@type\":\"WebPage\",\"@id\":\"https:\/\/seanop.com.tr\/urunlerimiz\/\",\"url\":\"https:\/\/seanop.com.tr\/urunlerimiz\/\",\"name\":\"\u00dcr\u00fcnlerimiz\",\"isPartOf\":{\"@id\":\"https:\/\/seanop.com.tr\/#website\"},\"primaryImageOfPage\":{\"@id\":\"https:\/\/seanop.com.tr\/urunlerimiz\/#primaryimage\"},\"image\":{\"@id\":\"https:\/\/seanop.com.tr\/urunlerimiz\/#primaryimage\"},\"thumbnailUrl\":\"http:\/\/seanop.com.tr\/wp-content\/uploads\/2022\/02\/somon-fume-480x480.jpg\",\"datePublished\":\"2024-11-12T09:51:29+00:00\",\"dateModified\":\"2025-05-25T12:15:51+00:00\",\"breadcrumb\":{\"@id\":\"https:\/\/seanop.com.tr\/urunlerimiz\/#breadcrumb\"},\"inLanguage\":\"tr-TR\",\"potentialAction\":[{\"@type\":\"ReadAction\",\"target\":[\"https:\/\/seanop.com.tr\/urunlerimiz\/\"]}]},{\"@type\":\"ImageObject\",\"inLanguage\":\"tr-TR\",\"@id\":\"https:\/\/seanop.com.tr\/urunlerimiz\/#primaryimage\",\"url\":\"http:\/\/seanop.com.tr\/wp-content\/uploads\/2022\/02\/somon-fume-480x480.jpg\",\"contentUrl\":\"http:\/\/seanop.com.tr\/wp-content\/uploads\/2022\/02\/somon-fume-480x480.jpg\"},{\"@type\":\"BreadcrumbList\",\"@id\":\"https:\/\/seanop.com.tr\/urunlerimiz\/#breadcrumb\",\"itemListElement\":[{\"@type\":\"ListItem\",\"position\":1,\"name\":\"Anasayfa\",\"item\":\"https:\/\/seanop.com.tr\/\"},{\"@type\":\"ListItem\",\"position\":2,\"name\":\"\u00dcr\u00fcnlerimiz\"}]},{\"@type\":\"WebSite\",\"@id\":\"https:\/\/seanop.com.tr\/#website\",\"url\":\"https:\/\/seanop.com.tr\/\",\"name\":\"Seanop\",\"description\":\"\",\"publisher\":{\"@id\":\"https:\/\/seanop.com.tr\/#organization\"},\"potentialAction\":[{\"@type\":\"SearchAction\",\"target\":{\"@type\":\"EntryPoint\",\"urlTemplate\":\"https:\/\/seanop.com.tr\/?s={search_term_string}\"},\"query-input\":{\"@type\":\"PropertyValueSpecification\",\"valueRequired\":true,\"valueName\":\"search_term_string\"}}],\"inLanguage\":\"tr-TR\"},{\"@type\":\"Organization\",\"@id\":\"https:\/\/seanop.com.tr\/#organization\",\"name\":\"Seanop\",\"url\":\"https:\/\/seanop.com.tr\/\",\"logo\":{\"@type\":\"ImageObject\",\"inLanguage\":\"tr-TR\",\"@id\":\"https:\/\/seanop.com.tr\/#\/schema\/logo\/image\/\",\"url\":\"https:\/\/seanop.com.tr\/wp-content\/uploads\/2024\/11\/seanop-logo.png\",\"contentUrl\":\"https:\/\/seanop.com.tr\/wp-content\/uploads\/2024\/11\/seanop-logo.png\",\"width\":568,\"height\":129,\"caption\":\"Seanop\"},\"image\":{\"@id\":\"https:\/\/seanop.com.tr\/#\/schema\/logo\/image\/\"}}]}<\/script>\n<!-- \/ Yoast SEO plugin. -->","yoast_head_json":{"title":"\u00dcr\u00fcnlerimiz","robots":{"index":"index","follow":"follow","max-snippet":"max-snippet:-1","max-image-preview":"max-image-preview:large","max-video-preview":"max-video-preview:-1"},"canonical":"https:\/\/seanop.com.tr\/tr_tr\/urunlerimiz\/","og_locale":"tr_TR","og_type":"article","og_title":"[:tr]\u00dcr\u00fcnlerimiz[:en]Our Products[:] - Seanop","og_description":"Somon F\u00fcme Hamsi Marine Sar\u0131msak Soslu Hamsi Marine Palamut Lakerda Biberli Hamsi Marine Somon Lakerda Zeytinli Hamsi Marine Pancarl\u0131 Somon...","og_url":"https:\/\/seanop.com.tr\/tr_tr\/urun\/pancarli-somon-marine\/","og_site_name":"Seanop","article_modified_time":"2025-05-25T12:15:51+00:00","og_image":[{"url":"http:\/\/seanop.com.tr\/wp-content\/uploads\/2022\/02\/somon-fume-480x480.jpg","type":"","width":"","height":""}],"twitter_card":"summary_large_image","twitter_misc":{"Tahmini okuma s\u00fcresi":"2 dakika"},"schema":{"@context":"https:\/\/schema.org","@graph":[{"@type":"WebPage","@id":"https:\/\/seanop.com.tr\/urunlerimiz\/","url":"https:\/\/seanop.com.tr\/urunlerimiz\/","name":"\u00dcr\u00fcnlerimiz","isPartOf":{"@id":"https:\/\/seanop.com.tr\/#website"},"primaryImageOfPage":{"@id":"https:\/\/seanop.com.tr\/urunlerimiz\/#primaryimage"},"image":{"@id":"https:\/\/seanop.com.tr\/urunlerimiz\/#primaryimage"},"thumbnailUrl":"http:\/\/seanop.com.tr\/wp-content\/uploads\/2022\/02\/somon-fume-480x480.jpg","datePublished":"2024-11-12T09:51:29+00:00","dateModified":"2025-05-25T12:15:51+00:00","breadcrumb":{"@id":"https:\/\/seanop.com.tr\/urunlerimiz\/#breadcrumb"},"inLanguage":"tr-TR","potentialAction":[{"@type":"ReadAction","target":["https:\/\/seanop.com.tr\/urunlerimiz\/"]}]},{"@type":"ImageObject","inLanguage":"tr-TR","@id":"https:\/\/seanop.com.tr\/urunlerimiz\/#primaryimage","url":"http:\/\/seanop.com.tr\/wp-content\/uploads\/2022\/02\/somon-fume-480x480.jpg","contentUrl":"http:\/\/seanop.com.tr\/wp-content\/uploads\/2022\/02\/somon-fume-480x480.jpg"},{"@type":"BreadcrumbList","@id":"https:\/\/seanop.com.tr\/urunlerimiz\/#breadcrumb","itemListElement":[{"@type":"ListItem","position":1,"name":"Anasayfa","item":"https:\/\/seanop.com.tr\/"},{"@type":"ListItem","position":2,"name":"\u00dcr\u00fcnlerimiz"}]},{"@type":"WebSite","@id":"https:\/\/seanop.com.tr\/#website","url":"https:\/\/seanop.com.tr\/","name":"Seanop","description":"","publisher":{"@id":"https:\/\/seanop.com.tr\/#organization"},"potentialAction":[{"@type":"SearchAction","target":{"@type":"EntryPoint","urlTemplate":"https:\/\/seanop.com.tr\/?s={search_term_string}"},"query-input":{"@type":"PropertyValueSpecification","valueRequired":true,"valueName":"search_term_string"}}],"inLanguage":"tr-TR"},{"@type":"Organization","@id":"https:\/\/seanop.com.tr\/#organization","name":"Seanop","url":"https:\/\/seanop.com.tr\/","logo":{"@type":"ImageObject","inLanguage":"tr-TR","@id":"https:\/\/seanop.com.tr\/#\/schema\/logo\/image\/","url":"https:\/\/seanop.com.tr\/wp-content\/uploads\/2024\/11\/seanop-logo.png","contentUrl":"https:\/\/seanop.com.tr\/wp-content\/uploads\/2024\/11\/seanop-logo.png","width":568,"height":129,"caption":"Seanop"},"image":{"@id":"https:\/\/seanop.com.tr\/#\/schema\/logo\/image\/"}}]}},"_links":{"self":[{"href":"https:\/\/seanop.com.tr\/tr_tr\/wp-json\/wp\/v2\/pages\/6378","targetHints":{"allow":["GET"]}}],"collection":[{"href":"https:\/\/seanop.com.tr\/tr_tr\/wp-json\/wp\/v2\/pages"}],"about":[{"href":"https:\/\/seanop.com.tr\/tr_tr\/wp-json\/wp\/v2\/types\/page"}],"author":[{"embeddable":true,"href":"https:\/\/seanop.com.tr\/tr_tr\/wp-json\/wp\/v2\/users\/1"}],"replies":[{"embeddable":true,"href":"https:\/\/seanop.com.tr\/tr_tr\/wp-json\/wp\/v2\/comments?post=6378"}],"version-history":[{"count":10,"href":"https:\/\/seanop.com.tr\/tr_tr\/wp-json\/wp\/v2\/pages\/6378\/revisions"}],"predecessor-version":[{"id":7211,"href":"https:\/\/seanop.com.tr\/tr_tr\/wp-json\/wp\/v2\/pages\/6378\/revisions\/7211"}],"wp:attachment":[{"href":"https:\/\/seanop.com.tr\/tr_tr\/wp-json\/wp\/v2\/media?parent=6378"}],"curies":[{"name":"wp","href":"https:\/\/api.w.org\/{rel}","templated":true}]}}