{"id":6328,"date":"2024-11-11T20:20:20","date_gmt":"2024-11-11T17:20:20","guid":{"rendered":"http:\/\/seanop.com.tr\/jobs\/"},"modified":"2025-09-25T14:35:27","modified_gmt":"2025-09-25T11:35:27","slug":"acik-pozisyonlarimiz","status":"publish","type":"page","link":"https:\/\/seanop.com.tr\/tr_tr\/acik-pozisyonlarimiz\/","title":{"rendered":"A\u00e7\u0131k Pozisyonlar\u0131m\u0131z"},"content":{"rendered":"\t\t<div data-elementor-type=\"wp-page\" data-elementor-id=\"6328\" class=\"elementor elementor-6328\" data-elementor-post-type=\"page\">\n\t\t\t\t\t\t<section class=\"elementor-section elementor-top-section elementor-element elementor-element-540eafee elementor-section-boxed elementor-section-height-default elementor-section-height-default jltma-glass-effect-no\" data-id=\"540eafee\" data-element_type=\"section\">\n\t\t\t\t\t\t<div class=\"elementor-container elementor-column-gap-default\">\n\t\t\t\t\t<div class=\"elementor-column elementor-col-33 elementor-top-column elementor-element elementor-element-3653fd9f elementor-hidden-desktop elementor-hidden-tablet elementor-hidden-mobile jltma-glass-effect-no\" data-id=\"3653fd9f\" data-element_type=\"column\">\n\t\t\t<div class=\"elementor-widget-wrap elementor-element-populated\">\n\t\t\t\t\t\t<div class=\"elementor-element elementor-element-a48c10a jltma-glass-effect-no elementor-widget elementor-widget-jltma-infobox\" data-id=\"a48c10a\" data-element_type=\"widget\" data-no-translation=\"\" data-widget_type=\"jltma-infobox.default\">\n\t\t\t\t<div class=\"elementor-widget-container\">\n\t\t\t\t\t\n\t\t<div id=\"jltma-infobox-a48c10a\" class=\"jltma-infobox one\">\n\t\t\t<div class=\"jltma-infobox-item\">\n\n\t\t\t\t\n\t\t\t\t\t\n\t\t\t\t\t<div class=\"jltma-infobox-icon \">\n\n\t\t\t\t\t\t<div class=\"jltma-inner-content\">\n\n\t\t\t\t\t\t\t<i aria-hidden=\"true\" class=\"jltma-material-icon jltma-material-icon-people_alt\"><\/i>\n\t\t\t\t\t\t\t\t\t\t\t\t\t<\/div><!-- \/.jltma-inner-content -->\n\t\t\t\t\t<\/div>\n\t\t\t\t\n\t\t\t\t<div class=\"jltma-infobox-content\">\n\t\t\t\t\t<div class=\"jltma-inner-content\">\n\t\t\t\t\t\t\t\t\t\t\t\t\t<a href=\"https:\/\/seanop.com.tr\/tr_tr\/acik-pozisyonlarimiz\/uretim-muduru\/\" >\n\t\t\t\t\t\t\t\t<h3 class=\"jltma-infobox-content-title\">\n\t\t\t\t\t\t\t\t\t\u00dcretim M\u00fcd\u00fcr\u00fc\t\t\t\t\t\t\t\t<\/h3>\n\t\t\t\t\t\t\t<\/a>\n\t\t\t\t\t\t\n\t\t\t\t\t\t<p class=\"jltma-infobox-content-description\">\n\t\t\t\t\t\t\t\t\t\t\t\t\t<\/p>\n\n\t\t\t\t\t\t\t\t\t\t\t<\/div><!-- \/.jltma-inner-content -->\n\t\t\t\t<\/div>\n\t\t\t<\/div>\n\t\t<\/div>\n\n\t\t\t\t<\/div>\n\t\t\t\t<\/div>\n\t\t\t\t<div class=\"elementor-element elementor-element-dd60622 jltma-glass-effect-no elementor-widget elementor-widget-jltma-infobox\" data-id=\"dd60622\" data-element_type=\"widget\" data-no-translation=\"\" data-widget_type=\"jltma-infobox.default\">\n\t\t\t\t<div class=\"elementor-widget-container\">\n\t\t\t\t\t<style>.elementor-element-dd60622{display:none !important}<\/style>\t\t\t\t<\/div>\n\t\t\t\t<\/div>\n\t\t\t\t\t<\/div>\n\t\t<\/div>\n\t\t\t\t<div class=\"elementor-column elementor-col-33 elementor-top-column elementor-element elementor-element-bbca422 elementor-hidden-desktop elementor-hidden-tablet elementor-hidden-mobile jltma-glass-effect-no\" data-id=\"bbca422\" data-element_type=\"column\">\n\t\t\t<div class=\"elementor-widget-wrap elementor-element-populated\">\n\t\t\t\t\t\t<div class=\"elementor-element elementor-element-37737c1 jltma-glass-effect-no elementor-widget elementor-widget-jltma-infobox\" data-id=\"37737c1\" data-element_type=\"widget\" data-no-translation=\"\" data-widget_type=\"jltma-infobox.default\">\n\t\t\t\t<div class=\"elementor-widget-container\">\n\t\t\t\t\t\n\t\t<div id=\"jltma-infobox-37737c1\" class=\"jltma-infobox one\">\n\t\t\t<div class=\"jltma-infobox-item\">\n\n\t\t\t\t\n\t\t\t\t\t\n\t\t\t\t\t<div class=\"jltma-infobox-icon \">\n\n\t\t\t\t\t\t<div class=\"jltma-inner-content\">\n\n\t\t\t\t\t\t\t<i aria-hidden=\"true\" class=\"jltma-material-icon jltma-material-icon-people_alt\"><\/i>\n\t\t\t\t\t\t\t\t\t\t\t\t\t<\/div><!-- \/.jltma-inner-content -->\n\t\t\t\t\t<\/div>\n\t\t\t\t\n\t\t\t\t<div class=\"jltma-infobox-content\">\n\t\t\t\t\t<div class=\"jltma-inner-content\">\n\t\t\t\t\t\t\t\t\t\t\t\t\t<a href=\"http:\/\/seanop.com.tr\/acik-pozisyonlarimiz\/halkla-iliskiler-uzmani\/\" >\n\t\t\t\t\t\t\t\t<h3 class=\"jltma-infobox-content-title\">\n\t\t\t\t\t\t\t\t\tHalkla ili\u015fkiler Uzman\u0131\t\t\t\t\t\t\t\t<\/h3>\n\t\t\t\t\t\t\t<\/a>\n\t\t\t\t\t\t\n\t\t\t\t\t\t<p class=\"jltma-infobox-content-description\">\n\t\t\t\t\t\t\t\t\t\t\t\t\t<\/p>\n\n\t\t\t\t\t\t\t\t\t\t\t<\/div><!-- \/.jltma-inner-content -->\n\t\t\t\t<\/div>\n\t\t\t<\/div>\n\t\t<\/div>\n\n\t\t\t\t<\/div>\n\t\t\t\t<\/div>\n\t\t\t\t<div class=\"elementor-element elementor-element-1e8c052 jltma-glass-effect-no elementor-widget elementor-widget-jltma-infobox\" data-id=\"1e8c052\" data-element_type=\"widget\" data-no-translation=\"\" data-widget_type=\"jltma-infobox.default\">\n\t\t\t\t<div class=\"elementor-widget-container\">\n\t\t\t\t\t<style>.elementor-element-1e8c052{display:none !important}<\/style>\t\t\t\t<\/div>\n\t\t\t\t<\/div>\n\t\t\t\t\t<\/div>\n\t\t<\/div>\n\t\t\t\t<div class=\"elementor-column elementor-col-33 elementor-top-column elementor-element elementor-element-62e7a25 jltma-glass-effect-no\" data-id=\"62e7a25\" data-element_type=\"column\">\n\t\t\t<div class=\"elementor-widget-wrap\">\n\t\t\t\t\t\t\t<\/div>\n\t\t<\/div>\n\t\t\t\t\t<\/div>\n\t\t<\/section>\n\t\t\t\t<\/div>\n\t\t","protected":false},"excerpt":{"rendered":"<p>\u00dcretim M\u00fcd\u00fcr\u00fc Halkla ili\u015fkiler Uzman\u0131<\/p>\n","protected":false},"author":1,"featured_media":0,"parent":0,"menu_order":0,"comment_status":"closed","ping_status":"closed","template":"","meta":{"footnotes":""},"class_list":["post-6328","page","type-page","status-publish","hentry"],"yoast_head":"<!-- This site is optimized with the Yoast SEO plugin v26.1.1 - https:\/\/yoast.com\/wordpress\/plugins\/seo\/ -->\n<title>A\u00e7\u0131k Pozisyonlar\u0131m\u0131z<\/title>\n<meta name=\"robots\" content=\"index, follow, max-snippet:-1, max-image-preview:large, max-video-preview:-1\" \/>\n<link rel=\"canonical\" href=\"https:\/\/seanop.com.tr\/tr_tr\/acik-pozisyonlarimiz\/\" \/>\n<meta property=\"og:locale\" content=\"tr_TR\" \/>\n<meta property=\"og:locale:alternate\" content=\"en_US\" \/>\n<meta property=\"og:type\" content=\"article\" \/>\n<meta property=\"og:title\" content=\"A\u00e7\u0131k Pozisyonlar\u0131m\u0131z\" \/>\n<meta property=\"og:description\" content=\"\u00dcretim M\u00fcd\u00fcr\u00fc Halkla ili\u015fkiler Uzman\u0131\" \/>\n<meta property=\"og:url\" content=\"https:\/\/seanop.com.tr\/tr_tr\/acik-pozisyonlarimiz\/\" \/>\n<meta property=\"og:site_name\" content=\"Seanop\" \/>\n<meta property=\"article:modified_time\" content=\"2025-09-25T11:35:27+00:00\" \/>\n<meta name=\"twitter:card\" content=\"summary_large_image\" \/>\n<meta name=\"twitter:label1\" content=\"Tahmini okuma s\u00fcresi\" \/>\n\t<meta name=\"twitter:data1\" content=\"1 dakika\" \/>\n<script type=\"application\/ld+json\" class=\"yoast-schema-graph\">{\"@context\":\"https:\/\/schema.org\",\"@graph\":[{\"@type\":\"WebPage\",\"@id\":\"https:\/\/seanop.com.tr\/acik-pozisyonlarimiz\/\",\"url\":\"https:\/\/seanop.com.tr\/acik-pozisyonlarimiz\/\",\"name\":\"A\u00e7\u0131k Pozisyonlar\u0131m\u0131z\",\"isPartOf\":{\"@id\":\"https:\/\/seanop.com.tr\/#website\"},\"datePublished\":\"2024-11-11T17:20:20+00:00\",\"dateModified\":\"2025-09-25T11:35:27+00:00\",\"breadcrumb\":{\"@id\":\"https:\/\/seanop.com.tr\/acik-pozisyonlarimiz\/#breadcrumb\"},\"inLanguage\":\"tr-TR\",\"potentialAction\":[{\"@type\":\"ReadAction\",\"target\":[\"https:\/\/seanop.com.tr\/acik-pozisyonlarimiz\/\"]}]},{\"@type\":\"BreadcrumbList\",\"@id\":\"https:\/\/seanop.com.tr\/acik-pozisyonlarimiz\/#breadcrumb\",\"itemListElement\":[{\"@type\":\"ListItem\",\"position\":1,\"name\":\"Anasayfa\",\"item\":\"https:\/\/seanop.com.tr\/\"},{\"@type\":\"ListItem\",\"position\":2,\"name\":\"A\u00e7\u0131k Pozisyonlar\u0131m\u0131z\"}]},{\"@type\":\"WebSite\",\"@id\":\"https:\/\/seanop.com.tr\/#website\",\"url\":\"https:\/\/seanop.com.tr\/\",\"name\":\"Seanop\",\"description\":\"\",\"publisher\":{\"@id\":\"https:\/\/seanop.com.tr\/#organization\"},\"potentialAction\":[{\"@type\":\"SearchAction\",\"target\":{\"@type\":\"EntryPoint\",\"urlTemplate\":\"https:\/\/seanop.com.tr\/?s={search_term_string}\"},\"query-input\":{\"@type\":\"PropertyValueSpecification\",\"valueRequired\":true,\"valueName\":\"search_term_string\"}}],\"inLanguage\":\"tr-TR\"},{\"@type\":\"Organization\",\"@id\":\"https:\/\/seanop.com.tr\/#organization\",\"name\":\"Seanop\",\"url\":\"https:\/\/seanop.com.tr\/\",\"logo\":{\"@type\":\"ImageObject\",\"inLanguage\":\"tr-TR\",\"@id\":\"https:\/\/seanop.com.tr\/#\/schema\/logo\/image\/\",\"url\":\"https:\/\/seanop.com.tr\/wp-content\/uploads\/2024\/11\/seanop-logo.png\",\"contentUrl\":\"https:\/\/seanop.com.tr\/wp-content\/uploads\/2024\/11\/seanop-logo.png\",\"width\":568,\"height\":129,\"caption\":\"Seanop\"},\"image\":{\"@id\":\"https:\/\/seanop.com.tr\/#\/schema\/logo\/image\/\"}}]}<\/script>\n<!-- \/ Yoast SEO plugin. -->","yoast_head_json":{"title":"A\u00e7\u0131k Pozisyonlar\u0131m\u0131z","robots":{"index":"index","follow":"follow","max-snippet":"max-snippet:-1","max-image-preview":"max-image-preview:large","max-video-preview":"max-video-preview:-1"},"canonical":"https:\/\/seanop.com.tr\/tr_tr\/acik-pozisyonlarimiz\/","og_locale":"tr_TR","og_type":"article","og_title":"[:tr]A\u00e7\u0131k Pozisyonlar\u0131m\u0131z[:en]Open Positions[:] - Seanop","og_description":"\u00dcretim M\u00fcd\u00fcr\u00fc Halkla ili\u015fkiler Uzman\u0131","og_url":"https:\/\/seanop.com.tr\/tr_tr\/acik-pozisyonlarimiz\/","og_site_name":"Seanop","article_modified_time":"2025-09-25T11:35:27+00:00","twitter_card":"summary_large_image","twitter_misc":{"Tahmini okuma s\u00fcresi":"1 dakika"},"schema":{"@context":"https:\/\/schema.org","@graph":[{"@type":"WebPage","@id":"https:\/\/seanop.com.tr\/acik-pozisyonlarimiz\/","url":"https:\/\/seanop.com.tr\/acik-pozisyonlarimiz\/","name":"A\u00e7\u0131k Pozisyonlar\u0131m\u0131z","isPartOf":{"@id":"https:\/\/seanop.com.tr\/#website"},"datePublished":"2024-11-11T17:20:20+00:00","dateModified":"2025-09-25T11:35:27+00:00","breadcrumb":{"@id":"https:\/\/seanop.com.tr\/acik-pozisyonlarimiz\/#breadcrumb"},"inLanguage":"tr-TR","potentialAction":[{"@type":"ReadAction","target":["https:\/\/seanop.com.tr\/acik-pozisyonlarimiz\/"]}]},{"@type":"BreadcrumbList","@id":"https:\/\/seanop.com.tr\/acik-pozisyonlarimiz\/#breadcrumb","itemListElement":[{"@type":"ListItem","position":1,"name":"Anasayfa","item":"https:\/\/seanop.com.tr\/"},{"@type":"ListItem","position":2,"name":"A\u00e7\u0131k Pozisyonlar\u0131m\u0131z"}]},{"@type":"WebSite","@id":"https:\/\/seanop.com.tr\/#website","url":"https:\/\/seanop.com.tr\/","name":"Seanop","description":"","publisher":{"@id":"https:\/\/seanop.com.tr\/#organization"},"potentialAction":[{"@type":"SearchAction","target":{"@type":"EntryPoint","urlTemplate":"https:\/\/seanop.com.tr\/?s={search_term_string}"},"query-input":{"@type":"PropertyValueSpecification","valueRequired":true,"valueName":"search_term_string"}}],"inLanguage":"tr-TR"},{"@type":"Organization","@id":"https:\/\/seanop.com.tr\/#organization","name":"Seanop","url":"https:\/\/seanop.com.tr\/","logo":{"@type":"ImageObject","inLanguage":"tr-TR","@id":"https:\/\/seanop.com.tr\/#\/schema\/logo\/image\/","url":"https:\/\/seanop.com.tr\/wp-content\/uploads\/2024\/11\/seanop-logo.png","contentUrl":"https:\/\/seanop.com.tr\/wp-content\/uploads\/2024\/11\/seanop-logo.png","width":568,"height":129,"caption":"Seanop"},"image":{"@id":"https:\/\/seanop.com.tr\/#\/schema\/logo\/image\/"}}]}},"_links":{"self":[{"href":"https:\/\/seanop.com.tr\/tr_tr\/wp-json\/wp\/v2\/pages\/6328","targetHints":{"allow":["GET"]}}],"collection":[{"href":"https:\/\/seanop.com.tr\/tr_tr\/wp-json\/wp\/v2\/pages"}],"about":[{"href":"https:\/\/seanop.com.tr\/tr_tr\/wp-json\/wp\/v2\/types\/page"}],"author":[{"embeddable":true,"href":"https:\/\/seanop.com.tr\/tr_tr\/wp-json\/wp\/v2\/users\/1"}],"replies":[{"embeddable":true,"href":"https:\/\/seanop.com.tr\/tr_tr\/wp-json\/wp\/v2\/comments?post=6328"}],"version-history":[{"count":41,"href":"https:\/\/seanop.com.tr\/tr_tr\/wp-json\/wp\/v2\/pages\/6328\/revisions"}],"predecessor-version":[{"id":7544,"href":"https:\/\/seanop.com.tr\/tr_tr\/wp-json\/wp\/v2\/pages\/6328\/revisions\/7544"}],"wp:attachment":[{"href":"https:\/\/seanop.com.tr\/tr_tr\/wp-json\/wp\/v2\/media?parent=6328"}],"curies":[{"name":"wp","href":"https:\/\/api.w.org\/{rel}","templated":true}]}}