{"id":6263,"date":"2024-11-10T23:13:35","date_gmt":"2024-11-10T20:13:35","guid":{"rendered":"http:\/\/seanop.com.tr\/?page_id=6263"},"modified":"2025-05-22T00:40:12","modified_gmt":"2025-05-21T21:40:12","slug":"isg-politikamiz","status":"publish","type":"page","link":"https:\/\/seanop.com.tr\/tr_tr\/isg-politikamiz\/","title":{"rendered":"\u0130SG Politikam\u0131z"},"content":{"rendered":"\t\t<div data-elementor-type=\"wp-page\" data-elementor-id=\"6263\" class=\"elementor elementor-6263\" data-elementor-post-type=\"page\">\n\t\t\t\t\t\t<section class=\"elementor-section elementor-top-section elementor-element elementor-element-cb05707 elementor-section-stretched elementor-section-boxed elementor-section-height-default elementor-section-height-default jltma-glass-effect-no\" data-id=\"cb05707\" data-element_type=\"section\" data-settings=\"{&quot;stretch_section&quot;:&quot;section-stretched&quot;}\">\n\t\t\t\t\t\t<div class=\"elementor-container elementor-column-gap-no\">\n\t\t\t\t\t<div class=\"elementor-column elementor-col-50 elementor-top-column elementor-element elementor-element-fe2e61c jltma-glass-effect-no\" data-id=\"fe2e61c\" data-element_type=\"column\">\n\t\t\t<div class=\"elementor-widget-wrap elementor-element-populated\">\n\t\t\t\t\t\t<section class=\"elementor-section elementor-inner-section elementor-element elementor-element-1f140abe elementor-section-full_width elementor-section-height-default elementor-section-height-default jltma-glass-effect-no\" data-id=\"1f140abe\" data-element_type=\"section\">\n\t\t\t\t\t\t<div class=\"elementor-container elementor-column-gap-default\">\n\t\t\t\t\t<div class=\"elementor-column elementor-col-100 elementor-inner-column elementor-element elementor-element-343e866b jltma-glass-effect-no\" data-id=\"343e866b\" data-element_type=\"column\">\n\t\t\t<div class=\"elementor-widget-wrap elementor-element-populated\">\n\t\t\t\t\t\t<div class=\"elementor-element elementor-element-637dcd25 elementor-widget__width-inherit elementor-absolute jltma-glass-effect-no elementor-widget elementor-widget-heading\" data-id=\"637dcd25\" data-element_type=\"widget\" data-settings=\"{&quot;_position&quot;:&quot;absolute&quot;}\" data-widget_type=\"heading.default\">\n\t\t\t\t<div class=\"elementor-widget-container\">\n\t\t\t\t\t<h2 class=\"elementor-heading-title elementor-size-default\">\u0130SG Politikam\u0131z<\/h2>\t\t\t\t<\/div>\n\t\t\t\t<\/div>\n\t\t\t\t\t<\/div>\n\t\t<\/div>\n\t\t\t\t\t<\/div>\n\t\t<\/section>\n\t\t\t\t<div class=\"elementor-element elementor-element-15a0917f elementor-widget__width-initial jltma-glass-effect-no elementor-widget elementor-widget-heading\" data-id=\"15a0917f\" data-element_type=\"widget\" data-no-translation=\"\" data-widget_type=\"heading.default\">\n\t\t\t\t<div class=\"elementor-widget-container\">\n\t\t\t\t\t<h1 class=\"elementor-heading-title elementor-size-default\">G\u00fcvenli ve sa\u011fl\u0131kl\u0131 bir \u00e7al\u0131\u015fma ortam\u0131<\/h1>\t\t\t\t<\/div>\n\t\t\t\t<\/div>\n\t\t\t\t<div class=\"elementor-element elementor-element-eb59215 elementor-widget__width-initial jltma-glass-effect-no elementor-widget elementor-widget-heading\" data-id=\"eb59215\" data-element_type=\"widget\" data-no-translation=\"\" data-widget_type=\"heading.default\">\n\t\t\t\t<div class=\"elementor-widget-container\">\n\t\t\t\t\t<style>.elementor-element-eb59215{display:none !important}<\/style>\t\t\t\t<\/div>\n\t\t\t\t<\/div>\n\t\t\t\t\t<\/div>\n\t\t<\/div>\n\t\t\t\t<div class=\"elementor-column elementor-col-50 elementor-top-column elementor-element elementor-element-2211093d jltma-glass-effect-no\" data-id=\"2211093d\" data-element_type=\"column\">\n\t\t\t<div class=\"elementor-widget-wrap elementor-element-populated\">\n\t\t\t\t\t\t<div class=\"elementor-element elementor-element-594c75c elementor-widget__width-initial jltma-glass-effect-no elementor-widget elementor-widget-text-editor\" data-id=\"594c75c\" data-element_type=\"widget\" data-no-translation=\"\" data-widget_type=\"text-editor.default\">\n\t\t\t\t<div class=\"elementor-widget-container\">\n\t\t\t\t\t\t\t\t\t<ul><li>T\u00fcm \u00e7al\u0131\u015fanlar\u0131m\u0131z\u0131n d\u00fczenli olarak i\u015f sa\u011fl\u0131\u011f\u0131 ve g\u00fcvenli\u011fi e\u011fitimleri almas\u0131n\u0131 sa\u011fl\u0131yor, fark\u0131ndal\u0131klar\u0131n\u0131 art\u0131r\u0131yoruz.<\/li><li>\u00c7al\u0131\u015fma alanlar\u0131m\u0131z\u0131 s\u00fcrekli olarak denetleyerek ve gerekli iyile\u015ftirmeleri yaparak, g\u00fcvenli ve sa\u011fl\u0131kl\u0131 bir \u00e7al\u0131\u015fma ortam\u0131 sunuyoruz.<\/li><li>\u00c7al\u0131\u015fanlar\u0131m\u0131z\u0131n i\u015f g\u00fcvenli\u011fini sa\u011flamak amac\u0131yla, gerekli t\u00fcm ki\u015fisel koruyucu ekipmanlar\u0131 temin ediyor ve kullan\u0131lmas\u0131n\u0131 te\u015fvik ediyoruz.<\/li><li>Acil durumlar i\u00e7in kapsaml\u0131 eylem planlar\u0131 haz\u0131rl\u0131yor, d\u00fczenli tatbikatlar d\u00fczenleyerek \u00e7al\u0131\u015fanlar\u0131m\u0131z\u0131n bu durumlara haz\u0131rl\u0131kl\u0131 olmas\u0131n\u0131 sa\u011fl\u0131yoruz.<\/li><li>\u00c7al\u0131\u015fanlar\u0131m\u0131z\u0131n sa\u011fl\u0131k durumlar\u0131n\u0131 d\u00fczenli olarak kontrol ediyor, i\u015f yerinde sa\u011fl\u0131k hizmetlerine eri\u015fimlerini kolayla\u015ft\u0131r\u0131yoruz.<\/li><li>\u0130\u015f kazalar\u0131n\u0131 en aza indirmek i\u00e7in risk de\u011ferlendirmeleri yap\u0131yor, g\u00fcvenlik \u00f6nlemlerini s\u00fcrekli olarak g\u00fcncelliyoruz.<\/li><\/ul><p>Bu taahh\u00fctlerimizle, \u00e7al\u0131\u015fanlar\u0131m\u0131z\u0131n sa\u011fl\u0131\u011f\u0131n\u0131 ve g\u00fcvenli\u011fini en \u00fcst d\u00fczeyde korumay\u0131 hedefliyoruz.<\/p>\t\t\t\t\t\t\t\t<\/div>\n\t\t\t\t<\/div>\n\t\t\t\t<div class=\"elementor-element elementor-element-7182ef8 elementor-widget__width-initial jltma-glass-effect-no elementor-widget elementor-widget-text-editor\" data-id=\"7182ef8\" data-element_type=\"widget\" data-no-translation=\"\" data-widget_type=\"text-editor.default\">\n\t\t\t\t<div class=\"elementor-widget-container\">\n\t\t\t\t\t<style>.elementor-element-7182ef8{display:none !important}<\/style>\t\t\t\t<\/div>\n\t\t\t\t<\/div>\n\t\t\t\t\t<\/div>\n\t\t<\/div>\n\t\t\t\t\t<\/div>\n\t\t<\/section>\n\t\t\t\t<\/div>\n\t\t","protected":false},"excerpt":{"rendered":"<p>\u0130SG Politikam\u0131z G\u00fcvenli ve sa\u011fl\u0131kl\u0131 bir \u00e7al\u0131\u015fma ortam\u0131 T\u00fcm \u00e7al\u0131\u015fanlar\u0131m\u0131z\u0131n d\u00fczenli olarak i\u015f sa\u011fl\u0131\u011f\u0131 ve g\u00fcvenli\u011fi e\u011fitimleri almas\u0131n\u0131 sa\u011fl\u0131yor, fark\u0131ndal\u0131klar\u0131n\u0131<span class=\"more-dots\">&#8230;<\/span><\/p>\n","protected":false},"author":1,"featured_media":0,"parent":0,"menu_order":0,"comment_status":"closed","ping_status":"closed","template":"page-templates\/full-width.php","meta":{"footnotes":""},"class_list":["post-6263","page","type-page","status-publish","hentry"],"yoast_head":"<!-- This site is optimized with the Yoast SEO plugin v26.1.1 - https:\/\/yoast.com\/wordpress\/plugins\/seo\/ -->\n<title>\u0130SG Politikam\u0131z<\/title>\n<meta name=\"robots\" content=\"index, follow, max-snippet:-1, max-image-preview:large, max-video-preview:-1\" \/>\n<link rel=\"canonical\" href=\"https:\/\/seanop.com.tr\/tr_tr\/isg-politikamiz\/\" \/>\n<meta property=\"og:locale\" content=\"tr_TR\" \/>\n<meta property=\"og:locale:alternate\" content=\"en_US\" \/>\n<meta property=\"og:type\" content=\"article\" \/>\n<meta property=\"og:title\" content=\"\u0130SG Politikam\u0131z\" \/>\n<meta property=\"og:description\" content=\"\u0130SG Politikam\u0131z G\u00fcvenli ve sa\u011fl\u0131kl\u0131 bir \u00e7al\u0131\u015fma ortam\u0131 T\u00fcm \u00e7al\u0131\u015fanlar\u0131m\u0131z\u0131n d\u00fczenli olarak i\u015f sa\u011fl\u0131\u011f\u0131 ve g\u00fcvenli\u011fi e\u011fitimleri almas\u0131n\u0131 sa\u011fl\u0131yor, fark\u0131ndal\u0131klar\u0131n\u0131...\" \/>\n<meta property=\"og:url\" content=\"https:\/\/seanop.com.tr\/tr_tr\/isg-politikamiz\/\" \/>\n<meta property=\"og:site_name\" content=\"Seanop\" \/>\n<meta property=\"article:modified_time\" content=\"2025-05-21T21:40:12+00:00\" \/>\n<meta name=\"twitter:card\" content=\"summary_large_image\" \/>\n<meta name=\"twitter:label1\" content=\"Tahmini okuma s\u00fcresi\" \/>\n\t<meta name=\"twitter:data1\" content=\"2 dakika\" \/>\n<script type=\"application\/ld+json\" class=\"yoast-schema-graph\">{\"@context\":\"https:\/\/schema.org\",\"@graph\":[{\"@type\":\"WebPage\",\"@id\":\"https:\/\/seanop.com.tr\/en\/isg-politikamiz\/\",\"url\":\"https:\/\/seanop.com.tr\/en\/isg-politikamiz\/\",\"name\":\"\u0130SG Politikam\u0131z\",\"isPartOf\":{\"@id\":\"https:\/\/seanop.com.tr\/#website\"},\"datePublished\":\"2024-11-10T20:13:35+00:00\",\"dateModified\":\"2025-05-21T21:40:12+00:00\",\"breadcrumb\":{\"@id\":\"https:\/\/seanop.com.tr\/en\/isg-politikamiz\/#breadcrumb\"},\"inLanguage\":\"tr-TR\",\"potentialAction\":[{\"@type\":\"ReadAction\",\"target\":[\"https:\/\/seanop.com.tr\/en\/isg-politikamiz\/\"]}]},{\"@type\":\"BreadcrumbList\",\"@id\":\"https:\/\/seanop.com.tr\/en\/isg-politikamiz\/#breadcrumb\",\"itemListElement\":[{\"@type\":\"ListItem\",\"position\":1,\"name\":\"Anasayfa\",\"item\":\"https:\/\/seanop.com.tr\/\"},{\"@type\":\"ListItem\",\"position\":2,\"name\":\"OHS Policy\"}]},{\"@type\":\"WebSite\",\"@id\":\"https:\/\/seanop.com.tr\/#website\",\"url\":\"https:\/\/seanop.com.tr\/\",\"name\":\"Seanop\",\"description\":\"\",\"publisher\":{\"@id\":\"https:\/\/seanop.com.tr\/#organization\"},\"potentialAction\":[{\"@type\":\"SearchAction\",\"target\":{\"@type\":\"EntryPoint\",\"urlTemplate\":\"https:\/\/seanop.com.tr\/?s={search_term_string}\"},\"query-input\":{\"@type\":\"PropertyValueSpecification\",\"valueRequired\":true,\"valueName\":\"search_term_string\"}}],\"inLanguage\":\"tr-TR\"},{\"@type\":\"Organization\",\"@id\":\"https:\/\/seanop.com.tr\/#organization\",\"name\":\"Seanop\",\"url\":\"https:\/\/seanop.com.tr\/\",\"logo\":{\"@type\":\"ImageObject\",\"inLanguage\":\"tr-TR\",\"@id\":\"https:\/\/seanop.com.tr\/#\/schema\/logo\/image\/\",\"url\":\"https:\/\/seanop.com.tr\/wp-content\/uploads\/2024\/11\/seanop-logo.png\",\"contentUrl\":\"https:\/\/seanop.com.tr\/wp-content\/uploads\/2024\/11\/seanop-logo.png\",\"width\":568,\"height\":129,\"caption\":\"Seanop\"},\"image\":{\"@id\":\"https:\/\/seanop.com.tr\/#\/schema\/logo\/image\/\"}}]}<\/script>\n<!-- \/ Yoast SEO plugin. -->","yoast_head_json":{"title":"\u0130SG Politikam\u0131z","robots":{"index":"index","follow":"follow","max-snippet":"max-snippet:-1","max-image-preview":"max-image-preview:large","max-video-preview":"max-video-preview:-1"},"canonical":"https:\/\/seanop.com.tr\/tr_tr\/isg-politikamiz\/","og_locale":"tr_TR","og_type":"article","og_title":"[:tr]\u0130SG Politikam\u0131z[:en]OHS Policy[:] - Seanop","og_description":"\u0130SG Politikam\u0131z G\u00fcvenli ve sa\u011fl\u0131kl\u0131 bir \u00e7al\u0131\u015fma ortam\u0131 T\u00fcm \u00e7al\u0131\u015fanlar\u0131m\u0131z\u0131n d\u00fczenli olarak i\u015f sa\u011fl\u0131\u011f\u0131 ve g\u00fcvenli\u011fi e\u011fitimleri almas\u0131n\u0131 sa\u011fl\u0131yor, fark\u0131ndal\u0131klar\u0131n\u0131...","og_url":"https:\/\/seanop.com.tr\/tr_tr\/isg-politikamiz\/","og_site_name":"Seanop","article_modified_time":"2025-05-21T21:40:12+00:00","twitter_card":"summary_large_image","twitter_misc":{"Tahmini okuma s\u00fcresi":"2 dakika"},"schema":{"@context":"https:\/\/schema.org","@graph":[{"@type":"WebPage","@id":"https:\/\/seanop.com.tr\/en\/isg-politikamiz\/","url":"https:\/\/seanop.com.tr\/en\/isg-politikamiz\/","name":"\u0130SG Politikam\u0131z","isPartOf":{"@id":"https:\/\/seanop.com.tr\/#website"},"datePublished":"2024-11-10T20:13:35+00:00","dateModified":"2025-05-21T21:40:12+00:00","breadcrumb":{"@id":"https:\/\/seanop.com.tr\/en\/isg-politikamiz\/#breadcrumb"},"inLanguage":"tr-TR","potentialAction":[{"@type":"ReadAction","target":["https:\/\/seanop.com.tr\/en\/isg-politikamiz\/"]}]},{"@type":"BreadcrumbList","@id":"https:\/\/seanop.com.tr\/en\/isg-politikamiz\/#breadcrumb","itemListElement":[{"@type":"ListItem","position":1,"name":"Anasayfa","item":"https:\/\/seanop.com.tr\/"},{"@type":"ListItem","position":2,"name":"OHS Policy"}]},{"@type":"WebSite","@id":"https:\/\/seanop.com.tr\/#website","url":"https:\/\/seanop.com.tr\/","name":"Seanop","description":"","publisher":{"@id":"https:\/\/seanop.com.tr\/#organization"},"potentialAction":[{"@type":"SearchAction","target":{"@type":"EntryPoint","urlTemplate":"https:\/\/seanop.com.tr\/?s={search_term_string}"},"query-input":{"@type":"PropertyValueSpecification","valueRequired":true,"valueName":"search_term_string"}}],"inLanguage":"tr-TR"},{"@type":"Organization","@id":"https:\/\/seanop.com.tr\/#organization","name":"Seanop","url":"https:\/\/seanop.com.tr\/","logo":{"@type":"ImageObject","inLanguage":"tr-TR","@id":"https:\/\/seanop.com.tr\/#\/schema\/logo\/image\/","url":"https:\/\/seanop.com.tr\/wp-content\/uploads\/2024\/11\/seanop-logo.png","contentUrl":"https:\/\/seanop.com.tr\/wp-content\/uploads\/2024\/11\/seanop-logo.png","width":568,"height":129,"caption":"Seanop"},"image":{"@id":"https:\/\/seanop.com.tr\/#\/schema\/logo\/image\/"}}]}},"_links":{"self":[{"href":"https:\/\/seanop.com.tr\/tr_tr\/wp-json\/wp\/v2\/pages\/6263","targetHints":{"allow":["GET"]}}],"collection":[{"href":"https:\/\/seanop.com.tr\/tr_tr\/wp-json\/wp\/v2\/pages"}],"about":[{"href":"https:\/\/seanop.com.tr\/tr_tr\/wp-json\/wp\/v2\/types\/page"}],"author":[{"embeddable":true,"href":"https:\/\/seanop.com.tr\/tr_tr\/wp-json\/wp\/v2\/users\/1"}],"replies":[{"embeddable":true,"href":"https:\/\/seanop.com.tr\/tr_tr\/wp-json\/wp\/v2\/comments?post=6263"}],"version-history":[{"count":8,"href":"https:\/\/seanop.com.tr\/tr_tr\/wp-json\/wp\/v2\/pages\/6263\/revisions"}],"predecessor-version":[{"id":7274,"href":"https:\/\/seanop.com.tr\/tr_tr\/wp-json\/wp\/v2\/pages\/6263\/revisions\/7274"}],"wp:attachment":[{"href":"https:\/\/seanop.com.tr\/tr_tr\/wp-json\/wp\/v2\/media?parent=6263"}],"curies":[{"name":"wp","href":"https:\/\/api.w.org\/{rel}","templated":true}]}}