{"id":6239,"date":"2024-11-10T20:58:16","date_gmt":"2024-11-10T17:58:16","guid":{"rendered":"http:\/\/seanop.com.tr\/?page_id=6239"},"modified":"2025-05-22T00:19:02","modified_gmt":"2025-05-21T21:19:02","slug":"sertifikalarimiz","status":"publish","type":"page","link":"https:\/\/seanop.com.tr\/tr_tr\/sertifikalarimiz\/","title":{"rendered":"Sertifikalar\u0131m\u0131z"},"content":{"rendered":"\t\t<div data-elementor-type=\"wp-page\" data-elementor-id=\"6239\" class=\"elementor elementor-6239\" data-elementor-post-type=\"page\">\n\t\t\t\t\t\t<div class=\"elementor-section elementor-top-section elementor-element elementor-element-3e942073 elementor-section-boxed elementor-section-height-default elementor-section-height-default jltma-glass-effect-no\" data-id=\"3e942073\" data-element_type=\"section\">\n\t\t\t\t\t\t<div class=\"elementor-container elementor-column-gap-custom\">\n\t\t\t\t\t<div class=\"elementor-column elementor-col-100 elementor-top-column elementor-element elementor-element-6c3862f1 jltma-glass-effect-no\" data-id=\"6c3862f1\" data-element_type=\"column\">\n\t\t\t<div class=\"elementor-widget-wrap elementor-element-populated\">\n\t\t\t\t\t\t\t<\/div>\n\t\t<\/div>\n\t\t\t\t\t<\/div>\n\t\t<\/div>\n\t\t\t\t<section class=\"elementor-section elementor-top-section elementor-element elementor-element-246f991f elementor-section-boxed elementor-section-height-default elementor-section-height-default jltma-glass-effect-no\" data-id=\"246f991f\" data-element_type=\"section\">\n\t\t\t\t\t\t<div class=\"elementor-container elementor-column-gap-custom\">\n\t\t\t\t\t<div class=\"elementor-column elementor-col-50 elementor-top-column elementor-element elementor-element-4871b416 jltma-glass-effect-no\" data-id=\"4871b416\" data-element_type=\"column\">\n\t\t\t<div class=\"elementor-widget-wrap elementor-element-populated\">\n\t\t\t\t\t\t<div class=\"elementor-element elementor-element-668584c jltma-glass-effect-no elementor-widget elementor-widget-image\" data-id=\"668584c\" data-element_type=\"widget\" data-widget_type=\"image.default\">\n\t\t\t\t<div class=\"elementor-widget-container\">\n\t\t\t\t\t\t\t\t\t\t\t\t\t\t\t\t<a href=\"https:\/\/seanop.com.tr\/iso-90012015-kalite-yonetim-sistemi\/\">\n\t\t\t\t\t\t\t<img fetchpriority=\"high\" decoding=\"async\" width=\"1024\" height=\"690\" src=\"https:\/\/seanop.com.tr\/wp-content\/uploads\/2024\/11\/certified-1024x690.jpg\" class=\"attachment-large size-large wp-image-6670\" alt=\"\" srcset=\"https:\/\/seanop.com.tr\/wp-content\/uploads\/2024\/11\/certified-1024x690.jpg 1024w, https:\/\/seanop.com.tr\/wp-content\/uploads\/2024\/11\/certified-300x202.jpg 300w, https:\/\/seanop.com.tr\/wp-content\/uploads\/2024\/11\/certified-768x517.jpg 768w, https:\/\/seanop.com.tr\/wp-content\/uploads\/2024\/11\/certified-610x411.jpg 610w, https:\/\/seanop.com.tr\/wp-content\/uploads\/2024\/11\/certified.jpg 1140w\" sizes=\"(max-width: 1024px) 100vw, 1024px\" \/>\t\t\t\t\t\t\t\t<\/a>\n\t\t\t\t\t\t\t\t\t\t\t\t\t\t\t<\/div>\n\t\t\t\t<\/div>\n\t\t\t\t<div class=\"elementor-element elementor-element-6dc2e14e jltma-glass-effect-no elementor-widget elementor-widget-heading\" data-id=\"6dc2e14e\" data-element_type=\"widget\" data-no-translation=\"\" data-widget_type=\"heading.default\">\n\t\t\t\t<div class=\"elementor-widget-container\">\n\t\t\t\t\t<p class=\"elementor-heading-title elementor-size-default\"><a href=\"https:\/\/seanop.com.tr\/iso-90012015-kalite-yonetim-sistemi\/\">ISO 9001:2015 \u2013 Kalite Y\u00f6netim Sistemi<\/a><\/p>\t\t\t\t<\/div>\n\t\t\t\t<\/div>\n\t\t\t\t<div class=\"elementor-element elementor-element-2675805 jltma-glass-effect-no elementor-widget elementor-widget-heading\" data-id=\"2675805\" data-element_type=\"widget\" data-no-translation=\"\" data-widget_type=\"heading.default\">\n\t\t\t\t<div class=\"elementor-widget-container\">\n\t\t\t\t\t<style>.elementor-element-2675805{display:none !important}<\/style>\t\t\t\t<\/div>\n\t\t\t\t<\/div>\n\t\t\t\t\t<\/div>\n\t\t<\/div>\n\t\t\t\t<div class=\"elementor-column elementor-col-50 elementor-top-column elementor-element elementor-element-5955177 jltma-glass-effect-no\" data-id=\"5955177\" data-element_type=\"column\">\n\t\t\t<div class=\"elementor-widget-wrap elementor-element-populated\">\n\t\t\t\t\t\t<div class=\"elementor-element elementor-element-a518263 jltma-glass-effect-no elementor-widget elementor-widget-image\" data-id=\"a518263\" data-element_type=\"widget\" data-widget_type=\"image.default\">\n\t\t\t\t<div class=\"elementor-widget-container\">\n\t\t\t\t\t\t\t\t\t\t\t\t\t\t\t\t<a href=\"https:\/\/seanop.com.tr\/iso-140012015-cevre-yonetim-sistemi\/\">\n\t\t\t\t\t\t\t<img fetchpriority=\"high\" decoding=\"async\" width=\"1024\" height=\"690\" src=\"https:\/\/seanop.com.tr\/wp-content\/uploads\/2024\/11\/certified-1024x690.jpg\" class=\"attachment-large size-large wp-image-6670\" alt=\"\" srcset=\"https:\/\/seanop.com.tr\/wp-content\/uploads\/2024\/11\/certified-1024x690.jpg 1024w, https:\/\/seanop.com.tr\/wp-content\/uploads\/2024\/11\/certified-300x202.jpg 300w, https:\/\/seanop.com.tr\/wp-content\/uploads\/2024\/11\/certified-768x517.jpg 768w, https:\/\/seanop.com.tr\/wp-content\/uploads\/2024\/11\/certified-610x411.jpg 610w, https:\/\/seanop.com.tr\/wp-content\/uploads\/2024\/11\/certified.jpg 1140w\" sizes=\"(max-width: 1024px) 100vw, 1024px\" \/>\t\t\t\t\t\t\t\t<\/a>\n\t\t\t\t\t\t\t\t\t\t\t\t\t\t\t<\/div>\n\t\t\t\t<\/div>\n\t\t\t\t<div class=\"elementor-element elementor-element-21385ea1 jltma-glass-effect-no elementor-widget elementor-widget-heading\" data-id=\"21385ea1\" data-element_type=\"widget\" data-no-translation=\"\" data-widget_type=\"heading.default\">\n\t\t\t\t<div class=\"elementor-widget-container\">\n\t\t\t\t\t<p class=\"elementor-heading-title elementor-size-default\"><a href=\"https:\/\/seanop.com.tr\/iso-140012015-cevre-yonetim-sistemi\/\">ISO 14001:2015 \u00c7evre Y\u00f6netim Sistemi<\/a><\/p>\t\t\t\t<\/div>\n\t\t\t\t<\/div>\n\t\t\t\t<div class=\"elementor-element elementor-element-a646a17 jltma-glass-effect-no elementor-widget elementor-widget-heading\" data-id=\"a646a17\" data-element_type=\"widget\" data-no-translation=\"\" data-widget_type=\"heading.default\">\n\t\t\t\t<div class=\"elementor-widget-container\">\n\t\t\t\t\t<style>.elementor-element-a646a17{display:none !important}<\/style>\t\t\t\t<\/div>\n\t\t\t\t<\/div>\n\t\t\t\t\t<\/div>\n\t\t<\/div>\n\t\t\t\t\t<\/div>\n\t\t<\/section>\n\t\t\t\t<section class=\"elementor-section elementor-top-section elementor-element elementor-element-e0f82be elementor-section-boxed elementor-section-height-default elementor-section-height-default jltma-glass-effect-no\" data-id=\"e0f82be\" data-element_type=\"section\">\n\t\t\t\t\t\t<div class=\"elementor-container elementor-column-gap-custom\">\n\t\t\t\t\t<div class=\"elementor-column elementor-col-50 elementor-top-column elementor-element elementor-element-9cfa60f jltma-glass-effect-no\" data-id=\"9cfa60f\" data-element_type=\"column\">\n\t\t\t<div class=\"elementor-widget-wrap elementor-element-populated\">\n\t\t\t\t\t\t<div class=\"elementor-element elementor-element-121552d jltma-glass-effect-no elementor-widget elementor-widget-image\" data-id=\"121552d\" data-element_type=\"widget\" data-widget_type=\"image.default\">\n\t\t\t\t<div class=\"elementor-widget-container\">\n\t\t\t\t\t\t\t\t\t\t\t\t\t\t\t\t<a href=\"https:\/\/seanop.com.tr\/iso-220002005-gida-guvenligi-yonetim-sistemi\/\">\n\t\t\t\t\t\t\t<img fetchpriority=\"high\" decoding=\"async\" width=\"1024\" height=\"690\" src=\"https:\/\/seanop.com.tr\/wp-content\/uploads\/2024\/11\/certified-1024x690.jpg\" class=\"attachment-large size-large wp-image-6670\" alt=\"\" srcset=\"https:\/\/seanop.com.tr\/wp-content\/uploads\/2024\/11\/certified-1024x690.jpg 1024w, https:\/\/seanop.com.tr\/wp-content\/uploads\/2024\/11\/certified-300x202.jpg 300w, https:\/\/seanop.com.tr\/wp-content\/uploads\/2024\/11\/certified-768x517.jpg 768w, https:\/\/seanop.com.tr\/wp-content\/uploads\/2024\/11\/certified-610x411.jpg 610w, https:\/\/seanop.com.tr\/wp-content\/uploads\/2024\/11\/certified.jpg 1140w\" sizes=\"(max-width: 1024px) 100vw, 1024px\" \/>\t\t\t\t\t\t\t\t<\/a>\n\t\t\t\t\t\t\t\t\t\t\t\t\t\t\t<\/div>\n\t\t\t\t<\/div>\n\t\t\t\t<div class=\"elementor-element elementor-element-4e8ae98 jltma-glass-effect-no elementor-widget elementor-widget-heading\" data-id=\"4e8ae98\" data-element_type=\"widget\" data-no-translation=\"\" data-widget_type=\"heading.default\">\n\t\t\t\t<div class=\"elementor-widget-container\">\n\t\t\t\t\t<p class=\"elementor-heading-title elementor-size-default\"><a href=\"https:\/\/seanop.com.tr\/iso-220002005-gida-guvenligi-yonetim-sistemi\/\"> ISO 22000:2005 G\u0131da G\u00fcvenli\u011fi Y\u00f6netim Sistemi  <\/a><\/p>\t\t\t\t<\/div>\n\t\t\t\t<\/div>\n\t\t\t\t<div class=\"elementor-element elementor-element-8fa3009 jltma-glass-effect-no elementor-widget elementor-widget-heading\" data-id=\"8fa3009\" data-element_type=\"widget\" data-no-translation=\"\" data-widget_type=\"heading.default\">\n\t\t\t\t<div class=\"elementor-widget-container\">\n\t\t\t\t\t<style>.elementor-element-8fa3009{display:none !important}<\/style>\t\t\t\t<\/div>\n\t\t\t\t<\/div>\n\t\t\t\t\t<\/div>\n\t\t<\/div>\n\t\t\t\t<div class=\"elementor-column elementor-col-50 elementor-top-column elementor-element elementor-element-ccbe732 jltma-glass-effect-no\" data-id=\"ccbe732\" data-element_type=\"column\">\n\t\t\t<div class=\"elementor-widget-wrap elementor-element-populated\">\n\t\t\t\t\t\t<div class=\"elementor-element elementor-element-32664d6 jltma-glass-effect-no elementor-widget elementor-widget-image\" data-id=\"32664d6\" data-element_type=\"widget\" data-widget_type=\"image.default\">\n\t\t\t\t<div class=\"elementor-widget-container\">\n\t\t\t\t\t\t\t\t\t\t\t\t\t\t\t\t<a href=\"https:\/\/seanop.com.tr\/iso-45001-ohsas-180012007-is-sagligi-ve-guvenligi-yonetim-sistemi\/\">\n\t\t\t\t\t\t\t<img fetchpriority=\"high\" decoding=\"async\" width=\"1024\" height=\"690\" src=\"https:\/\/seanop.com.tr\/wp-content\/uploads\/2024\/11\/certified-1024x690.jpg\" class=\"attachment-large size-large wp-image-6670\" alt=\"\" srcset=\"https:\/\/seanop.com.tr\/wp-content\/uploads\/2024\/11\/certified-1024x690.jpg 1024w, https:\/\/seanop.com.tr\/wp-content\/uploads\/2024\/11\/certified-300x202.jpg 300w, https:\/\/seanop.com.tr\/wp-content\/uploads\/2024\/11\/certified-768x517.jpg 768w, https:\/\/seanop.com.tr\/wp-content\/uploads\/2024\/11\/certified-610x411.jpg 610w, https:\/\/seanop.com.tr\/wp-content\/uploads\/2024\/11\/certified.jpg 1140w\" sizes=\"(max-width: 1024px) 100vw, 1024px\" \/>\t\t\t\t\t\t\t\t<\/a>\n\t\t\t\t\t\t\t\t\t\t\t\t\t\t\t<\/div>\n\t\t\t\t<\/div>\n\t\t\t\t<div class=\"elementor-element elementor-element-d7d1305 jltma-glass-effect-no elementor-widget elementor-widget-heading\" data-id=\"d7d1305\" data-element_type=\"widget\" data-no-translation=\"\" data-widget_type=\"heading.default\">\n\t\t\t\t<div class=\"elementor-widget-container\">\n\t\t\t\t\t<p class=\"elementor-heading-title elementor-size-default\"><a href=\"https:\/\/seanop.com.tr\/iso-45001-ohsas-180012007-is-sagligi-ve-guvenligi-yonetim-sistemi\/\">ISO 45001 \/ OHSAS 18001:2007 \u0130\u015f Sa\u011fl\u0131\u011f\u0131 ve G\u00fcvenli\u011fi Y\u00f6netim Sistemi<\/a><\/p>\t\t\t\t<\/div>\n\t\t\t\t<\/div>\n\t\t\t\t<div class=\"elementor-element elementor-element-a771da1 jltma-glass-effect-no elementor-widget elementor-widget-heading\" data-id=\"a771da1\" data-element_type=\"widget\" data-no-translation=\"\" data-widget_type=\"heading.default\">\n\t\t\t\t<div class=\"elementor-widget-container\">\n\t\t\t\t\t<style>.elementor-element-a771da1{display:none !important}<\/style>\t\t\t\t<\/div>\n\t\t\t\t<\/div>\n\t\t\t\t\t<\/div>\n\t\t<\/div>\n\t\t\t\t\t<\/div>\n\t\t<\/section>\n\t\t\t\t<\/div>\n\t\t","protected":false},"excerpt":{"rendered":"<p>ISO 9001:2015 \u2013 Kalite Y\u00f6netim Sistemi ISO 14001:2015 \u00c7evre Y\u00f6netim Sistemi ISO 22000:2005 G\u0131da G\u00fcvenli\u011fi Y\u00f6netim Sistemi ISO 45001 \/<span class=\"more-dots\">&#8230;<\/span><\/p>\n","protected":false},"author":1,"featured_media":0,"parent":0,"menu_order":0,"comment_status":"closed","ping_status":"closed","template":"page-templates\/full-width.php","meta":{"footnotes":""},"class_list":["post-6239","page","type-page","status-publish","hentry"],"yoast_head":"<!-- This site is optimized with the Yoast SEO plugin v26.1.1 - https:\/\/yoast.com\/wordpress\/plugins\/seo\/ -->\n<title>Sertifikalar\u0131m\u0131z<\/title>\n<meta name=\"robots\" content=\"index, follow, max-snippet:-1, max-image-preview:large, max-video-preview:-1\" \/>\n<link rel=\"canonical\" href=\"https:\/\/seanop.com.tr\/tr_tr\/sertifikalarimiz\/\" \/>\n<meta property=\"og:locale\" content=\"tr_TR\" \/>\n<meta property=\"og:locale:alternate\" content=\"en_US\" \/>\n<meta property=\"og:type\" content=\"article\" \/>\n<meta property=\"og:title\" content=\"Sertifikalar\u0131m\u0131z\" \/>\n<meta property=\"og:description\" content=\"ISO 9001:2015 \u2013 Kalite Y\u00f6netim Sistemi ISO 14001:2015 \u00c7evre Y\u00f6netim Sistemi ISO 22000:2005 G\u0131da G\u00fcvenli\u011fi Y\u00f6netim Sistemi ISO 45001 \/...\" \/>\n<meta property=\"og:url\" content=\"https:\/\/seanop.com.tr\/tr_tr\/sertifikalarimiz\/\" \/>\n<meta property=\"og:site_name\" content=\"Seanop\" \/>\n<meta property=\"article:modified_time\" content=\"2025-05-21T21:19:02+00:00\" \/>\n<meta property=\"og:image\" content=\"https:\/\/seanop.com.tr\/wp-content\/uploads\/2024\/11\/certified.jpg\" \/>\n\t<meta property=\"og:image:width\" content=\"1140\" \/>\n\t<meta property=\"og:image:height\" content=\"768\" \/>\n\t<meta property=\"og:image:type\" content=\"image\/jpeg\" \/>\n<meta name=\"twitter:card\" content=\"summary_large_image\" \/>\n<meta name=\"twitter:label1\" content=\"Tahmini okuma s\u00fcresi\" \/>\n\t<meta name=\"twitter:data1\" content=\"2 dakika\" \/>\n<script type=\"application\/ld+json\" class=\"yoast-schema-graph\">{\"@context\":\"https:\/\/schema.org\",\"@graph\":[{\"@type\":\"WebPage\",\"@id\":\"https:\/\/seanop.com.tr\/en\/sertifikalarimiz\/\",\"url\":\"https:\/\/seanop.com.tr\/en\/sertifikalarimiz\/\",\"name\":\"Sertifikalar\u0131m\u0131z\",\"isPartOf\":{\"@id\":\"https:\/\/seanop.com.tr\/#website\"},\"primaryImageOfPage\":{\"@id\":\"https:\/\/seanop.com.tr\/en\/sertifikalarimiz\/#primaryimage\"},\"image\":{\"@id\":\"https:\/\/seanop.com.tr\/en\/sertifikalarimiz\/#primaryimage\"},\"thumbnailUrl\":\"https:\/\/seanop.com.tr\/wp-content\/uploads\/2024\/11\/certified-1024x690.jpg\",\"datePublished\":\"2024-11-10T17:58:16+00:00\",\"dateModified\":\"2025-05-21T21:19:02+00:00\",\"breadcrumb\":{\"@id\":\"https:\/\/seanop.com.tr\/en\/sertifikalarimiz\/#breadcrumb\"},\"inLanguage\":\"tr-TR\",\"potentialAction\":[{\"@type\":\"ReadAction\",\"target\":[\"https:\/\/seanop.com.tr\/en\/sertifikalarimiz\/\"]}]},{\"@type\":\"ImageObject\",\"inLanguage\":\"tr-TR\",\"@id\":\"https:\/\/seanop.com.tr\/en\/sertifikalarimiz\/#primaryimage\",\"url\":\"https:\/\/seanop.com.tr\/wp-content\/uploads\/2024\/11\/certified-1024x690.jpg\",\"contentUrl\":\"https:\/\/seanop.com.tr\/wp-content\/uploads\/2024\/11\/certified-1024x690.jpg\"},{\"@type\":\"BreadcrumbList\",\"@id\":\"https:\/\/seanop.com.tr\/en\/sertifikalarimiz\/#breadcrumb\",\"itemListElement\":[{\"@type\":\"ListItem\",\"position\":1,\"name\":\"Anasayfa\",\"item\":\"https:\/\/seanop.com.tr\/\"},{\"@type\":\"ListItem\",\"position\":2,\"name\":\"Certifications\"}]},{\"@type\":\"WebSite\",\"@id\":\"https:\/\/seanop.com.tr\/#website\",\"url\":\"https:\/\/seanop.com.tr\/\",\"name\":\"Seanop\",\"description\":\"\",\"publisher\":{\"@id\":\"https:\/\/seanop.com.tr\/#organization\"},\"potentialAction\":[{\"@type\":\"SearchAction\",\"target\":{\"@type\":\"EntryPoint\",\"urlTemplate\":\"https:\/\/seanop.com.tr\/?s={search_term_string}\"},\"query-input\":{\"@type\":\"PropertyValueSpecification\",\"valueRequired\":true,\"valueName\":\"search_term_string\"}}],\"inLanguage\":\"tr-TR\"},{\"@type\":\"Organization\",\"@id\":\"https:\/\/seanop.com.tr\/#organization\",\"name\":\"Seanop\",\"url\":\"https:\/\/seanop.com.tr\/\",\"logo\":{\"@type\":\"ImageObject\",\"inLanguage\":\"tr-TR\",\"@id\":\"https:\/\/seanop.com.tr\/#\/schema\/logo\/image\/\",\"url\":\"https:\/\/seanop.com.tr\/wp-content\/uploads\/2024\/11\/seanop-logo.png\",\"contentUrl\":\"https:\/\/seanop.com.tr\/wp-content\/uploads\/2024\/11\/seanop-logo.png\",\"width\":568,\"height\":129,\"caption\":\"Seanop\"},\"image\":{\"@id\":\"https:\/\/seanop.com.tr\/#\/schema\/logo\/image\/\"}}]}<\/script>\n<!-- \/ Yoast SEO plugin. -->","yoast_head_json":{"title":"Sertifikalar\u0131m\u0131z","robots":{"index":"index","follow":"follow","max-snippet":"max-snippet:-1","max-image-preview":"max-image-preview:large","max-video-preview":"max-video-preview:-1"},"canonical":"https:\/\/seanop.com.tr\/tr_tr\/sertifikalarimiz\/","og_locale":"tr_TR","og_type":"article","og_title":"[:tr]Sertifikalar\u0131m\u0131z[:en]Certifications[:] - Seanop","og_description":"ISO 9001:2015 \u2013 Kalite Y\u00f6netim Sistemi ISO 14001:2015 \u00c7evre Y\u00f6netim Sistemi ISO 22000:2005 G\u0131da G\u00fcvenli\u011fi Y\u00f6netim Sistemi ISO 45001 \/...","og_url":"https:\/\/seanop.com.tr\/tr_tr\/sertifikalarimiz\/","og_site_name":"Seanop","article_modified_time":"2025-05-21T21:19:02+00:00","og_image":[{"width":1140,"height":768,"url":"https:\/\/seanop.com.tr\/wp-content\/uploads\/2024\/11\/certified.jpg","type":"image\/jpeg"}],"twitter_card":"summary_large_image","twitter_misc":{"Tahmini okuma s\u00fcresi":"2 dakika"},"schema":{"@context":"https:\/\/schema.org","@graph":[{"@type":"WebPage","@id":"https:\/\/seanop.com.tr\/en\/sertifikalarimiz\/","url":"https:\/\/seanop.com.tr\/en\/sertifikalarimiz\/","name":"Sertifikalar\u0131m\u0131z","isPartOf":{"@id":"https:\/\/seanop.com.tr\/#website"},"primaryImageOfPage":{"@id":"https:\/\/seanop.com.tr\/en\/sertifikalarimiz\/#primaryimage"},"image":{"@id":"https:\/\/seanop.com.tr\/en\/sertifikalarimiz\/#primaryimage"},"thumbnailUrl":"https:\/\/seanop.com.tr\/wp-content\/uploads\/2024\/11\/certified-1024x690.jpg","datePublished":"2024-11-10T17:58:16+00:00","dateModified":"2025-05-21T21:19:02+00:00","breadcrumb":{"@id":"https:\/\/seanop.com.tr\/en\/sertifikalarimiz\/#breadcrumb"},"inLanguage":"tr-TR","potentialAction":[{"@type":"ReadAction","target":["https:\/\/seanop.com.tr\/en\/sertifikalarimiz\/"]}]},{"@type":"ImageObject","inLanguage":"tr-TR","@id":"https:\/\/seanop.com.tr\/en\/sertifikalarimiz\/#primaryimage","url":"https:\/\/seanop.com.tr\/wp-content\/uploads\/2024\/11\/certified-1024x690.jpg","contentUrl":"https:\/\/seanop.com.tr\/wp-content\/uploads\/2024\/11\/certified-1024x690.jpg"},{"@type":"BreadcrumbList","@id":"https:\/\/seanop.com.tr\/en\/sertifikalarimiz\/#breadcrumb","itemListElement":[{"@type":"ListItem","position":1,"name":"Anasayfa","item":"https:\/\/seanop.com.tr\/"},{"@type":"ListItem","position":2,"name":"Certifications"}]},{"@type":"WebSite","@id":"https:\/\/seanop.com.tr\/#website","url":"https:\/\/seanop.com.tr\/","name":"Seanop","description":"","publisher":{"@id":"https:\/\/seanop.com.tr\/#organization"},"potentialAction":[{"@type":"SearchAction","target":{"@type":"EntryPoint","urlTemplate":"https:\/\/seanop.com.tr\/?s={search_term_string}"},"query-input":{"@type":"PropertyValueSpecification","valueRequired":true,"valueName":"search_term_string"}}],"inLanguage":"tr-TR"},{"@type":"Organization","@id":"https:\/\/seanop.com.tr\/#organization","name":"Seanop","url":"https:\/\/seanop.com.tr\/","logo":{"@type":"ImageObject","inLanguage":"tr-TR","@id":"https:\/\/seanop.com.tr\/#\/schema\/logo\/image\/","url":"https:\/\/seanop.com.tr\/wp-content\/uploads\/2024\/11\/seanop-logo.png","contentUrl":"https:\/\/seanop.com.tr\/wp-content\/uploads\/2024\/11\/seanop-logo.png","width":568,"height":129,"caption":"Seanop"},"image":{"@id":"https:\/\/seanop.com.tr\/#\/schema\/logo\/image\/"}}]}},"_links":{"self":[{"href":"https:\/\/seanop.com.tr\/tr_tr\/wp-json\/wp\/v2\/pages\/6239","targetHints":{"allow":["GET"]}}],"collection":[{"href":"https:\/\/seanop.com.tr\/tr_tr\/wp-json\/wp\/v2\/pages"}],"about":[{"href":"https:\/\/seanop.com.tr\/tr_tr\/wp-json\/wp\/v2\/types\/page"}],"author":[{"embeddable":true,"href":"https:\/\/seanop.com.tr\/tr_tr\/wp-json\/wp\/v2\/users\/1"}],"replies":[{"embeddable":true,"href":"https:\/\/seanop.com.tr\/tr_tr\/wp-json\/wp\/v2\/comments?post=6239"}],"version-history":[{"count":17,"href":"https:\/\/seanop.com.tr\/tr_tr\/wp-json\/wp\/v2\/pages\/6239\/revisions"}],"predecessor-version":[{"id":7248,"href":"https:\/\/seanop.com.tr\/tr_tr\/wp-json\/wp\/v2\/pages\/6239\/revisions\/7248"}],"wp:attachment":[{"href":"https:\/\/seanop.com.tr\/tr_tr\/wp-json\/wp\/v2\/media?parent=6239"}],"curies":[{"name":"wp","href":"https:\/\/api.w.org\/{rel}","templated":true}]}}