{"id":6169,"date":"2024-11-09T21:59:57","date_gmt":"2024-11-09T18:59:57","guid":{"rendered":"http:\/\/seanop.com.tr\/?page_id=6169"},"modified":"2025-05-21T23:14:24","modified_gmt":"2025-05-21T20:14:24","slug":"paydaslarimiz","status":"publish","type":"page","link":"https:\/\/seanop.com.tr\/tr_tr\/paydaslarimiz\/","title":{"rendered":"Payda\u015flar\u0131m\u0131z"},"content":{"rendered":"\t\t<div data-elementor-type=\"wp-page\" data-elementor-id=\"6169\" class=\"elementor elementor-6169\" data-elementor-post-type=\"page\">\n\t\t\t\t\t\t<section class=\"elementor-section elementor-top-section elementor-element elementor-element-a2a673d elementor-section-stretched elementor-section-boxed elementor-section-height-default elementor-section-height-default jltma-glass-effect-no\" data-id=\"a2a673d\" data-element_type=\"section\" data-settings=\"{&quot;stretch_section&quot;:&quot;section-stretched&quot;}\">\n\t\t\t\t\t\t<div class=\"elementor-container elementor-column-gap-no\">\n\t\t\t\t\t<div class=\"elementor-column elementor-col-100 elementor-top-column elementor-element elementor-element-d27a6aa jltma-glass-effect-no\" data-id=\"d27a6aa\" data-element_type=\"column\">\n\t\t\t<div class=\"elementor-widget-wrap elementor-element-populated\">\n\t\t\t\t\t\t<div class=\"elementor-element elementor-element-8ddae3f jltma-glass-effect-no elementor-widget elementor-widget-image\" data-id=\"8ddae3f\" data-element_type=\"widget\" data-widget_type=\"image.default\">\n\t\t\t\t<div class=\"elementor-widget-container\">\n\t\t\t\t\t\t\t\t\t\t\t\t\t\t\t<img fetchpriority=\"high\" decoding=\"async\" width=\"2000\" height=\"779\" src=\"https:\/\/seanop.com.tr\/wp-content\/uploads\/2024\/11\/paydaslar.jpg\" class=\"attachment-full size-full wp-image-6542\" alt=\"\" srcset=\"https:\/\/seanop.com.tr\/wp-content\/uploads\/2024\/11\/paydaslar.jpg 2000w, https:\/\/seanop.com.tr\/wp-content\/uploads\/2024\/11\/paydaslar-300x117.jpg 300w, https:\/\/seanop.com.tr\/wp-content\/uploads\/2024\/11\/paydaslar-1024x399.jpg 1024w, https:\/\/seanop.com.tr\/wp-content\/uploads\/2024\/11\/paydaslar-768x299.jpg 768w, https:\/\/seanop.com.tr\/wp-content\/uploads\/2024\/11\/paydaslar-1536x598.jpg 1536w, https:\/\/seanop.com.tr\/wp-content\/uploads\/2024\/11\/paydaslar-610x238.jpg 610w\" sizes=\"(max-width: 2000px) 100vw, 2000px\" \/>\t\t\t\t\t\t\t\t\t\t\t\t\t\t\t<\/div>\n\t\t\t\t<\/div>\n\t\t\t\t\t<\/div>\n\t\t<\/div>\n\t\t\t\t\t<\/div>\n\t\t<\/section>\n\t\t\t\t<section class=\"elementor-section elementor-top-section elementor-element elementor-element-7a38230 elementor-section-stretched elementor-section-boxed elementor-section-height-default elementor-section-height-default jltma-glass-effect-no\" data-id=\"7a38230\" data-element_type=\"section\" data-settings=\"{&quot;stretch_section&quot;:&quot;section-stretched&quot;}\">\n\t\t\t\t\t\t<div class=\"elementor-container elementor-column-gap-no\">\n\t\t\t\t\t<div class=\"elementor-column elementor-col-50 elementor-top-column elementor-element elementor-element-4e052ca jltma-glass-effect-no\" data-id=\"4e052ca\" data-element_type=\"column\">\n\t\t\t<div class=\"elementor-widget-wrap elementor-element-populated\">\n\t\t\t\t\t\t<section class=\"elementor-section elementor-inner-section elementor-element elementor-element-09d6407 elementor-section-full_width elementor-section-height-default elementor-section-height-default jltma-glass-effect-no\" data-id=\"09d6407\" data-element_type=\"section\">\n\t\t\t\t\t\t<div class=\"elementor-container elementor-column-gap-default\">\n\t\t\t\t\t<div class=\"elementor-column elementor-col-100 elementor-inner-column elementor-element elementor-element-488b2a1 jltma-glass-effect-no\" data-id=\"488b2a1\" data-element_type=\"column\">\n\t\t\t<div class=\"elementor-widget-wrap elementor-element-populated\">\n\t\t\t\t\t\t<div class=\"elementor-element elementor-element-4abf919 elementor-widget__width-inherit elementor-absolute jltma-glass-effect-no elementor-widget elementor-widget-heading\" data-id=\"4abf919\" data-element_type=\"widget\" data-settings=\"{&quot;_position&quot;:&quot;absolute&quot;}\" data-widget_type=\"heading.default\">\n\t\t\t\t<div class=\"elementor-widget-container\">\n\t\t\t\t\t<h2 class=\"elementor-heading-title elementor-size-default\">Payda\u015flar\u0131m\u0131z<\/h2>\t\t\t\t<\/div>\n\t\t\t\t<\/div>\n\t\t\t\t\t<\/div>\n\t\t<\/div>\n\t\t\t\t\t<\/div>\n\t\t<\/section>\n\t\t\t\t<div class=\"elementor-element elementor-element-7c7a47f elementor-widget__width-initial jltma-glass-effect-no elementor-widget elementor-widget-heading\" data-id=\"7c7a47f\" data-element_type=\"widget\" data-no-translation=\"\" data-widget_type=\"heading.default\">\n\t\t\t\t<div class=\"elementor-widget-container\">\n\t\t\t\t\t<h1 class=\"elementor-heading-title elementor-size-default\">Faaliyetlere de\u011fer katan payda\u015flar<\/h1>\t\t\t\t<\/div>\n\t\t\t\t<\/div>\n\t\t\t\t<div class=\"elementor-element elementor-element-2c13f1f elementor-widget__width-initial jltma-glass-effect-no elementor-widget elementor-widget-heading\" data-id=\"2c13f1f\" data-element_type=\"widget\" data-no-translation=\"\" data-widget_type=\"heading.default\">\n\t\t\t\t<div class=\"elementor-widget-container\">\n\t\t\t\t\t<style>.elementor-element-2c13f1f{display:none !important}<\/style>\t\t\t\t<\/div>\n\t\t\t\t<\/div>\n\t\t\t\t\t<\/div>\n\t\t<\/div>\n\t\t\t\t<div class=\"elementor-column elementor-col-50 elementor-top-column elementor-element elementor-element-f45eb1e jltma-glass-effect-no\" data-id=\"f45eb1e\" data-element_type=\"column\">\n\t\t\t<div class=\"elementor-widget-wrap elementor-element-populated\">\n\t\t\t\t\t\t<div class=\"elementor-element elementor-element-e5ec335 elementor-widget__width-initial jltma-glass-effect-no elementor-widget elementor-widget-text-editor\" data-id=\"e5ec335\" data-element_type=\"widget\" data-no-translation=\"\" data-widget_type=\"text-editor.default\">\n\t\t\t\t<div class=\"elementor-widget-container\">\n\t\t\t\t\t\t\t\t\t<p>SEANOP, s\u00fcrd\u00fcr\u00fclebilir \u00fcretim ve b\u00f6lgesel kalk\u0131nma hedefleri do\u011frultusunda, g\u00fc\u00e7l\u00fc bir i\u015f birli\u011fi a\u011f\u0131 olu\u015fturan payda\u015flar\u0131yla birlikte \u00e7al\u0131\u015fmaktad\u0131r. Sekt\u00f6r\u00fcn farkl\u0131 alanlar\u0131nda uzmanla\u015fm\u0131\u015f, yenilik\u00e7i ve \u00e7\u00f6z\u00fcm odakl\u0131 yakla\u015f\u0131mlar\u0131yla, SEANOP\u2019un faaliyetlerine de\u011fer katan payda\u015flar; kamu kurumlar\u0131ndan \u00fcniversitelere, meslek \u00f6rg\u00fctlerinden yerel y\u00f6netimlere kadar geni\u015f bir yelpazede yer almaktad\u0131r.<\/p><p>SEANOP payda\u015flar\u0131, sadece kaliteli \u00fcr\u00fcnler sunmak de\u011fil, ayn\u0131 zamanda\u00a0 denizlerimizin ve yerel ekonomimizin s\u00fcrd\u00fcr\u00fclebilirli\u011fini sa\u011flanmas\u0131 ortak hedefiyle SEANOP\u2019un ba\u015far\u0131s\u0131na katk\u0131da bulunmakta ve sekt\u00f6rdeki de\u011fi\u015fimlerin \u00f6nc\u00fcs\u00fc olmas\u0131na\u00a0 destek olmaktad\u0131r.<\/p>\t\t\t\t\t\t\t\t<\/div>\n\t\t\t\t<\/div>\n\t\t\t\t<div class=\"elementor-element elementor-element-e225944 elementor-widget__width-initial jltma-glass-effect-no elementor-widget elementor-widget-text-editor\" data-id=\"e225944\" data-element_type=\"widget\" data-no-translation=\"\" data-widget_type=\"text-editor.default\">\n\t\t\t\t<div class=\"elementor-widget-container\">\n\t\t\t\t\t<style>.elementor-element-e225944{display:none !important}<\/style>\t\t\t\t<\/div>\n\t\t\t\t<\/div>\n\t\t\t\t<div class=\"elementor-element elementor-element-05f07ad elementor-icon-list--layout-traditional elementor-list-item-link-full_width jltma-glass-effect-no elementor-widget elementor-widget-icon-list\" data-id=\"05f07ad\" data-element_type=\"widget\" data-no-translation=\"\" data-widget_type=\"icon-list.default\">\n\t\t\t\t<div class=\"elementor-widget-container\">\n\t\t\t\t\t\t\t<ul class=\"elementor-icon-list-items\">\n\t\t\t\t\t\t\t<li class=\"elementor-icon-list-item\">\n\t\t\t\t\t\t\t\t\t\t<span class=\"elementor-icon-list-text\">1. Sanayi ve Teknoloji Bakanl\u0131\u011f\u0131<\/span>\n\t\t\t\t\t\t\t\t\t<\/li>\n\t\t\t\t\t\t\t\t<li class=\"elementor-icon-list-item\">\n\t\t\t\t\t\t\t\t\t\t<span class=\"elementor-icon-list-text\">2. Tar\u0131m ve Orman Bakanl\u0131\u011f\u0131<\/span>\n\t\t\t\t\t\t\t\t\t<\/li>\n\t\t\t\t\t\t\t\t<li class=\"elementor-icon-list-item\">\n\t\t\t\t\t\t\t\t\t\t<span class=\"elementor-icon-list-text\">3. \u00c7evre, \u015eehircilik ve \u0130klim De\u011fi\u015fikli\u011fi Bakanl\u0131\u011f\u0131<\/span>\n\t\t\t\t\t\t\t\t\t<\/li>\n\t\t\t\t\t\t\t\t<li class=\"elementor-icon-list-item\">\n\t\t\t\t\t\t\t\t\t\t<span class=\"elementor-icon-list-text\">4. Enerji ve Tabii Kaynaklar Bakanl\u0131\u011f\u0131<\/span>\n\t\t\t\t\t\t\t\t\t<\/li>\n\t\t\t\t\t\t\t\t<li class=\"elementor-icon-list-item\">\n\t\t\t\t\t\t\t\t\t\t<span class=\"elementor-icon-list-text\">5. Ula\u015ft\u0131rma ve Altyap\u0131 Bakanl\u0131\u011f\u0131<\/span>\n\t\t\t\t\t\t\t\t\t<\/li>\n\t\t\t\t\t\t\t\t<li class=\"elementor-icon-list-item\">\n\t\t\t\t\t\t\t\t\t\t<span class=\"elementor-icon-list-text\">6. Kuzey Anadolu Kalk\u0131nma Ajans\u0131 (KUZKA)<\/span>\n\t\t\t\t\t\t\t\t\t<\/li>\n\t\t\t\t\t\t\t\t<li class=\"elementor-icon-list-item\">\n\t\t\t\t\t\t\t\t\t\t<span class=\"elementor-icon-list-text\">7. Sinop \u0130l \u00d6zel \u0130daresi<\/span>\n\t\t\t\t\t\t\t\t\t<\/li>\n\t\t\t\t\t\t\t\t<li class=\"elementor-icon-list-item\">\n\t\t\t\t\t\t\t\t\t\t<span class=\"elementor-icon-list-text\">8. Sinop Organize Sanayi B\u00f6lgesi<\/span>\n\t\t\t\t\t\t\t\t\t<\/li>\n\t\t\t\t\t\t\t\t<li class=\"elementor-icon-list-item\">\n\t\t\t\t\t\t\t\t\t\t<span class=\"elementor-icon-list-text\">9. Sinop Belediyesi<\/span>\n\t\t\t\t\t\t\t\t\t<\/li>\n\t\t\t\t\t\t\t\t<li class=\"elementor-icon-list-item\">\n\t\t\t\t\t\t\t\t\t\t<span class=\"elementor-icon-list-text\">10. Sinop Liman Ba\u015fkanl\u0131\u011f\u0131<\/span>\n\t\t\t\t\t\t\t\t\t<\/li>\n\t\t\t\t\t\t\t\t<li class=\"elementor-icon-list-item\">\n\t\t\t\t\t\t\t\t\t\t<span class=\"elementor-icon-list-text\">11. Sinop Ticaret ve Sanayi Odas\u0131<\/span>\n\t\t\t\t\t\t\t\t\t<\/li>\n\t\t\t\t\t\t\t\t<li class=\"elementor-icon-list-item\">\n\t\t\t\t\t\t\t\t\t\t<span class=\"elementor-icon-list-text\">12. Sinop \u00dcniversitesi Vakf\u0131<\/span>\n\t\t\t\t\t\t\t\t\t<\/li>\n\t\t\t\t\t\t\t\t<li class=\"elementor-icon-list-item\">\n\t\t\t\t\t\t\t\t\t\t<span class=\"elementor-icon-list-text\">13. S.U. Su \u00dcr\u00fcnleri Fak\u00fcltesi<\/span>\n\t\t\t\t\t\t\t\t\t<\/li>\n\t\t\t\t\t\t\t\t<li class=\"elementor-icon-list-item\">\n\t\t\t\t\t\t\t\t\t\t<span class=\"elementor-icon-list-text\">14. Sinop \u0130l Tar\u0131m ve Orman M\u00fcd\u00fcrl\u00fc\u011f\u00fc<\/span>\n\t\t\t\t\t\t\t\t\t<\/li>\n\t\t\t\t\t\t\t\t<li class=\"elementor-icon-list-item\">\n\t\t\t\t\t\t\t\t\t\t<span class=\"elementor-icon-list-text\">15. Abal\u0131 Su \u00dcr\u00fcnleri Kooperatifi<\/span>\n\t\t\t\t\t\t\t\t\t<\/li>\n\t\t\t\t\t\t\t\t<li class=\"elementor-icon-list-item\">\n\t\t\t\t\t\t\t\t\t\t<span class=\"elementor-icon-list-text\">16. Korucuk Su \u00dcr\u00fcnleri Kooperatifi<\/span>\n\t\t\t\t\t\t\t\t\t<\/li>\n\t\t\t\t\t\t\t\t<li class=\"elementor-icon-list-item\">\n\t\t\t\t\t\t\t\t\t\t<span class=\"elementor-icon-list-text\">17. Merkez Su \u00dcr\u00fcnleri Kooperatifi<\/span>\n\t\t\t\t\t\t\t\t\t<\/li>\n\t\t\t\t\t\t\t\t<li class=\"elementor-icon-list-item\">\n\t\t\t\t\t\t\t\t\t\t<span class=\"elementor-icon-list-text\">18. Sinop Kastamonu Su \u00dcr\u00fcnleri Kooperatifleri B\u00f6lge Birli\u011fi<\/span>\n\t\t\t\t\t\t\t\t\t<\/li>\n\t\t\t\t\t\t\t\t<li class=\"elementor-icon-list-item\">\n\t\t\t\t\t\t\t\t\t\t<span class=\"elementor-icon-list-text\">19. Su \u00dcr\u00fcnleri Kooperatifleri Merkez Birli\u011fi (S\u00dcRKOOP)<\/span>\n\t\t\t\t\t\t\t\t\t<\/li>\n\t\t\t\t\t\t\t\t<li class=\"elementor-icon-list-item\">\n\t\t\t\t\t\t\t\t\t\t<span class=\"elementor-icon-list-text\">20. Deniz \u00dcr\u00fcnleri Avc\u0131lar\u0131 Merkez Birli\u011fi (DEM-B\u0130R)<\/span>\n\t\t\t\t\t\t\t\t\t<\/li>\n\t\t\t\t\t\t\t\t<li class=\"elementor-icon-list-item\">\n\t\t\t\t\t\t\t\t\t\t<span class=\"elementor-icon-list-text\">21. DEM-B\u0130R Sinop B\u00f6lge Birli\u011fi<\/span>\n\t\t\t\t\t\t\t\t\t<\/li>\n\t\t\t\t\t\t\t\t<li class=\"elementor-icon-list-item\">\n\t\t\t\t\t\t\t\t\t\t<span class=\"elementor-icon-list-text\">22. Su \u00dcr\u00fcnleri Yeti\u015ftiricileri Merkez Birli\u011fi (SUYMERB\u0130R)<\/span>\n\t\t\t\t\t\t\t\t\t<\/li>\n\t\t\t\t\t\t\t\t<li class=\"elementor-icon-list-item\">\n\t\t\t\t\t\t\t\t\t\t<span class=\"elementor-icon-list-text\">23. Samsun ve Sinop Su \u00dcr\u00fcnleri Yeti\u015ftiricileri Birli\u011fi<\/span>\n\t\t\t\t\t\t\t\t\t<\/li>\n\t\t\t\t\t\t\t\t<li class=\"elementor-icon-list-item\">\n\t\t\t\t\t\t\t\t\t\t<span class=\"elementor-icon-list-text\">24- Bal\u0131k halleri ve pazarlama \u015firketleri<\/span>\n\t\t\t\t\t\t\t\t\t<\/li>\n\t\t\t\t\t\t\t\t<li class=\"elementor-icon-list-item\">\n\t\t\t\t\t\t\t\t\t\t<span class=\"elementor-icon-list-text\">25- Bal\u0131k yemi \u00fcreticileri<\/span>\n\t\t\t\t\t\t\t\t\t<\/li>\n\t\t\t\t\t\t\t\t<li class=\"elementor-icon-list-item\">\n\t\t\t\t\t\t\t\t\t\t<span class=\"elementor-icon-list-text\">26- Tedarik\u00e7iler<\/span>\n\t\t\t\t\t\t\t\t\t<\/li>\n\t\t\t\t\t\t<\/ul>\n\t\t\t\t\t\t<\/div>\n\t\t\t\t<\/div>\n\t\t\t\t<div class=\"elementor-element elementor-element-7e60d9a elementor-icon-list--layout-traditional elementor-list-item-link-full_width jltma-glass-effect-no elementor-widget elementor-widget-icon-list\" data-id=\"7e60d9a\" data-element_type=\"widget\" data-no-translation=\"\" data-widget_type=\"icon-list.default\">\n\t\t\t\t<div class=\"elementor-widget-container\">\n\t\t\t\t\t<style>.elementor-element-7e60d9a{display:none !important}<\/style>\t\t\t\t<\/div>\n\t\t\t\t<\/div>\n\t\t\t\t\t<\/div>\n\t\t<\/div>\n\t\t\t\t\t<\/div>\n\t\t<\/section>\n\t\t\t\t<\/div>\n\t\t","protected":false},"excerpt":{"rendered":"<p>Payda\u015flar\u0131m\u0131z Faaliyetlere de\u011fer katan payda\u015flar SEANOP, s\u00fcrd\u00fcr\u00fclebilir \u00fcretim ve b\u00f6lgesel kalk\u0131nma hedefleri do\u011frultusunda, g\u00fc\u00e7l\u00fc bir i\u015f birli\u011fi a\u011f\u0131 olu\u015fturan payda\u015flar\u0131yla<span class=\"more-dots\">&#8230;<\/span><\/p>\n","protected":false},"author":1,"featured_media":0,"parent":0,"menu_order":0,"comment_status":"closed","ping_status":"closed","template":"page-templates\/full-width.php","meta":{"footnotes":""},"class_list":["post-6169","page","type-page","status-publish","hentry"],"yoast_head":"<!-- This site is optimized with the Yoast SEO plugin v26.1.1 - https:\/\/yoast.com\/wordpress\/plugins\/seo\/ -->\n<title>Payda\u015flar\u0131m\u0131z<\/title>\n<meta name=\"robots\" content=\"index, follow, max-snippet:-1, max-image-preview:large, max-video-preview:-1\" \/>\n<link rel=\"canonical\" href=\"https:\/\/seanop.com.tr\/tr_tr\/paydaslarimiz\/\" \/>\n<meta property=\"og:locale\" content=\"tr_TR\" \/>\n<meta property=\"og:locale:alternate\" content=\"en_US\" \/>\n<meta property=\"og:type\" content=\"article\" \/>\n<meta property=\"og:title\" content=\"Payda\u015flar\u0131m\u0131z\" \/>\n<meta property=\"og:description\" content=\"Payda\u015flar\u0131m\u0131z Faaliyetlere de\u011fer katan payda\u015flar SEANOP, s\u00fcrd\u00fcr\u00fclebilir \u00fcretim ve b\u00f6lgesel kalk\u0131nma hedefleri do\u011frultusunda, g\u00fc\u00e7l\u00fc bir i\u015f birli\u011fi a\u011f\u0131 olu\u015fturan payda\u015flar\u0131yla...\" \/>\n<meta property=\"og:url\" content=\"https:\/\/seanop.com.tr\/tr_tr\/paydaslarimiz\/\" \/>\n<meta property=\"og:site_name\" content=\"Seanop\" \/>\n<meta property=\"article:modified_time\" content=\"2025-05-21T20:14:24+00:00\" \/>\n<meta property=\"og:image\" content=\"http:\/\/seanop.com.tr\/wp-content\/uploads\/2024\/11\/paydaslar.jpg\" \/>\n<meta name=\"twitter:card\" content=\"summary_large_image\" \/>\n<meta name=\"twitter:label1\" content=\"Tahmini okuma s\u00fcresi\" \/>\n\t<meta name=\"twitter:data1\" content=\"4 dakika\" \/>\n<script type=\"application\/ld+json\" class=\"yoast-schema-graph\">{\"@context\":\"https:\/\/schema.org\",\"@graph\":[{\"@type\":\"WebPage\",\"@id\":\"https:\/\/seanop.com.tr\/en\/paydaslarimiz\/\",\"url\":\"https:\/\/seanop.com.tr\/en\/paydaslarimiz\/\",\"name\":\"Payda\u015flar\u0131m\u0131z\",\"isPartOf\":{\"@id\":\"https:\/\/seanop.com.tr\/#website\"},\"primaryImageOfPage\":{\"@id\":\"https:\/\/seanop.com.tr\/en\/paydaslarimiz\/#primaryimage\"},\"image\":{\"@id\":\"https:\/\/seanop.com.tr\/en\/paydaslarimiz\/#primaryimage\"},\"thumbnailUrl\":\"http:\/\/seanop.com.tr\/wp-content\/uploads\/2024\/11\/paydaslar.jpg\",\"datePublished\":\"2024-11-09T18:59:57+00:00\",\"dateModified\":\"2025-05-21T20:14:24+00:00\",\"breadcrumb\":{\"@id\":\"https:\/\/seanop.com.tr\/en\/paydaslarimiz\/#breadcrumb\"},\"inLanguage\":\"tr-TR\",\"potentialAction\":[{\"@type\":\"ReadAction\",\"target\":[\"https:\/\/seanop.com.tr\/en\/paydaslarimiz\/\"]}]},{\"@type\":\"ImageObject\",\"inLanguage\":\"tr-TR\",\"@id\":\"https:\/\/seanop.com.tr\/en\/paydaslarimiz\/#primaryimage\",\"url\":\"http:\/\/seanop.com.tr\/wp-content\/uploads\/2024\/11\/paydaslar.jpg\",\"contentUrl\":\"http:\/\/seanop.com.tr\/wp-content\/uploads\/2024\/11\/paydaslar.jpg\"},{\"@type\":\"BreadcrumbList\",\"@id\":\"https:\/\/seanop.com.tr\/en\/paydaslarimiz\/#breadcrumb\",\"itemListElement\":[{\"@type\":\"ListItem\",\"position\":1,\"name\":\"Anasayfa\",\"item\":\"https:\/\/seanop.com.tr\/\"},{\"@type\":\"ListItem\",\"position\":2,\"name\":\"Our Stakeholders\"}]},{\"@type\":\"WebSite\",\"@id\":\"https:\/\/seanop.com.tr\/#website\",\"url\":\"https:\/\/seanop.com.tr\/\",\"name\":\"Seanop\",\"description\":\"\",\"publisher\":{\"@id\":\"https:\/\/seanop.com.tr\/#organization\"},\"potentialAction\":[{\"@type\":\"SearchAction\",\"target\":{\"@type\":\"EntryPoint\",\"urlTemplate\":\"https:\/\/seanop.com.tr\/?s={search_term_string}\"},\"query-input\":{\"@type\":\"PropertyValueSpecification\",\"valueRequired\":true,\"valueName\":\"search_term_string\"}}],\"inLanguage\":\"tr-TR\"},{\"@type\":\"Organization\",\"@id\":\"https:\/\/seanop.com.tr\/#organization\",\"name\":\"Seanop\",\"url\":\"https:\/\/seanop.com.tr\/\",\"logo\":{\"@type\":\"ImageObject\",\"inLanguage\":\"tr-TR\",\"@id\":\"https:\/\/seanop.com.tr\/#\/schema\/logo\/image\/\",\"url\":\"https:\/\/seanop.com.tr\/wp-content\/uploads\/2024\/11\/seanop-logo.png\",\"contentUrl\":\"https:\/\/seanop.com.tr\/wp-content\/uploads\/2024\/11\/seanop-logo.png\",\"width\":568,\"height\":129,\"caption\":\"Seanop\"},\"image\":{\"@id\":\"https:\/\/seanop.com.tr\/#\/schema\/logo\/image\/\"}}]}<\/script>\n<!-- \/ Yoast SEO plugin. -->","yoast_head_json":{"title":"Payda\u015flar\u0131m\u0131z","robots":{"index":"index","follow":"follow","max-snippet":"max-snippet:-1","max-image-preview":"max-image-preview:large","max-video-preview":"max-video-preview:-1"},"canonical":"https:\/\/seanop.com.tr\/tr_tr\/paydaslarimiz\/","og_locale":"tr_TR","og_type":"article","og_title":"[:tr]Payda\u015flar\u0131m\u0131z[:en]Our Stakeholders[:] - Seanop","og_description":"Payda\u015flar\u0131m\u0131z Faaliyetlere de\u011fer katan payda\u015flar SEANOP, s\u00fcrd\u00fcr\u00fclebilir \u00fcretim ve b\u00f6lgesel kalk\u0131nma hedefleri do\u011frultusunda, g\u00fc\u00e7l\u00fc bir i\u015f birli\u011fi a\u011f\u0131 olu\u015fturan payda\u015flar\u0131yla...","og_url":"https:\/\/seanop.com.tr\/tr_tr\/paydaslarimiz\/","og_site_name":"Seanop","article_modified_time":"2025-05-21T20:14:24+00:00","og_image":[{"url":"http:\/\/seanop.com.tr\/wp-content\/uploads\/2024\/11\/paydaslar.jpg","type":"","width":"","height":""}],"twitter_card":"summary_large_image","twitter_misc":{"Tahmini okuma s\u00fcresi":"4 dakika"},"schema":{"@context":"https:\/\/schema.org","@graph":[{"@type":"WebPage","@id":"https:\/\/seanop.com.tr\/en\/paydaslarimiz\/","url":"https:\/\/seanop.com.tr\/en\/paydaslarimiz\/","name":"Payda\u015flar\u0131m\u0131z","isPartOf":{"@id":"https:\/\/seanop.com.tr\/#website"},"primaryImageOfPage":{"@id":"https:\/\/seanop.com.tr\/en\/paydaslarimiz\/#primaryimage"},"image":{"@id":"https:\/\/seanop.com.tr\/en\/paydaslarimiz\/#primaryimage"},"thumbnailUrl":"http:\/\/seanop.com.tr\/wp-content\/uploads\/2024\/11\/paydaslar.jpg","datePublished":"2024-11-09T18:59:57+00:00","dateModified":"2025-05-21T20:14:24+00:00","breadcrumb":{"@id":"https:\/\/seanop.com.tr\/en\/paydaslarimiz\/#breadcrumb"},"inLanguage":"tr-TR","potentialAction":[{"@type":"ReadAction","target":["https:\/\/seanop.com.tr\/en\/paydaslarimiz\/"]}]},{"@type":"ImageObject","inLanguage":"tr-TR","@id":"https:\/\/seanop.com.tr\/en\/paydaslarimiz\/#primaryimage","url":"http:\/\/seanop.com.tr\/wp-content\/uploads\/2024\/11\/paydaslar.jpg","contentUrl":"http:\/\/seanop.com.tr\/wp-content\/uploads\/2024\/11\/paydaslar.jpg"},{"@type":"BreadcrumbList","@id":"https:\/\/seanop.com.tr\/en\/paydaslarimiz\/#breadcrumb","itemListElement":[{"@type":"ListItem","position":1,"name":"Anasayfa","item":"https:\/\/seanop.com.tr\/"},{"@type":"ListItem","position":2,"name":"Our Stakeholders"}]},{"@type":"WebSite","@id":"https:\/\/seanop.com.tr\/#website","url":"https:\/\/seanop.com.tr\/","name":"Seanop","description":"","publisher":{"@id":"https:\/\/seanop.com.tr\/#organization"},"potentialAction":[{"@type":"SearchAction","target":{"@type":"EntryPoint","urlTemplate":"https:\/\/seanop.com.tr\/?s={search_term_string}"},"query-input":{"@type":"PropertyValueSpecification","valueRequired":true,"valueName":"search_term_string"}}],"inLanguage":"tr-TR"},{"@type":"Organization","@id":"https:\/\/seanop.com.tr\/#organization","name":"Seanop","url":"https:\/\/seanop.com.tr\/","logo":{"@type":"ImageObject","inLanguage":"tr-TR","@id":"https:\/\/seanop.com.tr\/#\/schema\/logo\/image\/","url":"https:\/\/seanop.com.tr\/wp-content\/uploads\/2024\/11\/seanop-logo.png","contentUrl":"https:\/\/seanop.com.tr\/wp-content\/uploads\/2024\/11\/seanop-logo.png","width":568,"height":129,"caption":"Seanop"},"image":{"@id":"https:\/\/seanop.com.tr\/#\/schema\/logo\/image\/"}}]}},"_links":{"self":[{"href":"https:\/\/seanop.com.tr\/tr_tr\/wp-json\/wp\/v2\/pages\/6169","targetHints":{"allow":["GET"]}}],"collection":[{"href":"https:\/\/seanop.com.tr\/tr_tr\/wp-json\/wp\/v2\/pages"}],"about":[{"href":"https:\/\/seanop.com.tr\/tr_tr\/wp-json\/wp\/v2\/types\/page"}],"author":[{"embeddable":true,"href":"https:\/\/seanop.com.tr\/tr_tr\/wp-json\/wp\/v2\/users\/1"}],"replies":[{"embeddable":true,"href":"https:\/\/seanop.com.tr\/tr_tr\/wp-json\/wp\/v2\/comments?post=6169"}],"version-history":[{"count":14,"href":"https:\/\/seanop.com.tr\/tr_tr\/wp-json\/wp\/v2\/pages\/6169\/revisions"}],"predecessor-version":[{"id":7202,"href":"https:\/\/seanop.com.tr\/tr_tr\/wp-json\/wp\/v2\/pages\/6169\/revisions\/7202"}],"wp:attachment":[{"href":"https:\/\/seanop.com.tr\/tr_tr\/wp-json\/wp\/v2\/media?parent=6169"}],"curies":[{"name":"wp","href":"https:\/\/api.w.org\/{rel}","templated":true}]}}