{"id":5927,"date":"2024-11-03T01:06:37","date_gmt":"2024-11-02T22:06:37","guid":{"rendered":"http:\/\/seanop.com.tr\/?page_id=5927"},"modified":"2025-05-21T22:40:38","modified_gmt":"2025-05-21T19:40:38","slug":"etik-degerlerimiz","status":"publish","type":"page","link":"https:\/\/seanop.com.tr\/tr_tr\/etik-degerlerimiz\/","title":{"rendered":"Etik De\u011ferlerimiz"},"content":{"rendered":"\t\t<div data-elementor-type=\"wp-page\" data-elementor-id=\"5927\" class=\"elementor elementor-5927\" data-elementor-post-type=\"page\">\n\t\t\t\t\t\t<section class=\"elementor-section elementor-top-section elementor-element elementor-element-cb05707 elementor-section-stretched elementor-section-boxed elementor-section-height-default elementor-section-height-default jltma-glass-effect-no\" data-id=\"cb05707\" data-element_type=\"section\" data-settings=\"{&quot;stretch_section&quot;:&quot;section-stretched&quot;}\">\n\t\t\t\t\t\t<div class=\"elementor-container elementor-column-gap-no\">\n\t\t\t\t\t<div class=\"elementor-column elementor-col-50 elementor-top-column elementor-element elementor-element-fe2e61c jltma-glass-effect-no\" data-id=\"fe2e61c\" data-element_type=\"column\">\n\t\t\t<div class=\"elementor-widget-wrap elementor-element-populated\">\n\t\t\t\t\t\t<section class=\"elementor-section elementor-inner-section elementor-element elementor-element-1f140abe elementor-section-full_width elementor-section-height-default elementor-section-height-default jltma-glass-effect-no\" data-id=\"1f140abe\" data-element_type=\"section\">\n\t\t\t\t\t\t<div class=\"elementor-container elementor-column-gap-default\">\n\t\t\t\t\t<div class=\"elementor-column elementor-col-100 elementor-inner-column elementor-element elementor-element-343e866b jltma-glass-effect-no\" data-id=\"343e866b\" data-element_type=\"column\">\n\t\t\t<div class=\"elementor-widget-wrap elementor-element-populated\">\n\t\t\t\t\t\t<div class=\"elementor-element elementor-element-637dcd25 elementor-widget__width-inherit elementor-absolute jltma-glass-effect-no elementor-widget elementor-widget-heading\" data-id=\"637dcd25\" data-element_type=\"widget\" data-settings=\"{&quot;_position&quot;:&quot;absolute&quot;}\" data-widget_type=\"heading.default\">\n\t\t\t\t<div class=\"elementor-widget-container\">\n\t\t\t\t\t<h2 class=\"elementor-heading-title elementor-size-default\">Etik De\u011ferlerimiz<\/h2>\t\t\t\t<\/div>\n\t\t\t\t<\/div>\n\t\t\t\t\t<\/div>\n\t\t<\/div>\n\t\t\t\t\t<\/div>\n\t\t<\/section>\n\t\t\t\t<div class=\"elementor-element elementor-element-15a0917f elementor-widget__width-initial jltma-glass-effect-no elementor-widget elementor-widget-heading\" data-id=\"15a0917f\" data-element_type=\"widget\" data-no-translation=\"\" data-widget_type=\"heading.default\">\n\t\t\t\t<div class=\"elementor-widget-container\">\n\t\t\t\t\t<h1 class=\"elementor-heading-title elementor-size-default\">Daha g\u00fc\u00e7l\u00fc ve sayg\u0131n bir marka itibar\u0131<\/h1>\t\t\t\t<\/div>\n\t\t\t\t<\/div>\n\t\t\t\t<div class=\"elementor-element elementor-element-c8593cf elementor-widget__width-initial jltma-glass-effect-no elementor-widget elementor-widget-heading\" data-id=\"c8593cf\" data-element_type=\"widget\" data-no-translation=\"\" data-widget_type=\"heading.default\">\n\t\t\t\t<div class=\"elementor-widget-container\">\n\t\t\t\t\t<style>.elementor-element-c8593cf{display:none !important}<\/style>\t\t\t\t<\/div>\n\t\t\t\t<\/div>\n\t\t\t\t\t<\/div>\n\t\t<\/div>\n\t\t\t\t<div class=\"elementor-column elementor-col-50 elementor-top-column elementor-element elementor-element-2211093d jltma-glass-effect-no\" data-id=\"2211093d\" data-element_type=\"column\">\n\t\t\t<div class=\"elementor-widget-wrap elementor-element-populated\">\n\t\t\t\t\t\t<div class=\"elementor-element elementor-element-53e7ffc3 jltma-glass-effect-no elementor-widget elementor-widget-heading\" data-id=\"53e7ffc3\" data-element_type=\"widget\" data-widget_type=\"heading.default\">\n\t\t\t\t<div class=\"elementor-widget-container\">\n\t\t\t\t\t<h2 class=\"elementor-heading-title elementor-size-default\">Etik De\u011ferlerimiz<\/h2>\t\t\t\t<\/div>\n\t\t\t\t<\/div>\n\t\t\t\t<div class=\"elementor-element elementor-element-594c75c elementor-widget__width-initial jltma-glass-effect-no elementor-widget elementor-widget-text-editor\" data-id=\"594c75c\" data-element_type=\"widget\" data-no-translation=\"\" data-widget_type=\"text-editor.default\">\n\t\t\t\t<div class=\"elementor-widget-container\">\n\t\t\t\t\t\t\t\t\t<p>S\u00fcrd\u00fcr\u00fclebilir bir i\u015f modeli, daha g\u00fc\u00e7l\u00fc ve sayg\u0131n bir marka itibar\u0131, daha y\u00fcksek m\u00fc\u015fteri memnuniyeti\u00a0 ve daha motive ve i\u015fine ba\u011fl\u0131 \u00e7al\u0131\u015fanlar edinmeyi \u00a0oda\u011f\u0131na alan SEANOP, hizmetlerini a\u015fa\u011f\u0131da yer alan etik de\u011ferleri \u00e7er\u00e7evesinde sunmay\u0131 taahh\u00fct etmektedir:<\/p><p><strong>Sayg\u0131:<\/strong> Stat\u00fc, ge\u00e7mi\u015f veya bak\u0131\u015f a\u00e7\u0131s\u0131 farkl\u0131l\u0131klar\u0131na bak\u0131lmaks\u0131z\u0131n t\u00fcm payda\u015flara e\u015fit ve sayg\u0131l\u0131 davranmak.<\/p><p><strong>Sorumluluk:<\/strong> Y\u00fcr\u00fct\u00fclen faaliyetlerinin sosyal, \u00e7evresel ve ekonomik etkileri i\u00e7in hesap verebilirli\u011fi kabul etmek.<\/p><p><strong>Uyumluluk:<\/strong> Yasal ve etik davran\u0131\u015f sa\u011flamak i\u00e7in yasalara, y\u00f6netmeliklere ve sekt\u00f6r standartlar\u0131na uymak.<\/p><p><strong>G\u00fcvenlik:<\/strong> \u00dcr\u00fcn\u00fcn t\u00fcketim i\u00e7in g\u00fcvenli oldu\u011fundan ve ilgili t\u00fcm sa\u011fl\u0131k ve g\u00fcvenlik standartlar\u0131n\u0131 kar\u015f\u0131lad\u0131\u011f\u0131ndan emin olmak.<\/p><p><strong>Gizlilik:<\/strong> Hassas bilgilerin korunmas\u0131na ve bireylerin gizlilik haklar\u0131na sayg\u0131 g\u00f6stermek<\/p><p><strong>Adil Rekabet:<\/strong> Adil olmayan uygulamalar yerine liyakat, yenilik ve kaliteye dayal\u0131 rekabet y\u00fcr\u00fctmek<\/p><p><strong>S\u00fcrd\u00fcr\u00fclebilirlik:<\/strong> \u00c7evresel etkileri en aza indiren ve uzun vadede topluma olumlu katk\u0131da bulunan uygulamalar\u0131 te\u015fvik etmek.<\/p><p><strong>\u00c7e\u015fitlilik ve Kapsay\u0131c\u0131l\u0131k:<\/strong> D\u00fc\u015f\u00fcnce, ge\u00e7mi\u015f ve deneyim \u00e7e\u015fitlili\u011fine de\u011fer veren ve bunlar\u0131 kutlayan bir i\u015fyeri k\u00fclt\u00fcr\u00fcn\u00fc te\u015fvik etmek.<\/p><p><strong>S\u00fcrekli \u0130yile\u015ftirme:<\/strong> Geri bildirim, de\u011ferlendirme ve uyarlama yoluyla etik standartlar\u0131n ve uygulamalar\u0131n s\u00fcrekli iyile\u015ftirilmesi i\u00e7in \u00e7aba g\u00f6stermek.<\/p>\t\t\t\t\t\t\t\t<\/div>\n\t\t\t\t<\/div>\n\t\t\t\t<div class=\"elementor-element elementor-element-521c343 elementor-widget__width-initial jltma-glass-effect-no elementor-widget elementor-widget-text-editor\" data-id=\"521c343\" data-element_type=\"widget\" data-no-translation=\"\" data-widget_type=\"text-editor.default\">\n\t\t\t\t<div class=\"elementor-widget-container\">\n\t\t\t\t\t<style>.elementor-element-521c343{display:none !important}<\/style>\t\t\t\t<\/div>\n\t\t\t\t<\/div>\n\t\t\t\t\t<\/div>\n\t\t<\/div>\n\t\t\t\t\t<\/div>\n\t\t<\/section>\n\t\t\t\t<\/div>\n\t\t","protected":false},"excerpt":{"rendered":"<p>Etik De\u011ferlerimiz Daha g\u00fc\u00e7l\u00fc ve sayg\u0131n bir marka itibar\u0131 Etik De\u011ferlerimiz S\u00fcrd\u00fcr\u00fclebilir bir i\u015f modeli, daha g\u00fc\u00e7l\u00fc ve sayg\u0131n bir<span class=\"more-dots\">&#8230;<\/span><\/p>\n","protected":false},"author":1,"featured_media":0,"parent":0,"menu_order":0,"comment_status":"closed","ping_status":"closed","template":"page-templates\/full-width.php","meta":{"footnotes":""},"class_list":["post-5927","page","type-page","status-publish","hentry"],"yoast_head":"<!-- This site is optimized with the Yoast SEO plugin v26.1.1 - https:\/\/yoast.com\/wordpress\/plugins\/seo\/ -->\n<title>Etik De\u011ferlerimiz<\/title>\n<meta name=\"robots\" content=\"index, follow, max-snippet:-1, max-image-preview:large, max-video-preview:-1\" \/>\n<link rel=\"canonical\" href=\"https:\/\/seanop.com.tr\/tr_tr\/etik-degerlerimiz\/\" \/>\n<meta property=\"og:locale\" content=\"tr_TR\" \/>\n<meta property=\"og:locale:alternate\" content=\"en_US\" \/>\n<meta property=\"og:type\" content=\"article\" \/>\n<meta property=\"og:title\" content=\"Etik De\u011ferlerimiz\" \/>\n<meta property=\"og:description\" content=\"Etik De\u011ferlerimiz Daha g\u00fc\u00e7l\u00fc ve sayg\u0131n bir marka itibar\u0131 Etik De\u011ferlerimiz S\u00fcrd\u00fcr\u00fclebilir bir i\u015f modeli, daha g\u00fc\u00e7l\u00fc ve sayg\u0131n bir...\" \/>\n<meta property=\"og:url\" content=\"https:\/\/seanop.com.tr\/tr_tr\/etik-degerlerimiz\/\" \/>\n<meta property=\"og:site_name\" content=\"Seanop\" \/>\n<meta property=\"article:modified_time\" content=\"2025-05-21T19:40:38+00:00\" \/>\n<meta name=\"twitter:card\" content=\"summary_large_image\" \/>\n<meta name=\"twitter:label1\" content=\"Tahmini okuma s\u00fcresi\" \/>\n\t<meta name=\"twitter:data1\" content=\"3 dakika\" \/>\n<script type=\"application\/ld+json\" class=\"yoast-schema-graph\">{\"@context\":\"https:\/\/schema.org\",\"@graph\":[{\"@type\":\"WebPage\",\"@id\":\"https:\/\/seanop.com.tr\/en\/etik-degerlerimiz\/\",\"url\":\"https:\/\/seanop.com.tr\/en\/etik-degerlerimiz\/\",\"name\":\"Etik De\u011ferlerimiz\",\"isPartOf\":{\"@id\":\"https:\/\/seanop.com.tr\/#website\"},\"datePublished\":\"2024-11-02T22:06:37+00:00\",\"dateModified\":\"2025-05-21T19:40:38+00:00\",\"breadcrumb\":{\"@id\":\"https:\/\/seanop.com.tr\/en\/etik-degerlerimiz\/#breadcrumb\"},\"inLanguage\":\"tr-TR\",\"potentialAction\":[{\"@type\":\"ReadAction\",\"target\":[\"https:\/\/seanop.com.tr\/en\/etik-degerlerimiz\/\"]}]},{\"@type\":\"BreadcrumbList\",\"@id\":\"https:\/\/seanop.com.tr\/en\/etik-degerlerimiz\/#breadcrumb\",\"itemListElement\":[{\"@type\":\"ListItem\",\"position\":1,\"name\":\"Anasayfa\",\"item\":\"https:\/\/seanop.com.tr\/\"},{\"@type\":\"ListItem\",\"position\":2,\"name\":\"Our Ethical Values\"}]},{\"@type\":\"WebSite\",\"@id\":\"https:\/\/seanop.com.tr\/#website\",\"url\":\"https:\/\/seanop.com.tr\/\",\"name\":\"Seanop\",\"description\":\"\",\"publisher\":{\"@id\":\"https:\/\/seanop.com.tr\/#organization\"},\"potentialAction\":[{\"@type\":\"SearchAction\",\"target\":{\"@type\":\"EntryPoint\",\"urlTemplate\":\"https:\/\/seanop.com.tr\/?s={search_term_string}\"},\"query-input\":{\"@type\":\"PropertyValueSpecification\",\"valueRequired\":true,\"valueName\":\"search_term_string\"}}],\"inLanguage\":\"tr-TR\"},{\"@type\":\"Organization\",\"@id\":\"https:\/\/seanop.com.tr\/#organization\",\"name\":\"Seanop\",\"url\":\"https:\/\/seanop.com.tr\/\",\"logo\":{\"@type\":\"ImageObject\",\"inLanguage\":\"tr-TR\",\"@id\":\"https:\/\/seanop.com.tr\/#\/schema\/logo\/image\/\",\"url\":\"https:\/\/seanop.com.tr\/wp-content\/uploads\/2024\/11\/seanop-logo.png\",\"contentUrl\":\"https:\/\/seanop.com.tr\/wp-content\/uploads\/2024\/11\/seanop-logo.png\",\"width\":568,\"height\":129,\"caption\":\"Seanop\"},\"image\":{\"@id\":\"https:\/\/seanop.com.tr\/#\/schema\/logo\/image\/\"}}]}<\/script>\n<!-- \/ Yoast SEO plugin. -->","yoast_head_json":{"title":"Etik De\u011ferlerimiz","robots":{"index":"index","follow":"follow","max-snippet":"max-snippet:-1","max-image-preview":"max-image-preview:large","max-video-preview":"max-video-preview:-1"},"canonical":"https:\/\/seanop.com.tr\/tr_tr\/etik-degerlerimiz\/","og_locale":"tr_TR","og_type":"article","og_title":"[:tr]Etik De\u011ferlerimiz[:en]Our Ethical Values[:] - Seanop","og_description":"Etik De\u011ferlerimiz Daha g\u00fc\u00e7l\u00fc ve sayg\u0131n bir marka itibar\u0131 Etik De\u011ferlerimiz S\u00fcrd\u00fcr\u00fclebilir bir i\u015f modeli, daha g\u00fc\u00e7l\u00fc ve sayg\u0131n bir...","og_url":"https:\/\/seanop.com.tr\/tr_tr\/etik-degerlerimiz\/","og_site_name":"Seanop","article_modified_time":"2025-05-21T19:40:38+00:00","twitter_card":"summary_large_image","twitter_misc":{"Tahmini okuma s\u00fcresi":"3 dakika"},"schema":{"@context":"https:\/\/schema.org","@graph":[{"@type":"WebPage","@id":"https:\/\/seanop.com.tr\/en\/etik-degerlerimiz\/","url":"https:\/\/seanop.com.tr\/en\/etik-degerlerimiz\/","name":"Etik De\u011ferlerimiz","isPartOf":{"@id":"https:\/\/seanop.com.tr\/#website"},"datePublished":"2024-11-02T22:06:37+00:00","dateModified":"2025-05-21T19:40:38+00:00","breadcrumb":{"@id":"https:\/\/seanop.com.tr\/en\/etik-degerlerimiz\/#breadcrumb"},"inLanguage":"tr-TR","potentialAction":[{"@type":"ReadAction","target":["https:\/\/seanop.com.tr\/en\/etik-degerlerimiz\/"]}]},{"@type":"BreadcrumbList","@id":"https:\/\/seanop.com.tr\/en\/etik-degerlerimiz\/#breadcrumb","itemListElement":[{"@type":"ListItem","position":1,"name":"Anasayfa","item":"https:\/\/seanop.com.tr\/"},{"@type":"ListItem","position":2,"name":"Our Ethical Values"}]},{"@type":"WebSite","@id":"https:\/\/seanop.com.tr\/#website","url":"https:\/\/seanop.com.tr\/","name":"Seanop","description":"","publisher":{"@id":"https:\/\/seanop.com.tr\/#organization"},"potentialAction":[{"@type":"SearchAction","target":{"@type":"EntryPoint","urlTemplate":"https:\/\/seanop.com.tr\/?s={search_term_string}"},"query-input":{"@type":"PropertyValueSpecification","valueRequired":true,"valueName":"search_term_string"}}],"inLanguage":"tr-TR"},{"@type":"Organization","@id":"https:\/\/seanop.com.tr\/#organization","name":"Seanop","url":"https:\/\/seanop.com.tr\/","logo":{"@type":"ImageObject","inLanguage":"tr-TR","@id":"https:\/\/seanop.com.tr\/#\/schema\/logo\/image\/","url":"https:\/\/seanop.com.tr\/wp-content\/uploads\/2024\/11\/seanop-logo.png","contentUrl":"https:\/\/seanop.com.tr\/wp-content\/uploads\/2024\/11\/seanop-logo.png","width":568,"height":129,"caption":"Seanop"},"image":{"@id":"https:\/\/seanop.com.tr\/#\/schema\/logo\/image\/"}}]}},"_links":{"self":[{"href":"https:\/\/seanop.com.tr\/tr_tr\/wp-json\/wp\/v2\/pages\/5927","targetHints":{"allow":["GET"]}}],"collection":[{"href":"https:\/\/seanop.com.tr\/tr_tr\/wp-json\/wp\/v2\/pages"}],"about":[{"href":"https:\/\/seanop.com.tr\/tr_tr\/wp-json\/wp\/v2\/types\/page"}],"author":[{"embeddable":true,"href":"https:\/\/seanop.com.tr\/tr_tr\/wp-json\/wp\/v2\/users\/1"}],"replies":[{"embeddable":true,"href":"https:\/\/seanop.com.tr\/tr_tr\/wp-json\/wp\/v2\/comments?post=5927"}],"version-history":[{"count":17,"href":"https:\/\/seanop.com.tr\/tr_tr\/wp-json\/wp\/v2\/pages\/5927\/revisions"}],"predecessor-version":[{"id":7193,"href":"https:\/\/seanop.com.tr\/tr_tr\/wp-json\/wp\/v2\/pages\/5927\/revisions\/7193"}],"wp:attachment":[{"href":"https:\/\/seanop.com.tr\/tr_tr\/wp-json\/wp\/v2\/media?parent=5927"}],"curies":[{"name":"wp","href":"https:\/\/api.w.org\/{rel}","templated":true}]}}