{"id":5036,"date":"2022-09-09T12:22:23","date_gmt":"2022-09-09T12:22:23","guid":{"rendered":"http:\/\/seanop.com.tr\/about-2\/"},"modified":"2025-05-24T13:14:56","modified_gmt":"2025-05-24T10:14:56","slug":"tarihce","status":"publish","type":"page","link":"https:\/\/seanop.com.tr\/tr_tr\/tarihce\/","title":{"rendered":"Tarih\u00e7e"},"content":{"rendered":"\t\t<div data-elementor-type=\"wp-page\" data-elementor-id=\"5036\" class=\"elementor elementor-5036\" data-elementor-post-type=\"page\">\n\t\t\t\t\t\t<section class=\"elementor-section elementor-top-section elementor-element elementor-element-7735e7e elementor-section-stretched elementor-section-boxed elementor-section-height-default elementor-section-height-default jltma-glass-effect-no\" data-id=\"7735e7e\" data-element_type=\"section\" data-settings=\"{&quot;stretch_section&quot;:&quot;section-stretched&quot;}\">\n\t\t\t\t\t\t<div class=\"elementor-container elementor-column-gap-no\">\n\t\t\t\t\t<div class=\"elementor-column elementor-col-100 elementor-top-column elementor-element elementor-element-9b8be03 jltma-glass-effect-no\" data-id=\"9b8be03\" data-element_type=\"column\">\n\t\t\t<div class=\"elementor-widget-wrap elementor-element-populated\">\n\t\t\t\t\t\t<div class=\"elementor-element elementor-element-017d1fd jltma-glass-effect-no elementor-widget elementor-widget-image\" data-id=\"017d1fd\" data-element_type=\"widget\" data-widget_type=\"image.default\">\n\t\t\t\t<div class=\"elementor-widget-container\">\n\t\t\t\t\t\t\t\t\t\t\t\t\t\t\t<img fetchpriority=\"high\" decoding=\"async\" width=\"2560\" height=\"1169\" src=\"https:\/\/seanop.com.tr\/wp-content\/uploads\/2024\/11\/tarihce-sayf-fabrika-scaled.jpg\" class=\"attachment-full size-full wp-image-6546\" alt=\"\" srcset=\"https:\/\/seanop.com.tr\/wp-content\/uploads\/2024\/11\/tarihce-sayf-fabrika-scaled.jpg 2560w, https:\/\/seanop.com.tr\/wp-content\/uploads\/2024\/11\/tarihce-sayf-fabrika-300x137.jpg 300w, https:\/\/seanop.com.tr\/wp-content\/uploads\/2024\/11\/tarihce-sayf-fabrika-1024x467.jpg 1024w, https:\/\/seanop.com.tr\/wp-content\/uploads\/2024\/11\/tarihce-sayf-fabrika-768x351.jpg 768w, https:\/\/seanop.com.tr\/wp-content\/uploads\/2024\/11\/tarihce-sayf-fabrika-1536x701.jpg 1536w, https:\/\/seanop.com.tr\/wp-content\/uploads\/2024\/11\/tarihce-sayf-fabrika-2048x935.jpg 2048w, https:\/\/seanop.com.tr\/wp-content\/uploads\/2024\/11\/tarihce-sayf-fabrika-1530x700.jpg 1530w, https:\/\/seanop.com.tr\/wp-content\/uploads\/2024\/11\/tarihce-sayf-fabrika-610x278.jpg 610w\" sizes=\"(max-width: 2560px) 100vw, 2560px\" \/>\t\t\t\t\t\t\t\t\t\t\t\t\t\t\t<\/div>\n\t\t\t\t<\/div>\n\t\t\t\t\t<\/div>\n\t\t<\/div>\n\t\t\t\t\t<\/div>\n\t\t<\/section>\n\t\t\t\t<section class=\"elementor-section elementor-top-section elementor-element elementor-element-cb05707 elementor-section-stretched elementor-section-boxed elementor-section-height-default elementor-section-height-default jltma-glass-effect-no\" data-id=\"cb05707\" data-element_type=\"section\" data-settings=\"{&quot;stretch_section&quot;:&quot;section-stretched&quot;}\">\n\t\t\t\t\t\t<div class=\"elementor-container elementor-column-gap-no\">\n\t\t\t\t\t<div class=\"elementor-column elementor-col-50 elementor-top-column elementor-element elementor-element-fe2e61c jltma-glass-effect-no\" data-id=\"fe2e61c\" data-element_type=\"column\">\n\t\t\t<div class=\"elementor-widget-wrap elementor-element-populated\">\n\t\t\t\t\t\t<section class=\"elementor-section elementor-inner-section elementor-element elementor-element-1f140abe elementor-section-full_width elementor-section-height-default elementor-section-height-default jltma-glass-effect-no\" data-id=\"1f140abe\" data-element_type=\"section\">\n\t\t\t\t\t\t<div class=\"elementor-container elementor-column-gap-default\">\n\t\t\t\t\t<div class=\"elementor-column elementor-col-100 elementor-inner-column elementor-element elementor-element-343e866b jltma-glass-effect-no\" data-id=\"343e866b\" data-element_type=\"column\">\n\t\t\t<div class=\"elementor-widget-wrap elementor-element-populated\">\n\t\t\t\t\t\t<div class=\"elementor-element elementor-element-17c7267d jltma-glass-effect-no elementor-widget elementor-widget-heading\" data-id=\"17c7267d\" data-element_type=\"widget\" data-no-translation=\"\" data-widget_type=\"heading.default\">\n\t\t\t\t<div class=\"elementor-widget-container\">\n\t\t\t\t\t<h2 class=\"elementor-heading-title elementor-size-default\">SEANOP'a ho\u015f geldiniz!<\/h2>\t\t\t\t<\/div>\n\t\t\t\t<\/div>\n\t\t\t\t<div class=\"elementor-element elementor-element-48d5f5d jltma-glass-effect-no elementor-widget elementor-widget-heading\" data-id=\"48d5f5d\" data-element_type=\"widget\" data-no-translation=\"\" data-widget_type=\"heading.default\">\n\t\t\t\t<div class=\"elementor-widget-container\">\n\t\t\t\t\t<style>.elementor-element-48d5f5d{display:none !important}<\/style>\t\t\t\t<\/div>\n\t\t\t\t<\/div>\n\t\t\t\t<div class=\"elementor-element elementor-element-637dcd25 elementor-widget__width-inherit elementor-absolute jltma-glass-effect-no elementor-widget elementor-widget-heading\" data-id=\"637dcd25\" data-element_type=\"widget\" data-settings=\"{&quot;_position&quot;:&quot;absolute&quot;}\" data-widget_type=\"heading.default\">\n\t\t\t\t<div class=\"elementor-widget-container\">\n\t\t\t\t\t<h2 class=\"elementor-heading-title elementor-size-default\">Tarih\u00e7e<\/h2>\t\t\t\t<\/div>\n\t\t\t\t<\/div>\n\t\t\t\t\t<\/div>\n\t\t<\/div>\n\t\t\t\t\t<\/div>\n\t\t<\/section>\n\t\t\t\t<div class=\"elementor-element elementor-element-15a0917f elementor-widget__width-initial jltma-glass-effect-no elementor-widget elementor-widget-heading\" data-id=\"15a0917f\" data-element_type=\"widget\" data-no-translation=\"\" data-widget_type=\"heading.default\">\n\t\t\t\t<div class=\"elementor-widget-container\">\n\t\t\t\t\t<h1 class=\"elementor-heading-title elementor-size-default\">Daha iyi bir gelecek in\u015fa ediyoruz<\/h1>\t\t\t\t<\/div>\n\t\t\t\t<\/div>\n\t\t\t\t<div class=\"elementor-element elementor-element-119c72e elementor-widget__width-initial jltma-glass-effect-no elementor-widget elementor-widget-heading\" data-id=\"119c72e\" data-element_type=\"widget\" data-no-translation=\"\" data-widget_type=\"heading.default\">\n\t\t\t\t<div class=\"elementor-widget-container\">\n\t\t\t\t\t<style>.elementor-element-119c72e{display:none !important}<\/style>\t\t\t\t<\/div>\n\t\t\t\t<\/div>\n\t\t\t\t\t<\/div>\n\t\t<\/div>\n\t\t\t\t<div class=\"elementor-column elementor-col-50 elementor-top-column elementor-element elementor-element-2211093d jltma-glass-effect-no\" data-id=\"2211093d\" data-element_type=\"column\">\n\t\t\t<div class=\"elementor-widget-wrap elementor-element-populated\">\n\t\t\t\t\t\t<div class=\"elementor-element elementor-element-53e7ffc3 jltma-glass-effect-no elementor-widget elementor-widget-heading\" data-id=\"53e7ffc3\" data-element_type=\"widget\" data-no-translation=\"\" data-widget_type=\"heading.default\">\n\t\t\t\t<div class=\"elementor-widget-container\">\n\t\t\t\t\t<h2 class=\"elementor-heading-title elementor-size-default\">Tarih\u00e7e <\/h2>\t\t\t\t<\/div>\n\t\t\t\t<\/div>\n\t\t\t\t<div class=\"elementor-element elementor-element-e4dfb2b jltma-glass-effect-no elementor-widget elementor-widget-heading\" data-id=\"e4dfb2b\" data-element_type=\"widget\" data-no-translation=\"\" data-widget_type=\"heading.default\">\n\t\t\t\t<div class=\"elementor-widget-container\">\n\t\t\t\t\t<style>.elementor-element-e4dfb2b{display:none !important}<\/style>\t\t\t\t<\/div>\n\t\t\t\t<\/div>\n\t\t\t\t<div class=\"elementor-element elementor-element-594c75c elementor-widget__width-initial jltma-glass-effect-no elementor-widget elementor-widget-text-editor\" data-id=\"594c75c\" data-element_type=\"widget\" data-no-translation=\"\" data-widget_type=\"text-editor.default\">\n\t\t\t\t<div class=\"elementor-widget-container\">\n\t\t\t\t\t\t\t\t\t<p>Su \u00dcr\u00fcnleri \u0130\u015fleme, \u015eoklama ve Depolama Tesisi SEANOP, T.C. Sanayi ve Teknoloji Bakanl\u0131\u011f\u0131 Rekabet\u00e7i Sekt\u00f6rler Program\u0131 kapsam\u0131nda, Avrupa Birli\u011fi ve T\u00fcrkiye Cumhuriyeti ortak finansman\u0131yla Kuzey Anadolu Kalk\u0131nma Ajans\u0131 (KUZKA) taraf\u0131ndan y\u00fcr\u00fct\u00fclmekte olan Sinop\u2019ta Temel Sekt\u00f6rlerin Rekabet\u00e7ili\u011finin Art\u0131r\u0131lmas\u0131 Projesi kapsam\u0131nda kurulmu\u015f ve hayata ge\u00e7irilmi\u015ftir.<\/p><p>Sinop&#8217;ta su \u00fcr\u00fcnleri sekt\u00f6r\u00fcnde faaliyet g\u00f6steren t\u00fcm i\u015fletmelere y\u00f6nelik ortak kullan\u0131m hizmetleri sunan bu tesis, su \u00fcr\u00fcnleri \u00fcreticilerinin gelirlerini art\u0131rmay\u0131, su \u00fcr\u00fcnleri ekosistemini geli\u015ftirmeyi ve Sinop&#8217;u b\u00f6lgesel bir cazibe merkezi haline getirmeyi ama\u00e7lamaktad\u0131r.<\/p><p>2012 y\u0131l\u0131nda haz\u0131rl\u0131klar\u0131na ba\u015flanan ve 2018 y\u0131l\u0131nda projesi onaylanan Su \u00dcr\u00fcnleri \u0130\u015fleme, \u015eoklama ve Depolama Tesisi&#8217;nin in\u015faat\u0131na, 2021 y\u0131l\u0131 ba\u015f\u0131nda yer tesliminin yap\u0131lmas\u0131yla ba\u015flanm\u0131\u015f ve Temmuz 2023 itibariyle tamamlanm\u0131\u015ft\u0131r.<\/p><p>Makine ve ekipmanlar\u0131n kurulumu ve testlerin tamamlanmas\u0131n\u0131n ard\u0131ndan faaliyete ge\u00e7en tesis, Sinop Organize Sanayi B\u00f6lgesi\u2019nde kurulmu\u015f olup, 20.081,50 m<sup>2<\/sup> arsa \u00fczerinde, toplam 10.040 m<sup>2<\/sup> kapal\u0131 alana sahiptir.<\/p><p>6000 ton\/y\u0131l i\u015fleme, \u015foklama ve depolama kapasitesine sahip olan tesis 3 bloktan olu\u015fmaktad\u0131r:<\/p><p>A Blok: \u0130dari Bina ve Laboratuvar\u0131 i\u00e7ermektedir. 3 katl\u0131 yap\u0131 960 m<sup>2<\/sup> alan \u00fczerinde toplam 2.880 m<sup>2<\/sup>\u2019dir.<\/p><p>B Blok: \u00dcst kat i\u015fleme alan\u0131 ve alt kat so\u011fuk odalardan olu\u015fan yap\u0131 2.897 m<sup>2<\/sup> olup toplamda 5.960 m<sup>2<\/sup>\u2019dir.<\/p><p>C Blok: At\u0131k vs. depolama alan\u0131 olarak tasarlanm\u0131\u015f olup (1.200 m<sup>2<\/sup>) proje b\u00fct\u00e7esi i\u00e7erisinde yer almamaktad\u0131r.<\/p>\t\t\t\t\t\t\t\t<\/div>\n\t\t\t\t<\/div>\n\t\t\t\t<div class=\"elementor-element elementor-element-ab61d12 elementor-widget__width-initial jltma-glass-effect-no elementor-widget elementor-widget-text-editor\" data-id=\"ab61d12\" data-element_type=\"widget\" data-no-translation=\"\" data-widget_type=\"text-editor.default\">\n\t\t\t\t<div class=\"elementor-widget-container\">\n\t\t\t\t\t<style>.elementor-element-ab61d12{display:none !important}<\/style>\t\t\t\t<\/div>\n\t\t\t\t<\/div>\n\t\t\t\t\t<\/div>\n\t\t<\/div>\n\t\t\t\t\t<\/div>\n\t\t<\/section>\n\t\t\t\t<\/div>\n\t\t","protected":false},"excerpt":{"rendered":"<p>SEANOP&#8217;a ho\u015f geldiniz! Tarih\u00e7e Daha iyi bir gelecek in\u015fa ediyoruz Tarih\u00e7e Su \u00dcr\u00fcnleri \u0130\u015fleme, \u015eoklama ve Depolama Tesisi SEANOP, T.C.<span class=\"more-dots\">&#8230;<\/span><\/p>\n","protected":false},"author":1,"featured_media":0,"parent":0,"menu_order":0,"comment_status":"closed","ping_status":"closed","template":"page-templates\/full-width.php","meta":{"footnotes":""},"class_list":["post-5036","page","type-page","status-publish","hentry"],"yoast_head":"<!-- This site is optimized with the Yoast SEO plugin v26.1.1 - https:\/\/yoast.com\/wordpress\/plugins\/seo\/ -->\n<title>Tarih\u00e7e<\/title>\n<meta name=\"robots\" content=\"index, follow, max-snippet:-1, max-image-preview:large, max-video-preview:-1\" \/>\n<link rel=\"canonical\" href=\"https:\/\/seanop.com.tr\/tr_tr\/tarihce\/\" \/>\n<meta property=\"og:locale\" content=\"tr_TR\" \/>\n<meta property=\"og:locale:alternate\" content=\"en_US\" \/>\n<meta property=\"og:type\" content=\"article\" \/>\n<meta property=\"og:title\" content=\"Tarih\u00e7e\" \/>\n<meta property=\"og:description\" content=\"SEANOP&#8217;a ho\u015f geldiniz! Tarih\u00e7e Daha iyi bir gelecek in\u015fa ediyoruz Tarih\u00e7e Su \u00dcr\u00fcnleri \u0130\u015fleme, \u015eoklama ve Depolama Tesisi SEANOP, T.C....\" \/>\n<meta property=\"og:url\" content=\"https:\/\/seanop.com.tr\/tr_tr\/tarihce\/\" \/>\n<meta property=\"og:site_name\" content=\"Seanop\" \/>\n<meta property=\"article:modified_time\" content=\"2025-05-24T10:14:56+00:00\" \/>\n<meta property=\"og:image\" content=\"https:\/\/seanop.com.tr\/wp-content\/uploads\/2024\/11\/tarihce-sayf-fabrika-scaled.jpg\" \/>\n\t<meta property=\"og:image:width\" content=\"2560\" \/>\n\t<meta property=\"og:image:height\" content=\"1169\" \/>\n\t<meta property=\"og:image:type\" content=\"image\/jpeg\" \/>\n<meta name=\"twitter:card\" content=\"summary_large_image\" \/>\n<meta name=\"twitter:label1\" content=\"Tahmini okuma s\u00fcresi\" \/>\n\t<meta name=\"twitter:data1\" content=\"4 dakika\" \/>\n<script type=\"application\/ld+json\" class=\"yoast-schema-graph\">{\"@context\":\"https:\/\/schema.org\",\"@graph\":[{\"@type\":\"WebPage\",\"@id\":\"https:\/\/seanop.com.tr\/en\/tarihce\/\",\"url\":\"https:\/\/seanop.com.tr\/en\/tarihce\/\",\"name\":\"Tarih\u00e7e\",\"isPartOf\":{\"@id\":\"https:\/\/seanop.com.tr\/#website\"},\"primaryImageOfPage\":{\"@id\":\"https:\/\/seanop.com.tr\/en\/tarihce\/#primaryimage\"},\"image\":{\"@id\":\"https:\/\/seanop.com.tr\/en\/tarihce\/#primaryimage\"},\"thumbnailUrl\":\"https:\/\/seanop.com.tr\/wp-content\/uploads\/2024\/11\/tarihce-sayf-fabrika-scaled.jpg\",\"datePublished\":\"2022-09-09T12:22:23+00:00\",\"dateModified\":\"2025-05-24T10:14:56+00:00\",\"breadcrumb\":{\"@id\":\"https:\/\/seanop.com.tr\/en\/tarihce\/#breadcrumb\"},\"inLanguage\":\"tr-TR\",\"potentialAction\":[{\"@type\":\"ReadAction\",\"target\":[\"https:\/\/seanop.com.tr\/en\/tarihce\/\"]}]},{\"@type\":\"ImageObject\",\"inLanguage\":\"tr-TR\",\"@id\":\"https:\/\/seanop.com.tr\/en\/tarihce\/#primaryimage\",\"url\":\"https:\/\/seanop.com.tr\/wp-content\/uploads\/2024\/11\/tarihce-sayf-fabrika-scaled.jpg\",\"contentUrl\":\"https:\/\/seanop.com.tr\/wp-content\/uploads\/2024\/11\/tarihce-sayf-fabrika-scaled.jpg\"},{\"@type\":\"BreadcrumbList\",\"@id\":\"https:\/\/seanop.com.tr\/en\/tarihce\/#breadcrumb\",\"itemListElement\":[{\"@type\":\"ListItem\",\"position\":1,\"name\":\"Anasayfa\",\"item\":\"https:\/\/seanop.com.tr\/\"},{\"@type\":\"ListItem\",\"position\":2,\"name\":\"History\"}]},{\"@type\":\"WebSite\",\"@id\":\"https:\/\/seanop.com.tr\/#website\",\"url\":\"https:\/\/seanop.com.tr\/\",\"name\":\"Seanop\",\"description\":\"\",\"publisher\":{\"@id\":\"https:\/\/seanop.com.tr\/#organization\"},\"potentialAction\":[{\"@type\":\"SearchAction\",\"target\":{\"@type\":\"EntryPoint\",\"urlTemplate\":\"https:\/\/seanop.com.tr\/?s={search_term_string}\"},\"query-input\":{\"@type\":\"PropertyValueSpecification\",\"valueRequired\":true,\"valueName\":\"search_term_string\"}}],\"inLanguage\":\"tr-TR\"},{\"@type\":\"Organization\",\"@id\":\"https:\/\/seanop.com.tr\/#organization\",\"name\":\"Seanop\",\"url\":\"https:\/\/seanop.com.tr\/\",\"logo\":{\"@type\":\"ImageObject\",\"inLanguage\":\"tr-TR\",\"@id\":\"https:\/\/seanop.com.tr\/#\/schema\/logo\/image\/\",\"url\":\"https:\/\/seanop.com.tr\/wp-content\/uploads\/2024\/11\/seanop-logo.png\",\"contentUrl\":\"https:\/\/seanop.com.tr\/wp-content\/uploads\/2024\/11\/seanop-logo.png\",\"width\":568,\"height\":129,\"caption\":\"Seanop\"},\"image\":{\"@id\":\"https:\/\/seanop.com.tr\/#\/schema\/logo\/image\/\"}}]}<\/script>\n<!-- \/ Yoast SEO plugin. -->","yoast_head_json":{"title":"Tarih\u00e7e","robots":{"index":"index","follow":"follow","max-snippet":"max-snippet:-1","max-image-preview":"max-image-preview:large","max-video-preview":"max-video-preview:-1"},"canonical":"https:\/\/seanop.com.tr\/tr_tr\/tarihce\/","og_locale":"tr_TR","og_type":"article","og_title":"[:tr]Tarih\u00e7e[:en]History[:] - Seanop","og_description":"SEANOP&#8217;a ho\u015f geldiniz! Tarih\u00e7e Daha iyi bir gelecek in\u015fa ediyoruz Tarih\u00e7e Su \u00dcr\u00fcnleri \u0130\u015fleme, \u015eoklama ve Depolama Tesisi SEANOP, T.C....","og_url":"https:\/\/seanop.com.tr\/tr_tr\/tarihce\/","og_site_name":"Seanop","article_modified_time":"2025-05-24T10:14:56+00:00","og_image":[{"width":2560,"height":1169,"url":"https:\/\/seanop.com.tr\/wp-content\/uploads\/2024\/11\/tarihce-sayf-fabrika-scaled.jpg","type":"image\/jpeg"}],"twitter_card":"summary_large_image","twitter_misc":{"Tahmini okuma s\u00fcresi":"4 dakika"},"schema":{"@context":"https:\/\/schema.org","@graph":[{"@type":"WebPage","@id":"https:\/\/seanop.com.tr\/en\/tarihce\/","url":"https:\/\/seanop.com.tr\/en\/tarihce\/","name":"Tarih\u00e7e","isPartOf":{"@id":"https:\/\/seanop.com.tr\/#website"},"primaryImageOfPage":{"@id":"https:\/\/seanop.com.tr\/en\/tarihce\/#primaryimage"},"image":{"@id":"https:\/\/seanop.com.tr\/en\/tarihce\/#primaryimage"},"thumbnailUrl":"https:\/\/seanop.com.tr\/wp-content\/uploads\/2024\/11\/tarihce-sayf-fabrika-scaled.jpg","datePublished":"2022-09-09T12:22:23+00:00","dateModified":"2025-05-24T10:14:56+00:00","breadcrumb":{"@id":"https:\/\/seanop.com.tr\/en\/tarihce\/#breadcrumb"},"inLanguage":"tr-TR","potentialAction":[{"@type":"ReadAction","target":["https:\/\/seanop.com.tr\/en\/tarihce\/"]}]},{"@type":"ImageObject","inLanguage":"tr-TR","@id":"https:\/\/seanop.com.tr\/en\/tarihce\/#primaryimage","url":"https:\/\/seanop.com.tr\/wp-content\/uploads\/2024\/11\/tarihce-sayf-fabrika-scaled.jpg","contentUrl":"https:\/\/seanop.com.tr\/wp-content\/uploads\/2024\/11\/tarihce-sayf-fabrika-scaled.jpg"},{"@type":"BreadcrumbList","@id":"https:\/\/seanop.com.tr\/en\/tarihce\/#breadcrumb","itemListElement":[{"@type":"ListItem","position":1,"name":"Anasayfa","item":"https:\/\/seanop.com.tr\/"},{"@type":"ListItem","position":2,"name":"History"}]},{"@type":"WebSite","@id":"https:\/\/seanop.com.tr\/#website","url":"https:\/\/seanop.com.tr\/","name":"Seanop","description":"","publisher":{"@id":"https:\/\/seanop.com.tr\/#organization"},"potentialAction":[{"@type":"SearchAction","target":{"@type":"EntryPoint","urlTemplate":"https:\/\/seanop.com.tr\/?s={search_term_string}"},"query-input":{"@type":"PropertyValueSpecification","valueRequired":true,"valueName":"search_term_string"}}],"inLanguage":"tr-TR"},{"@type":"Organization","@id":"https:\/\/seanop.com.tr\/#organization","name":"Seanop","url":"https:\/\/seanop.com.tr\/","logo":{"@type":"ImageObject","inLanguage":"tr-TR","@id":"https:\/\/seanop.com.tr\/#\/schema\/logo\/image\/","url":"https:\/\/seanop.com.tr\/wp-content\/uploads\/2024\/11\/seanop-logo.png","contentUrl":"https:\/\/seanop.com.tr\/wp-content\/uploads\/2024\/11\/seanop-logo.png","width":568,"height":129,"caption":"Seanop"},"image":{"@id":"https:\/\/seanop.com.tr\/#\/schema\/logo\/image\/"}}]}},"_links":{"self":[{"href":"https:\/\/seanop.com.tr\/tr_tr\/wp-json\/wp\/v2\/pages\/5036","targetHints":{"allow":["GET"]}}],"collection":[{"href":"https:\/\/seanop.com.tr\/tr_tr\/wp-json\/wp\/v2\/pages"}],"about":[{"href":"https:\/\/seanop.com.tr\/tr_tr\/wp-json\/wp\/v2\/types\/page"}],"author":[{"embeddable":true,"href":"https:\/\/seanop.com.tr\/tr_tr\/wp-json\/wp\/v2\/users\/1"}],"replies":[{"embeddable":true,"href":"https:\/\/seanop.com.tr\/tr_tr\/wp-json\/wp\/v2\/comments?post=5036"}],"version-history":[{"count":42,"href":"https:\/\/seanop.com.tr\/tr_tr\/wp-json\/wp\/v2\/pages\/5036\/revisions"}],"predecessor-version":[{"id":7427,"href":"https:\/\/seanop.com.tr\/tr_tr\/wp-json\/wp\/v2\/pages\/5036\/revisions\/7427"}],"wp:attachment":[{"href":"https:\/\/seanop.com.tr\/tr_tr\/wp-json\/wp\/v2\/media?parent=5036"}],"curies":[{"name":"wp","href":"https:\/\/api.w.org\/{rel}","templated":true}]}}