{"id":6732,"date":"2024-11-14T23:29:11","date_gmt":"2024-11-14T20:29:11","guid":{"rendered":"https:\/\/seanop.com.tr\/?page_id=6732"},"modified":"2025-05-22T12:55:48","modified_gmt":"2025-05-22T09:55:48","slug":"vakum-paketleme-unitesi","status":"publish","type":"page","link":"https:\/\/seanop.com.tr\/en\/vakum-paketleme-unitesi\/","title":{"rendered":"Vacuum Packaging Unit"},"content":{"rendered":"<div data-elementor-type=\"wp-page\" data-elementor-id=\"6732\" class=\"elementor elementor-6732\" data-elementor-post-type=\"page\">\n\t\t\t\t\t\t<div class=\"elementor-section elementor-top-section elementor-element elementor-element-71c1b5e elementor-section-stretched elementor-section-boxed elementor-section-height-default elementor-section-height-default jltma-glass-effect-no\" data-id=\"71c1b5e\" data-element_type=\"section\" data-settings=\"{&quot;stretch_section&quot;:&quot;section-stretched&quot;}\">\n\t\t\t\t\t\t<div class=\"elementor-container elementor-column-gap-no\">\n\t\t\t\t\t<div class=\"elementor-column elementor-col-100 elementor-top-column elementor-element elementor-element-ac69ffe jltma-glass-effect-no\" data-id=\"ac69ffe\" data-element_type=\"column\">\n\t\t\t<div class=\"elementor-widget-wrap elementor-element-populated\">\n\t\t\t\t\t\t<div class=\"elementor-element elementor-element-574dff21 jltma-glass-effect-no elementor-widget elementor-widget-text-editor\" data-id=\"574dff21\" data-element_type=\"widget\" data-no-translation=\"\" data-widget_type=\"text-editor.default\">\n\t\t\t\t<div class=\"elementor-widget-container\">\n\t\t\t\t\t<style>.elementor-element-574dff21{display:none !important}<\/style>\t\t\t\t<\/div>\n\t\t\t\t<\/div>\n\t\t\t\t<div class=\"elementor-element elementor-element-2ebfde9 jltma-glass-effect-no elementor-widget elementor-widget-text-editor\" data-id=\"2ebfde9\" data-element_type=\"widget\" data-no-translation=\"\" data-widget_type=\"text-editor.default\">\n\t\t\t\t<div class=\"elementor-widget-container\">\n\t\t\t\t\t\t\t\t\t<p>It is used to ensure that processed fish are properly packaged before reaching the consumer. On this line, the fish are packaged for delivery to the end consumer.<br \/><br \/>During the packaging process, care is taken to preserve the freshness and nutritional value of each fish. The packaging of fish extends the shelf life of the products and ensures that they reach the consumer in the healthiest form. This process, which is carried out in accordance with hygiene and food safety standards, guarantees that the fish is presented to the consumer in a safe and high quality manner.<br \/><br \/>In addition, the fish are labelled on the packaging line and the necessary information is added to the packaging. This information includes the type of product, processing date, expiry date and storage conditions. Thanks to these labels, consumers can have detailed information about the product and consume it safely. The meticulous implementation of these processes increases consumer satisfaction and increases the market value of fish products.<\/p>\t\t\t\t\t\t\t\t<\/div>\n\t\t\t\t<\/div>\n\t\t\t\t\t<\/div>\n\t\t<\/div>\n\t\t\t\t\t<\/div>\n\t\t<\/div>\n\t\t\t\t<div class=\"elementor-section elementor-top-section elementor-element elementor-element-13611567 elementor-section-full_width elementor-section-height-default elementor-section-height-default jltma-glass-effect-no\" data-id=\"13611567\" data-element_type=\"section\">\n\t\t\t\t\t\t<div class=\"elementor-container elementor-column-gap-default\">\n\t\t\t\t\t<div class=\"elementor-column elementor-col-100 elementor-top-column elementor-element elementor-element-64c068a6 jltma-glass-effect-no\" data-id=\"64c068a6\" data-element_type=\"column\">\n\t\t\t<div class=\"elementor-widget-wrap elementor-element-populated\">\n\t\t\t\t\t\t<div class=\"elementor-element elementor-element-598386aa jltma-glass-effect-no elementor-widget elementor-widget-premium-img-gallery\" data-id=\"598386aa\" data-element_type=\"widget\" data-settings=\"{&quot;premium_gallery_img_content&quot;:[{&quot;_id&quot;:&quot;ed19d21&quot;,&quot;premium_gallery_img&quot;:{&quot;url&quot;:&quot;https:\\\/\\\/seanop.com.tr\\\/wp-content\\\/uploads\\\/2024\\\/11\\\/vakum-paketleme22-scaled.jpg&quot;,&quot;id&quot;:6928,&quot;size&quot;:&quot;&quot;,&quot;alt&quot;:&quot;&quot;,&quot;source&quot;:&quot;library&quot;},&quot;premium_gallery_image_cell&quot;:{&quot;unit&quot;:&quot;px&quot;,&quot;size&quot;:4,&quot;sizes&quot;:[]},&quot;premium_gallery_image_cell_tablet&quot;:{&quot;unit&quot;:&quot;px&quot;,&quot;size&quot;:&quot;&quot;,&quot;sizes&quot;:[]},&quot;premium_gallery_image_cell_mobile&quot;:{&quot;unit&quot;:&quot;px&quot;,&quot;size&quot;:&quot;&quot;,&quot;sizes&quot;:[]},&quot;premium_gallery_image_vcell&quot;:{&quot;unit&quot;:&quot;px&quot;,&quot;size&quot;:4,&quot;sizes&quot;:[]},&quot;premium_gallery_image_vcell_tablet&quot;:{&quot;unit&quot;:&quot;px&quot;,&quot;size&quot;:&quot;&quot;,&quot;sizes&quot;:[]},&quot;premium_gallery_image_vcell_mobile&quot;:{&quot;unit&quot;:&quot;px&quot;,&quot;size&quot;:&quot;&quot;,&quot;sizes&quot;:[]},&quot;premium_gallery_video&quot;:&quot;&quot;,&quot;premium_gallery_video_type&quot;:null,&quot;premium_gallery_video_url&quot;:null,&quot;premium_gallery_video_self&quot;:null,&quot;premium_gallery_video_self_url&quot;:null,&quot;premium_gallery_video_controls&quot;:null,&quot;premium_gallery_video_mute&quot;:null,&quot;premium_gallery_video_loop&quot;:null,&quot;download_button&quot;:null,&quot;privacy_mode&quot;:null,&quot;premmium_gallery_img_info&quot;:&quot;&quot;,&quot;premium_gallery_img_name&quot;:&quot;&quot;,&quot;premium_gallery_img_desc&quot;:&quot;&quot;,&quot;premium_gallery_img_category&quot;:&quot;&quot;,&quot;premium_gallery_img_link_type&quot;:&quot;url&quot;,&quot;premium_gallery_img_link&quot;:{&quot;url&quot;:&quot;&quot;,&quot;is_external&quot;:&quot;&quot;,&quot;nofollow&quot;:&quot;&quot;,&quot;custom_attributes&quot;:&quot;&quot;},&quot;premium_gallery_img_existing&quot;:null,&quot;premium_gallery_link_whole&quot;:&quot;&quot;,&quot;premium_gallery_lightbox_whole&quot;:&quot;&quot;},{&quot;_id&quot;:&quot;8ac5121&quot;,&quot;premium_gallery_img&quot;:{&quot;url&quot;:&quot;https:\\\/\\\/seanop.com.tr\\\/wp-content\\\/uploads\\\/2024\\\/11\\\/map-paketleme-scaled.jpg&quot;,&quot;id&quot;:6924,&quot;size&quot;:&quot;&quot;,&quot;alt&quot;:&quot;&quot;,&quot;source&quot;:&quot;library&quot;},&quot;premium_gallery_image_cell&quot;:{&quot;unit&quot;:&quot;px&quot;,&quot;size&quot;:4,&quot;sizes&quot;:[]},&quot;premium_gallery_image_cell_tablet&quot;:{&quot;unit&quot;:&quot;px&quot;,&quot;size&quot;:&quot;&quot;,&quot;sizes&quot;:[]},&quot;premium_gallery_image_cell_mobile&quot;:{&quot;unit&quot;:&quot;px&quot;,&quot;size&quot;:&quot;&quot;,&quot;sizes&quot;:[]},&quot;premium_gallery_image_vcell&quot;:{&quot;unit&quot;:&quot;px&quot;,&quot;size&quot;:4,&quot;sizes&quot;:[]},&quot;premium_gallery_image_vcell_tablet&quot;:{&quot;unit&quot;:&quot;px&quot;,&quot;size&quot;:&quot;&quot;,&quot;sizes&quot;:[]},&quot;premium_gallery_image_vcell_mobile&quot;:{&quot;unit&quot;:&quot;px&quot;,&quot;size&quot;:&quot;&quot;,&quot;sizes&quot;:[]},&quot;premium_gallery_video&quot;:&quot;&quot;,&quot;premium_gallery_video_type&quot;:null,&quot;premium_gallery_video_url&quot;:null,&quot;premium_gallery_video_self&quot;:null,&quot;premium_gallery_video_self_url&quot;:null,&quot;premium_gallery_video_controls&quot;:null,&quot;premium_gallery_video_mute&quot;:null,&quot;premium_gallery_video_loop&quot;:null,&quot;download_button&quot;:null,&quot;privacy_mode&quot;:null,&quot;premmium_gallery_img_info&quot;:&quot;&quot;,&quot;premium_gallery_img_name&quot;:&quot;&quot;,&quot;premium_gallery_img_desc&quot;:&quot;&quot;,&quot;premium_gallery_img_category&quot;:&quot;&quot;,&quot;premium_gallery_img_link_type&quot;:&quot;url&quot;,&quot;premium_gallery_img_link&quot;:{&quot;url&quot;:&quot;&quot;,&quot;is_external&quot;:&quot;&quot;,&quot;nofollow&quot;:&quot;&quot;,&quot;custom_attributes&quot;:&quot;&quot;},&quot;premium_gallery_img_existing&quot;:null,&quot;premium_gallery_link_whole&quot;:&quot;&quot;,&quot;premium_gallery_lightbox_whole&quot;:&quot;&quot;}]}\" data-widget_type=\"premium-img-gallery.default\">\n\t\t\t\t<div class=\"elementor-widget-container\">\n\t\t\t\t\t\n\t<div id=\"premium-img-gallery-598386aa\" class=\"elementor-invisible premium-img-gallery premium-img-gallery-fitRows none premium-gallery-icon-show\">\n\t\t\n\t\t<div class=\"premium-gallery-container\" data-settings=\"{&quot;img_size&quot;:&quot;fitRows&quot;,&quot;filter&quot;:&quot;&quot;,&quot;theme&quot;:null,&quot;active_cat&quot;:&quot;*&quot;,&quot;ltr_mode&quot;:true,&quot;shuffle&quot;:false,&quot;sort_by&quot;:&quot;original-order&quot;,&quot;skin&quot;:&quot;style1&quot;,&quot;light_box&quot;:&quot;yes&quot;,&quot;lightbox_type&quot;:&quot;yes&quot;,&quot;overlay&quot;:false}\">\n\n\t\t\t\t\t\t\t<div class=\"premium-gallery-item elementor-repeater-item-ed19d21\">\n\t\t\t\t<div class=\"pa-gallery-img style1\" onclick=\"\">\n\t\t\t\t\t<div class=\"pa-gallery-img-container\">\n\t\t\t\t\t\t\t\t<img fetchpriority=\"high\" decoding=\"async\" width=\"800\" height=\"400\" src=\"https:\/\/seanop.com.tr\/wp-content\/uploads\/2024\/11\/vakum-paketleme22-800x400.jpg\" class=\"attachment-seedone-square-half size-seedone-square-half wp-image-6928\" alt=\"\" srcset=\"https:\/\/seanop.com.tr\/wp-content\/uploads\/2024\/11\/vakum-paketleme22-800x400.jpg 800w, https:\/\/seanop.com.tr\/wp-content\/uploads\/2024\/11\/vakum-paketleme22-1520x760.jpg 1520w\" sizes=\"(max-width: 800px) 100vw, 800px\" \/>\t\t\t\t\t\t\t<\/div>\n\t\t\t\t\t\t\t\t\t\t\t\t<div class=\"pa-gallery-icons-wrapper\">\n\t\t\t\t\t\t\t\t<div class=\"pa-gallery-icons-inner-container\">\n\t\t\t\t\t\t\t\t\t\n\t\t\t\t\t<a class=\"pa-gallery-magnific-image\" href=\"https:\/\/seanop.com.tr\/wp-content\/uploads\/2024\/11\/vakum-paketleme22-scaled.jpg\" data-elementor-open-lightbox=\"yes\" data-elementor-lightbox-slideshow=\"598386aa\" data-elementor-lightbox-title=\"vakum-paketleme22\">\n\t\t\t\t\t\t<span>\n\t\t\t\t\t\t\t<i aria-hidden=\"true\" class=\"fas fa-search\"><\/i>\t\t\t\t\t\t<\/span>\n\t\t\t\t\t<\/a>\n\t\t\t\t\t\t\t\t\t\t\t\t<\/div>\n\t\t\t\t\t\t\t<\/div>\n\t\t\t\t\t\t\t\t\t\t\t<\/div>\n\t\t\t<\/div>\n\t\t\t\t\t\t\t<div class=\"premium-gallery-item elementor-repeater-item-8ac5121\">\n\t\t\t\t<div class=\"pa-gallery-img style1\" onclick=\"\">\n\t\t\t\t\t<div class=\"pa-gallery-img-container\">\n\t\t\t\t\t\t\t\t<img decoding=\"async\" width=\"800\" height=\"400\" src=\"https:\/\/seanop.com.tr\/wp-content\/uploads\/2024\/11\/map-paketleme-800x400.jpg\" class=\"attachment-seedone-square-half size-seedone-square-half wp-image-6924\" alt=\"\" srcset=\"https:\/\/seanop.com.tr\/wp-content\/uploads\/2024\/11\/map-paketleme-800x400.jpg 800w, https:\/\/seanop.com.tr\/wp-content\/uploads\/2024\/11\/map-paketleme-1520x760.jpg 1520w\" sizes=\"(max-width: 800px) 100vw, 800px\" \/>\t\t\t\t\t\t\t<\/div>\n\t\t\t\t\t\t\t\t\t\t\t\t<div class=\"pa-gallery-icons-wrapper\">\n\t\t\t\t\t\t\t\t<div class=\"pa-gallery-icons-inner-container\">\n\t\t\t\t\t\t\t\t\t\n\t\t\t\t\t<a class=\"pa-gallery-magnific-image\" href=\"https:\/\/seanop.com.tr\/wp-content\/uploads\/2024\/11\/map-paketleme-scaled.jpg\" data-elementor-open-lightbox=\"yes\" data-elementor-lightbox-slideshow=\"598386aa\" data-elementor-lightbox-title=\"map-paketleme\">\n\t\t\t\t\t\t<span>\n\t\t\t\t\t\t\t<i aria-hidden=\"true\" class=\"fas fa-search\"><\/i>\t\t\t\t\t\t<\/span>\n\t\t\t\t\t<\/a>\n\t\t\t\t\t\t\t\t\t\t\t\t<\/div>\n\t\t\t\t\t\t\t<\/div>\n\t\t\t\t\t\t\t\t\t\t\t<\/div>\n\t\t\t<\/div>\n\t\t\t\n\t\t\t\t\t<\/div>\n\n\t\t\n\t<\/div>\n\n\t\t\n\t\t\n\t\t\t\t\t\t<\/div>\n\t\t\t\t<\/div>\n\t\t\t\t\t<\/div>\n\t\t<\/div>\n\t\t\t\t\t<\/div>\n\t\t<\/div>\n\t\t\t\t<\/div>","protected":false},"excerpt":{"rendered":"<p>\u0130\u015flenmi\u015f bal\u0131klar\u0131n t\u00fcketiciye ula\u015fmadan \u00f6nce uygun \u015fekilde paketlenmesini sa\u011flamak amac\u0131yla kullan\u0131l\u0131r. Bu hat \u00fczerinde bal\u0131klar, son t\u00fcketiciye ula\u015ft\u0131rmak i\u00e7in paketlenmektedir.<span class=\"more-dots\">&#8230;<\/span><\/p>","protected":false},"author":1,"featured_media":0,"parent":0,"menu_order":0,"comment_status":"closed","ping_status":"closed","template":"page-templates\/full-width.php","meta":{"footnotes":""},"class_list":["post-6732","page","type-page","status-publish","hentry"],"yoast_head":"<!-- This site is optimized with the Yoast SEO plugin v26.1.1 - https:\/\/yoast.com\/wordpress\/plugins\/seo\/ -->\n<title>Vacuum Packaging Unit<\/title>\n<meta name=\"robots\" content=\"index, follow, max-snippet:-1, max-image-preview:large, max-video-preview:-1\" \/>\n<link rel=\"canonical\" href=\"https:\/\/seanop.com.tr\/en\/vakum-paketleme-unitesi\/\" \/>\n<meta property=\"og:locale\" content=\"en_US\" \/>\n<meta property=\"og:locale:alternate\" content=\"tr_TR\" \/>\n<meta property=\"og:type\" content=\"article\" \/>\n<meta property=\"og:title\" content=\"Vacuum Packaging Unit\" \/>\n<meta property=\"og:description\" content=\"\u0130\u015flenmi\u015f bal\u0131klar\u0131n t\u00fcketiciye ula\u015fmadan \u00f6nce uygun \u015fekilde paketlenmesini sa\u011flamak amac\u0131yla kullan\u0131l\u0131r. Bu hat \u00fczerinde bal\u0131klar, son t\u00fcketiciye ula\u015ft\u0131rmak i\u00e7in paketlenmektedir....\" \/>\n<meta property=\"og:url\" content=\"https:\/\/seanop.com.tr\/en\/vakum-paketleme-unitesi\/\" \/>\n<meta property=\"og:site_name\" content=\"Seanop\" \/>\n<meta property=\"article:modified_time\" content=\"2025-05-22T09:55:48+00:00\" \/>\n<meta property=\"og:image\" content=\"https:\/\/seanop.com.tr\/wp-content\/uploads\/2024\/11\/vakum-paketleme22-scaled.jpg\" \/>\n\t<meta property=\"og:image:width\" content=\"2560\" \/>\n\t<meta property=\"og:image:height\" content=\"1920\" \/>\n\t<meta property=\"og:image:type\" content=\"image\/jpeg\" \/>\n<meta name=\"twitter:card\" content=\"summary_large_image\" \/>\n<meta name=\"twitter:label1\" content=\"Est. reading time\" \/>\n\t<meta name=\"twitter:data1\" content=\"3 minutes\" \/>\n<script type=\"application\/ld+json\" class=\"yoast-schema-graph\">{\"@context\":\"https:\/\/schema.org\",\"@graph\":[{\"@type\":\"WebPage\",\"@id\":\"https:\/\/seanop.com.tr\/en\/vakum-paketleme-unitesi\/\",\"url\":\"https:\/\/seanop.com.tr\/en\/vakum-paketleme-unitesi\/\",\"name\":\"Vacuum Packaging Unit\",\"isPartOf\":{\"@id\":\"https:\/\/seanop.com.tr\/#website\"},\"primaryImageOfPage\":{\"@id\":\"https:\/\/seanop.com.tr\/en\/vakum-paketleme-unitesi\/#primaryimage\"},\"image\":{\"@id\":\"https:\/\/seanop.com.tr\/en\/vakum-paketleme-unitesi\/#primaryimage\"},\"thumbnailUrl\":\"https:\/\/seanop.com.tr\/wp-content\/uploads\/2024\/11\/vakum-paketleme22-800x400.jpg\",\"datePublished\":\"2024-11-14T20:29:11+00:00\",\"dateModified\":\"2025-05-22T09:55:48+00:00\",\"breadcrumb\":{\"@id\":\"https:\/\/seanop.com.tr\/en\/vakum-paketleme-unitesi\/#breadcrumb\"},\"inLanguage\":\"en-US\",\"potentialAction\":[{\"@type\":\"ReadAction\",\"target\":[\"https:\/\/seanop.com.tr\/en\/vakum-paketleme-unitesi\/\"]}]},{\"@type\":\"ImageObject\",\"inLanguage\":\"en-US\",\"@id\":\"https:\/\/seanop.com.tr\/en\/vakum-paketleme-unitesi\/#primaryimage\",\"url\":\"https:\/\/seanop.com.tr\/wp-content\/uploads\/2024\/11\/vakum-paketleme22-800x400.jpg\",\"contentUrl\":\"https:\/\/seanop.com.tr\/wp-content\/uploads\/2024\/11\/vakum-paketleme22-800x400.jpg\"},{\"@type\":\"BreadcrumbList\",\"@id\":\"https:\/\/seanop.com.tr\/en\/vakum-paketleme-unitesi\/#breadcrumb\",\"itemListElement\":[{\"@type\":\"ListItem\",\"position\":1,\"name\":\"Anasayfa\",\"item\":\"https:\/\/seanop.com.tr\/\"},{\"@type\":\"ListItem\",\"position\":2,\"name\":\"Vacuum Packaging Unit\"}]},{\"@type\":\"WebSite\",\"@id\":\"https:\/\/seanop.com.tr\/#website\",\"url\":\"https:\/\/seanop.com.tr\/\",\"name\":\"Seanop\",\"description\":\"\",\"publisher\":{\"@id\":\"https:\/\/seanop.com.tr\/#organization\"},\"potentialAction\":[{\"@type\":\"SearchAction\",\"target\":{\"@type\":\"EntryPoint\",\"urlTemplate\":\"https:\/\/seanop.com.tr\/?s={search_term_string}\"},\"query-input\":{\"@type\":\"PropertyValueSpecification\",\"valueRequired\":true,\"valueName\":\"search_term_string\"}}],\"inLanguage\":\"en-US\"},{\"@type\":\"Organization\",\"@id\":\"https:\/\/seanop.com.tr\/#organization\",\"name\":\"Seanop\",\"url\":\"https:\/\/seanop.com.tr\/\",\"logo\":{\"@type\":\"ImageObject\",\"inLanguage\":\"en-US\",\"@id\":\"https:\/\/seanop.com.tr\/#\/schema\/logo\/image\/\",\"url\":\"https:\/\/seanop.com.tr\/wp-content\/uploads\/2024\/11\/seanop-logo.png\",\"contentUrl\":\"https:\/\/seanop.com.tr\/wp-content\/uploads\/2024\/11\/seanop-logo.png\",\"width\":568,\"height\":129,\"caption\":\"Seanop\"},\"image\":{\"@id\":\"https:\/\/seanop.com.tr\/#\/schema\/logo\/image\/\"}}]}<\/script>\n<!-- \/ Yoast SEO plugin. -->","yoast_head_json":{"title":"Vacuum Packaging Unit","robots":{"index":"index","follow":"follow","max-snippet":"max-snippet:-1","max-image-preview":"max-image-preview:large","max-video-preview":"max-video-preview:-1"},"canonical":"https:\/\/seanop.com.tr\/en\/vakum-paketleme-unitesi\/","og_locale":"en_US","og_type":"article","og_title":"[:tr]Vakum Paketleme \u00dcnitesi[:en]Vacuum Packaging Unit[:] - Seanop","og_description":"\u0130\u015flenmi\u015f bal\u0131klar\u0131n t\u00fcketiciye ula\u015fmadan \u00f6nce uygun \u015fekilde paketlenmesini sa\u011flamak amac\u0131yla kullan\u0131l\u0131r. Bu hat \u00fczerinde bal\u0131klar, son t\u00fcketiciye ula\u015ft\u0131rmak i\u00e7in paketlenmektedir....","og_url":"https:\/\/seanop.com.tr\/en\/vakum-paketleme-unitesi\/","og_site_name":"Seanop","article_modified_time":"2025-05-22T09:55:48+00:00","og_image":[{"width":2560,"height":1920,"url":"https:\/\/seanop.com.tr\/wp-content\/uploads\/2024\/11\/vakum-paketleme22-scaled.jpg","type":"image\/jpeg"}],"twitter_card":"summary_large_image","twitter_misc":{"Est. reading time":"3 minutes"},"schema":{"@context":"https:\/\/schema.org","@graph":[{"@type":"WebPage","@id":"https:\/\/seanop.com.tr\/en\/vakum-paketleme-unitesi\/","url":"https:\/\/seanop.com.tr\/en\/vakum-paketleme-unitesi\/","name":"Vacuum Packaging Unit","isPartOf":{"@id":"https:\/\/seanop.com.tr\/#website"},"primaryImageOfPage":{"@id":"https:\/\/seanop.com.tr\/en\/vakum-paketleme-unitesi\/#primaryimage"},"image":{"@id":"https:\/\/seanop.com.tr\/en\/vakum-paketleme-unitesi\/#primaryimage"},"thumbnailUrl":"https:\/\/seanop.com.tr\/wp-content\/uploads\/2024\/11\/vakum-paketleme22-800x400.jpg","datePublished":"2024-11-14T20:29:11+00:00","dateModified":"2025-05-22T09:55:48+00:00","breadcrumb":{"@id":"https:\/\/seanop.com.tr\/en\/vakum-paketleme-unitesi\/#breadcrumb"},"inLanguage":"en-US","potentialAction":[{"@type":"ReadAction","target":["https:\/\/seanop.com.tr\/en\/vakum-paketleme-unitesi\/"]}]},{"@type":"ImageObject","inLanguage":"en-US","@id":"https:\/\/seanop.com.tr\/en\/vakum-paketleme-unitesi\/#primaryimage","url":"https:\/\/seanop.com.tr\/wp-content\/uploads\/2024\/11\/vakum-paketleme22-800x400.jpg","contentUrl":"https:\/\/seanop.com.tr\/wp-content\/uploads\/2024\/11\/vakum-paketleme22-800x400.jpg"},{"@type":"BreadcrumbList","@id":"https:\/\/seanop.com.tr\/en\/vakum-paketleme-unitesi\/#breadcrumb","itemListElement":[{"@type":"ListItem","position":1,"name":"Anasayfa","item":"https:\/\/seanop.com.tr\/"},{"@type":"ListItem","position":2,"name":"Vacuum Packaging Unit"}]},{"@type":"WebSite","@id":"https:\/\/seanop.com.tr\/#website","url":"https:\/\/seanop.com.tr\/","name":"Seanop","description":"","publisher":{"@id":"https:\/\/seanop.com.tr\/#organization"},"potentialAction":[{"@type":"SearchAction","target":{"@type":"EntryPoint","urlTemplate":"https:\/\/seanop.com.tr\/?s={search_term_string}"},"query-input":{"@type":"PropertyValueSpecification","valueRequired":true,"valueName":"search_term_string"}}],"inLanguage":"en-US"},{"@type":"Organization","@id":"https:\/\/seanop.com.tr\/#organization","name":"Seanop","url":"https:\/\/seanop.com.tr\/","logo":{"@type":"ImageObject","inLanguage":"en-US","@id":"https:\/\/seanop.com.tr\/#\/schema\/logo\/image\/","url":"https:\/\/seanop.com.tr\/wp-content\/uploads\/2024\/11\/seanop-logo.png","contentUrl":"https:\/\/seanop.com.tr\/wp-content\/uploads\/2024\/11\/seanop-logo.png","width":568,"height":129,"caption":"Seanop"},"image":{"@id":"https:\/\/seanop.com.tr\/#\/schema\/logo\/image\/"}}]}},"_links":{"self":[{"href":"https:\/\/seanop.com.tr\/en\/wp-json\/wp\/v2\/pages\/6732","targetHints":{"allow":["GET"]}}],"collection":[{"href":"https:\/\/seanop.com.tr\/en\/wp-json\/wp\/v2\/pages"}],"about":[{"href":"https:\/\/seanop.com.tr\/en\/wp-json\/wp\/v2\/types\/page"}],"author":[{"embeddable":true,"href":"https:\/\/seanop.com.tr\/en\/wp-json\/wp\/v2\/users\/1"}],"replies":[{"embeddable":true,"href":"https:\/\/seanop.com.tr\/en\/wp-json\/wp\/v2\/comments?post=6732"}],"version-history":[{"count":17,"href":"https:\/\/seanop.com.tr\/en\/wp-json\/wp\/v2\/pages\/6732\/revisions"}],"predecessor-version":[{"id":7354,"href":"https:\/\/seanop.com.tr\/en\/wp-json\/wp\/v2\/pages\/6732\/revisions\/7354"}],"wp:attachment":[{"href":"https:\/\/seanop.com.tr\/en\/wp-json\/wp\/v2\/media?parent=6732"}],"curies":[{"name":"wp","href":"https:\/\/api.w.org\/{rel}","templated":true}]}}