{"id":6678,"date":"2024-11-14T23:06:03","date_gmt":"2024-11-14T20:06:03","guid":{"rendered":"https:\/\/seanop.com.tr\/?page_id=6678"},"modified":"2025-05-22T00:29:07","modified_gmt":"2025-05-21T21:29:07","slug":"iso-45001-ohsas-180012007-is-sagligi-ve-guvenligi-yonetim-sistemi","status":"publish","type":"page","link":"https:\/\/seanop.com.tr\/en\/iso-45001-ohsas-180012007-is-sagligi-ve-guvenligi-yonetim-sistemi\/","title":{"rendered":"ISO 45001 \/ OHSAS 18001:2007 Occupational Health and Safety Management System"},"content":{"rendered":"<div data-elementor-type=\"wp-page\" data-elementor-id=\"6678\" class=\"elementor elementor-6678\" data-elementor-post-type=\"page\">\n\t\t\t\t\t\t<section class=\"elementor-section elementor-top-section elementor-element elementor-element-cb05707 elementor-section-stretched elementor-section-boxed elementor-section-height-default elementor-section-height-default jltma-glass-effect-no\" data-id=\"cb05707\" data-element_type=\"section\" data-settings=\"{&quot;stretch_section&quot;:&quot;section-stretched&quot;}\">\n\t\t\t\t\t\t<div class=\"elementor-container elementor-column-gap-no\">\n\t\t\t\t\t<div class=\"elementor-column elementor-col-50 elementor-top-column elementor-element elementor-element-fe2e61c jltma-glass-effect-no\" data-id=\"fe2e61c\" data-element_type=\"column\">\n\t\t\t<div class=\"elementor-widget-wrap elementor-element-populated\">\n\t\t\t\t\t\t<section class=\"elementor-section elementor-inner-section elementor-element elementor-element-1f140abe elementor-section-full_width elementor-section-height-default elementor-section-height-default jltma-glass-effect-no\" data-id=\"1f140abe\" data-element_type=\"section\">\n\t\t\t\t\t\t<div class=\"elementor-container elementor-column-gap-default\">\n\t\t\t\t\t<div class=\"elementor-column elementor-col-100 elementor-inner-column elementor-element elementor-element-343e866b jltma-glass-effect-no\" data-id=\"343e866b\" data-element_type=\"column\">\n\t\t\t<div class=\"elementor-widget-wrap elementor-element-populated\">\n\t\t\t\t\t\t<div class=\"elementor-element elementor-element-637dcd25 elementor-widget__width-inherit elementor-absolute jltma-glass-effect-no elementor-widget elementor-widget-heading\" data-id=\"637dcd25\" data-element_type=\"widget\" data-settings=\"{&quot;_position&quot;:&quot;absolute&quot;}\" data-widget_type=\"heading.default\">\n\t\t\t\t<div class=\"elementor-widget-container\">\n\t\t\t\t\t<h2 class=\"elementor-heading-title elementor-size-default\">ISO 45001 \/ OHSAS 18001:2007<\/h2>\t\t\t\t<\/div>\n\t\t\t\t<\/div>\n\t\t\t\t\t<\/div>\n\t\t<\/div>\n\t\t\t\t\t<\/div>\n\t\t<\/section>\n\t\t\t\t<div class=\"elementor-element elementor-element-15a0917f elementor-widget__width-initial jltma-glass-effect-no elementor-widget elementor-widget-heading\" data-id=\"15a0917f\" data-element_type=\"widget\" data-no-translation=\"\" data-widget_type=\"heading.default\">\n\t\t\t\t<div class=\"elementor-widget-container\">\n\t\t\t\t\t<style>.elementor-element-15a0917f{display:none !important}<\/style>\t\t\t\t<\/div>\n\t\t\t\t<\/div>\n\t\t\t\t<div class=\"elementor-element elementor-element-56c1be5 elementor-widget__width-initial jltma-glass-effect-no elementor-widget elementor-widget-heading\" data-id=\"56c1be5\" data-element_type=\"widget\" data-no-translation=\"\" data-widget_type=\"heading.default\">\n\t\t\t\t<div class=\"elementor-widget-container\">\n\t\t\t\t\t<h1 class=\"elementor-heading-title elementor-size-default\">Occupational Health and Safety Management System<\/h1>\t\t\t\t<\/div>\n\t\t\t\t<\/div>\n\t\t\t\t\t<\/div>\n\t\t<\/div>\n\t\t\t\t<div class=\"elementor-column elementor-col-50 elementor-top-column elementor-element elementor-element-2211093d jltma-glass-effect-no\" data-id=\"2211093d\" data-element_type=\"column\">\n\t\t\t<div class=\"elementor-widget-wrap elementor-element-populated\">\n\t\t\t\t\t\t<div class=\"elementor-element elementor-element-594c75c elementor-widget__width-initial jltma-glass-effect-no elementor-widget elementor-widget-text-editor\" data-id=\"594c75c\" data-element_type=\"widget\" data-no-translation=\"\" data-widget_type=\"text-editor.default\">\n\t\t\t\t<div class=\"elementor-widget-container\">\n\t\t\t\t\t<style>.elementor-element-594c75c{display:none !important}<\/style>\t\t\t\t<\/div>\n\t\t\t\t<\/div>\n\t\t\t\t<div class=\"elementor-element elementor-element-6724730 elementor-widget__width-initial jltma-glass-effect-no elementor-widget elementor-widget-text-editor\" data-id=\"6724730\" data-element_type=\"widget\" data-no-translation=\"\" data-widget_type=\"text-editor.default\">\n\t\t\t\t<div class=\"elementor-widget-container\">\n\t\t\t\t\t\t\t\t\t<p>The OHSAS 18001 Standard is a guide in practice for identifying, controlling, minimising and, if possible, eliminating risks that may threaten the safety and health of employees.<br \/>One of the most important human resources problems encountered in enterprises is that employees do not have a safe and healthy working environment. In order for businesses to achieve better competitive conditions, they need to carry out planned and systematic studies on occupational health and safety of employees. Standards such as ISO 9001 and ISO 14001 have focused on quality and environmental management, so a separate standard was needed to ensure Occupational Health and Safety in enterprises and to protect it by continuous improvement. Occupational Health and Safety, which is one of the most important issues in integration with the European Union, also includes approximately all the requirements of this standard in the Labour Law. One of the most important human resources problems encountered in organisations is that employees do not have a safe and healthy working environment.<\/p>\t\t\t\t\t\t\t\t<\/div>\n\t\t\t\t<\/div>\n\t\t\t\t\t<\/div>\n\t\t<\/div>\n\t\t\t\t\t<\/div>\n\t\t<\/section>\n\t\t\t\t<\/div>","protected":false},"excerpt":{"rendered":"<p>ISO 45001 \/ OHSAS 18001:2007 \u0130\u015f Sa\u011fl\u0131\u011f\u0131 ve G\u00fcvenli\u011fi Y\u00f6netim Sistemi OHSAS 18001 Standard\u0131, \u00c7al\u0131\u015fanlar\u0131n can g\u00fcvenli\u011fini ve sa\u011fl\u0131\u011f\u0131n\u0131 tehdit<span class=\"more-dots\">&#8230;<\/span><\/p>","protected":false},"author":1,"featured_media":0,"parent":0,"menu_order":0,"comment_status":"closed","ping_status":"closed","template":"page-templates\/full-width.php","meta":{"footnotes":""},"class_list":["post-6678","page","type-page","status-publish","hentry"],"yoast_head":"<!-- This site is optimized with the Yoast SEO plugin v26.1.1 - https:\/\/yoast.com\/wordpress\/plugins\/seo\/ -->\n<title>ISO 45001 \/ OHSAS 18001:2007 Occupational Health and Safety Management System<\/title>\n<meta name=\"robots\" content=\"index, follow, max-snippet:-1, max-image-preview:large, max-video-preview:-1\" \/>\n<link rel=\"canonical\" href=\"https:\/\/seanop.com.tr\/en\/iso-45001-ohsas-180012007-is-sagligi-ve-guvenligi-yonetim-sistemi\/\" \/>\n<meta property=\"og:locale\" content=\"en_US\" \/>\n<meta property=\"og:locale:alternate\" content=\"tr_TR\" \/>\n<meta property=\"og:type\" content=\"article\" \/>\n<meta property=\"og:title\" content=\"ISO 45001 \/ OHSAS 18001:2007 Occupational Health and Safety Management System\" \/>\n<meta property=\"og:description\" content=\"ISO 45001 \/ OHSAS 18001:2007 \u0130\u015f Sa\u011fl\u0131\u011f\u0131 ve G\u00fcvenli\u011fi Y\u00f6netim Sistemi OHSAS 18001 Standard\u0131, \u00c7al\u0131\u015fanlar\u0131n can g\u00fcvenli\u011fini ve sa\u011fl\u0131\u011f\u0131n\u0131 tehdit...\" \/>\n<meta property=\"og:url\" content=\"https:\/\/seanop.com.tr\/en\/iso-45001-ohsas-180012007-is-sagligi-ve-guvenligi-yonetim-sistemi\/\" \/>\n<meta property=\"og:site_name\" content=\"Seanop\" \/>\n<meta property=\"article:modified_time\" content=\"2025-05-21T21:29:07+00:00\" \/>\n<meta name=\"twitter:card\" content=\"summary_large_image\" \/>\n<meta name=\"twitter:label1\" content=\"Est. reading time\" \/>\n\t<meta name=\"twitter:data1\" content=\"2 minutes\" \/>\n<script type=\"application\/ld+json\" class=\"yoast-schema-graph\">{\"@context\":\"https:\/\/schema.org\",\"@graph\":[{\"@type\":\"WebPage\",\"@id\":\"https:\/\/seanop.com.tr\/en\/iso-45001-ohsas-180012007-is-sagligi-ve-guvenligi-yonetim-sistemi\/\",\"url\":\"https:\/\/seanop.com.tr\/en\/iso-45001-ohsas-180012007-is-sagligi-ve-guvenligi-yonetim-sistemi\/\",\"name\":\"ISO 45001 \/ OHSAS 18001:2007 Occupational Health and Safety Management System\",\"isPartOf\":{\"@id\":\"https:\/\/seanop.com.tr\/#website\"},\"datePublished\":\"2024-11-14T20:06:03+00:00\",\"dateModified\":\"2025-05-21T21:29:07+00:00\",\"breadcrumb\":{\"@id\":\"https:\/\/seanop.com.tr\/en\/iso-45001-ohsas-180012007-is-sagligi-ve-guvenligi-yonetim-sistemi\/#breadcrumb\"},\"inLanguage\":\"en-US\",\"potentialAction\":[{\"@type\":\"ReadAction\",\"target\":[\"https:\/\/seanop.com.tr\/en\/iso-45001-ohsas-180012007-is-sagligi-ve-guvenligi-yonetim-sistemi\/\"]}]},{\"@type\":\"BreadcrumbList\",\"@id\":\"https:\/\/seanop.com.tr\/en\/iso-45001-ohsas-180012007-is-sagligi-ve-guvenligi-yonetim-sistemi\/#breadcrumb\",\"itemListElement\":[{\"@type\":\"ListItem\",\"position\":1,\"name\":\"Anasayfa\",\"item\":\"https:\/\/seanop.com.tr\/\"},{\"@type\":\"ListItem\",\"position\":2,\"name\":\"ISO 45001 \/ OHSAS 18001:2007 Occupational Health and Safety Management System\"}]},{\"@type\":\"WebSite\",\"@id\":\"https:\/\/seanop.com.tr\/#website\",\"url\":\"https:\/\/seanop.com.tr\/\",\"name\":\"Seanop\",\"description\":\"\",\"publisher\":{\"@id\":\"https:\/\/seanop.com.tr\/#organization\"},\"potentialAction\":[{\"@type\":\"SearchAction\",\"target\":{\"@type\":\"EntryPoint\",\"urlTemplate\":\"https:\/\/seanop.com.tr\/?s={search_term_string}\"},\"query-input\":{\"@type\":\"PropertyValueSpecification\",\"valueRequired\":true,\"valueName\":\"search_term_string\"}}],\"inLanguage\":\"en-US\"},{\"@type\":\"Organization\",\"@id\":\"https:\/\/seanop.com.tr\/#organization\",\"name\":\"Seanop\",\"url\":\"https:\/\/seanop.com.tr\/\",\"logo\":{\"@type\":\"ImageObject\",\"inLanguage\":\"en-US\",\"@id\":\"https:\/\/seanop.com.tr\/#\/schema\/logo\/image\/\",\"url\":\"https:\/\/seanop.com.tr\/wp-content\/uploads\/2024\/11\/seanop-logo.png\",\"contentUrl\":\"https:\/\/seanop.com.tr\/wp-content\/uploads\/2024\/11\/seanop-logo.png\",\"width\":568,\"height\":129,\"caption\":\"Seanop\"},\"image\":{\"@id\":\"https:\/\/seanop.com.tr\/#\/schema\/logo\/image\/\"}}]}<\/script>\n<!-- \/ Yoast SEO plugin. -->","yoast_head_json":{"title":"ISO 45001 \/ OHSAS 18001:2007 Occupational Health and Safety Management System","robots":{"index":"index","follow":"follow","max-snippet":"max-snippet:-1","max-image-preview":"max-image-preview:large","max-video-preview":"max-video-preview:-1"},"canonical":"https:\/\/seanop.com.tr\/en\/iso-45001-ohsas-180012007-is-sagligi-ve-guvenligi-yonetim-sistemi\/","og_locale":"en_US","og_type":"article","og_title":"[:tr]ISO 45001 \/ OHSAS 18001:2007 \u0130\u015f Sa\u011fl\u0131\u011f\u0131 ve G\u00fcvenli\u011fi Y\u00f6netim Sistemi[:en]ISO 45001 \/ OHSAS 18001:2007 Occupational Health and Safety Management System[:] - Seanop","og_description":"ISO 45001 \/ OHSAS 18001:2007 \u0130\u015f Sa\u011fl\u0131\u011f\u0131 ve G\u00fcvenli\u011fi Y\u00f6netim Sistemi OHSAS 18001 Standard\u0131, \u00c7al\u0131\u015fanlar\u0131n can g\u00fcvenli\u011fini ve sa\u011fl\u0131\u011f\u0131n\u0131 tehdit...","og_url":"https:\/\/seanop.com.tr\/en\/iso-45001-ohsas-180012007-is-sagligi-ve-guvenligi-yonetim-sistemi\/","og_site_name":"Seanop","article_modified_time":"2025-05-21T21:29:07+00:00","twitter_card":"summary_large_image","twitter_misc":{"Est. reading time":"2 minutes"},"schema":{"@context":"https:\/\/schema.org","@graph":[{"@type":"WebPage","@id":"https:\/\/seanop.com.tr\/en\/iso-45001-ohsas-180012007-is-sagligi-ve-guvenligi-yonetim-sistemi\/","url":"https:\/\/seanop.com.tr\/en\/iso-45001-ohsas-180012007-is-sagligi-ve-guvenligi-yonetim-sistemi\/","name":"ISO 45001 \/ OHSAS 18001:2007 Occupational Health and Safety Management System","isPartOf":{"@id":"https:\/\/seanop.com.tr\/#website"},"datePublished":"2024-11-14T20:06:03+00:00","dateModified":"2025-05-21T21:29:07+00:00","breadcrumb":{"@id":"https:\/\/seanop.com.tr\/en\/iso-45001-ohsas-180012007-is-sagligi-ve-guvenligi-yonetim-sistemi\/#breadcrumb"},"inLanguage":"en-US","potentialAction":[{"@type":"ReadAction","target":["https:\/\/seanop.com.tr\/en\/iso-45001-ohsas-180012007-is-sagligi-ve-guvenligi-yonetim-sistemi\/"]}]},{"@type":"BreadcrumbList","@id":"https:\/\/seanop.com.tr\/en\/iso-45001-ohsas-180012007-is-sagligi-ve-guvenligi-yonetim-sistemi\/#breadcrumb","itemListElement":[{"@type":"ListItem","position":1,"name":"Anasayfa","item":"https:\/\/seanop.com.tr\/"},{"@type":"ListItem","position":2,"name":"ISO 45001 \/ OHSAS 18001:2007 Occupational Health and Safety Management System"}]},{"@type":"WebSite","@id":"https:\/\/seanop.com.tr\/#website","url":"https:\/\/seanop.com.tr\/","name":"Seanop","description":"","publisher":{"@id":"https:\/\/seanop.com.tr\/#organization"},"potentialAction":[{"@type":"SearchAction","target":{"@type":"EntryPoint","urlTemplate":"https:\/\/seanop.com.tr\/?s={search_term_string}"},"query-input":{"@type":"PropertyValueSpecification","valueRequired":true,"valueName":"search_term_string"}}],"inLanguage":"en-US"},{"@type":"Organization","@id":"https:\/\/seanop.com.tr\/#organization","name":"Seanop","url":"https:\/\/seanop.com.tr\/","logo":{"@type":"ImageObject","inLanguage":"en-US","@id":"https:\/\/seanop.com.tr\/#\/schema\/logo\/image\/","url":"https:\/\/seanop.com.tr\/wp-content\/uploads\/2024\/11\/seanop-logo.png","contentUrl":"https:\/\/seanop.com.tr\/wp-content\/uploads\/2024\/11\/seanop-logo.png","width":568,"height":129,"caption":"Seanop"},"image":{"@id":"https:\/\/seanop.com.tr\/#\/schema\/logo\/image\/"}}]}},"_links":{"self":[{"href":"https:\/\/seanop.com.tr\/en\/wp-json\/wp\/v2\/pages\/6678","targetHints":{"allow":["GET"]}}],"collection":[{"href":"https:\/\/seanop.com.tr\/en\/wp-json\/wp\/v2\/pages"}],"about":[{"href":"https:\/\/seanop.com.tr\/en\/wp-json\/wp\/v2\/types\/page"}],"author":[{"embeddable":true,"href":"https:\/\/seanop.com.tr\/en\/wp-json\/wp\/v2\/users\/1"}],"replies":[{"embeddable":true,"href":"https:\/\/seanop.com.tr\/en\/wp-json\/wp\/v2\/comments?post=6678"}],"version-history":[{"count":11,"href":"https:\/\/seanop.com.tr\/en\/wp-json\/wp\/v2\/pages\/6678\/revisions"}],"predecessor-version":[{"id":7266,"href":"https:\/\/seanop.com.tr\/en\/wp-json\/wp\/v2\/pages\/6678\/revisions\/7266"}],"wp:attachment":[{"href":"https:\/\/seanop.com.tr\/en\/wp-json\/wp\/v2\/media?parent=6678"}],"curies":[{"name":"wp","href":"https:\/\/api.w.org\/{rel}","templated":true}]}}