{"id":6226,"date":"2024-11-10T19:48:22","date_gmt":"2024-11-10T16:48:22","guid":{"rendered":"http:\/\/seanop.com.tr\/?page_id=6226"},"modified":"2025-05-24T14:06:23","modified_gmt":"2025-05-24T11:06:23","slug":"kalite-ve-gida-guvenligi-politikasi","status":"publish","type":"page","link":"https:\/\/seanop.com.tr\/en\/quality-and-food-safety-policy\/","title":{"rendered":"Quality and Food Safety Policy"},"content":{"rendered":"<div data-elementor-type=\"wp-page\" data-elementor-id=\"6226\" class=\"elementor elementor-6226\" data-elementor-post-type=\"page\">\n\t\t\t\t\t\t<section class=\"elementor-section elementor-top-section elementor-element elementor-element-ca256bc elementor-section-stretched elementor-section-boxed elementor-section-height-default elementor-section-height-default jltma-glass-effect-no\" data-id=\"ca256bc\" data-element_type=\"section\" data-settings=\"{&quot;stretch_section&quot;:&quot;section-stretched&quot;}\">\n\t\t\t\t\t\t<div class=\"elementor-container elementor-column-gap-no\">\n\t\t\t\t\t<div class=\"elementor-column elementor-col-100 elementor-top-column elementor-element elementor-element-f9424f3 jltma-glass-effect-no\" data-id=\"f9424f3\" data-element_type=\"column\">\n\t\t\t<div class=\"elementor-widget-wrap elementor-element-populated\">\n\t\t\t\t\t\t<div class=\"elementor-element elementor-element-46aa3ce jltma-glass-effect-no elementor-widget elementor-widget-image\" data-id=\"46aa3ce\" data-element_type=\"widget\" data-widget_type=\"image.default\">\n\t\t\t\t<div class=\"elementor-widget-container\">\n\t\t\t\t\t\t\t\t\t\t\t\t\t\t\t<img fetchpriority=\"high\" decoding=\"async\" width=\"2000\" height=\"895\" src=\"https:\/\/seanop.com.tr\/wp-content\/uploads\/2024\/11\/gida-guvenligi.jpg\" class=\"attachment-full size-full wp-image-6538\" alt=\"\" srcset=\"https:\/\/seanop.com.tr\/wp-content\/uploads\/2024\/11\/gida-guvenligi.jpg 2000w, https:\/\/seanop.com.tr\/wp-content\/uploads\/2024\/11\/gida-guvenligi-300x134.jpg 300w, https:\/\/seanop.com.tr\/wp-content\/uploads\/2024\/11\/gida-guvenligi-1024x458.jpg 1024w, https:\/\/seanop.com.tr\/wp-content\/uploads\/2024\/11\/gida-guvenligi-768x344.jpg 768w, https:\/\/seanop.com.tr\/wp-content\/uploads\/2024\/11\/gida-guvenligi-1536x687.jpg 1536w, https:\/\/seanop.com.tr\/wp-content\/uploads\/2024\/11\/gida-guvenligi-610x273.jpg 610w\" sizes=\"(max-width: 2000px) 100vw, 2000px\" \/>\t\t\t\t\t\t\t\t\t\t\t\t\t\t\t<\/div>\n\t\t\t\t<\/div>\n\t\t\t\t\t<\/div>\n\t\t<\/div>\n\t\t\t\t\t<\/div>\n\t\t<\/section>\n\t\t\t\t<section class=\"elementor-section elementor-top-section elementor-element elementor-element-cb05707 elementor-section-stretched elementor-section-boxed elementor-section-height-default elementor-section-height-default jltma-glass-effect-no\" data-id=\"cb05707\" data-element_type=\"section\" data-settings=\"{&quot;stretch_section&quot;:&quot;section-stretched&quot;}\">\n\t\t\t\t\t\t<div class=\"elementor-container elementor-column-gap-no\">\n\t\t\t\t\t<div class=\"elementor-column elementor-col-50 elementor-top-column elementor-element elementor-element-fe2e61c jltma-glass-effect-no\" data-id=\"fe2e61c\" data-element_type=\"column\">\n\t\t\t<div class=\"elementor-widget-wrap elementor-element-populated\">\n\t\t\t\t\t\t<section class=\"elementor-section elementor-inner-section elementor-element elementor-element-1f140abe elementor-section-full_width elementor-section-height-default elementor-section-height-default jltma-glass-effect-no\" data-id=\"1f140abe\" data-element_type=\"section\">\n\t\t\t\t\t\t<div class=\"elementor-container elementor-column-gap-default\">\n\t\t\t\t\t<div class=\"elementor-column elementor-col-100 elementor-inner-column elementor-element elementor-element-343e866b jltma-glass-effect-no\" data-id=\"343e866b\" data-element_type=\"column\">\n\t\t\t<div class=\"elementor-widget-wrap elementor-element-populated\">\n\t\t\t\t\t\t<div class=\"elementor-element elementor-element-637dcd25 elementor-widget__width-inherit elementor-absolute jltma-glass-effect-no elementor-widget elementor-widget-heading\" data-id=\"637dcd25\" data-element_type=\"widget\" data-settings=\"{&quot;_position&quot;:&quot;absolute&quot;}\" data-widget_type=\"heading.default\">\n\t\t\t\t<div class=\"elementor-widget-container\">\n\t\t\t\t\t<h2 class=\"elementor-heading-title elementor-size-default\">Quality and Food Safety Policy<\/h2>\t\t\t\t<\/div>\n\t\t\t\t<\/div>\n\t\t\t\t\t<\/div>\n\t\t<\/div>\n\t\t\t\t\t<\/div>\n\t\t<\/section>\n\t\t\t\t<div class=\"elementor-element elementor-element-15a0917f elementor-widget__width-initial jltma-glass-effect-no elementor-widget elementor-widget-heading\" data-id=\"15a0917f\" data-element_type=\"widget\" data-no-translation=\"\" data-widget_type=\"heading.default\">\n\t\t\t\t<div class=\"elementor-widget-container\">\n\t\t\t\t\t<style>.elementor-element-15a0917f{display:none !important}<\/style>\t\t\t\t<\/div>\n\t\t\t\t<\/div>\n\t\t\t\t<div class=\"elementor-element elementor-element-a62d03f elementor-widget__width-initial jltma-glass-effect-no elementor-widget elementor-widget-heading\" data-id=\"a62d03f\" data-element_type=\"widget\" data-no-translation=\"\" data-widget_type=\"heading.default\">\n\t\t\t\t<div class=\"elementor-widget-container\">\n\t\t\t\t\t<h1 class=\"elementor-heading-title elementor-size-default\">For a sustainable future<\/h1>\t\t\t\t<\/div>\n\t\t\t\t<\/div>\n\t\t\t\t\t<\/div>\n\t\t<\/div>\n\t\t\t\t<div class=\"elementor-column elementor-col-50 elementor-top-column elementor-element elementor-element-2211093d jltma-glass-effect-no\" data-id=\"2211093d\" data-element_type=\"column\">\n\t\t\t<div class=\"elementor-widget-wrap elementor-element-populated\">\n\t\t\t\t\t\t<div class=\"elementor-element elementor-element-594c75c elementor-widget__width-initial jltma-glass-effect-no elementor-widget elementor-widget-text-editor\" data-id=\"594c75c\" data-element_type=\"widget\" data-no-translation=\"\" data-widget_type=\"text-editor.default\">\n\t\t\t\t<div class=\"elementor-widget-container\">\n\t\t\t\t\t<style>.elementor-element-594c75c{display:none !important}<\/style>\t\t\t\t<\/div>\n\t\t\t\t<\/div>\n\t\t\t\t<div class=\"elementor-element elementor-element-7c22357 elementor-widget__width-initial jltma-glass-effect-no elementor-widget elementor-widget-text-editor\" data-id=\"7c22357\" data-element_type=\"widget\" data-no-translation=\"\" data-widget_type=\"text-editor.default\">\n\t\t\t\t<div class=\"elementor-widget-container\">\n\t\t\t\t\t\t\t\t\t<ul><li>It is an indispensable priority of our quality policy to maintain our feature of being an organisation that complies with the understanding of food safety by producing under hygienic conditions in our facility, respecting nature and consumers, and making use of the latest technology.<\/li><li>Not satisfied with the current quality of our products, improvements continue at every stage of production to continuously increase the level of quality and safe food. With this principle, the effectiveness of the food safety system is continuously increased and compliance with hygiene conditions is ensured.<\/li><li>It is constantly recognised that the supply of raw materials, auxiliary materials and food contact materials used in production plays a very important role in ensuring food safety.<\/li><li>New technologies will be followed and efforts are being made to include those that increase food safety in the system as soon as possible.<\/li><li>It is one of our main principles to maintain our understanding of quality until it reaches the end consumer and to train all units at this stage.<\/li><li>Our personnel will be ensured to work in line with food safety, necessary trainings will be provided for this and the personnel will be proud of what they produce.<\/li><li>The needs and expectations of stakeholders, especially customers, are given importance and a balance is established between these needs and expectations. Continuous improvements are made to meet the needs and expectations.<\/li><li>The general food safety policy of our organisation and the food safety policies of SEANOP management levels have been determined separately. Maximum care is taken to ensure that these policies are compatible with each other.<\/li><li>At SEANOP, it is our policy to continuously improve quality with the participation of everyone.<\/li><li>It is ensured that we fulfil our obligations towards society and the environment and continuously improve our environmental responsibility awareness.<\/li><li>In order to make the best use of SEANOP&#8217;s and nature&#8217;s resources and to protect the environment, food safety policies have been committed by SEANOP management and their compliance is constantly reviewed and controlled.<\/li><li>Our Quality and Food Safety Policy is announced and delivered to all personnel. Slogans in line with our Quality and Food Safety Policy and `Quality and Food Safety Policy` are hung in appropriate places in our workplace and all our personnel serve in line with these principles.<\/li><li>Food safety culture is disseminated in all units of SEANOP.<\/li><li>Starting from raw material to the final product, products are produced in accordance with Quality System Requirements, Safe Food standards, health rules, Food Legislation, relevant laws \/ regulations in all processes.<\/li><li>The main principle of SEANOP is to produce safe products for human health, to maximise customer satisfaction and to become a well-known brand.<\/li><\/ul><p><u>\u00a0<\/u><\/p><p><u>To achieve these things;<\/u><\/p><ul><li style=\"list-style-type: none;\"><ul><li>We produce under completely hygienic conditions.<\/li><li>As an organisation that is aware that human rights are an indispensable element, we constantly monitor and improve the health, happiness and welfare of our staff.<\/li><li>We will manage every stage of production in accordance with the Food Safety Management System approach.<\/li><li>We produce products in accordance with legal regulations.<\/li><li>By implementing the Food Safety Management System, we will guarantee the protection of consumer health and reduce production losses.<\/li><li>We always follow technological developments to keep and increase Food Safety at the same standard.<\/li><li>Safety for human health, products and services is only possible in an environment where hygienic inputs are provided. We maintain our cooperation relations with our suppliers that provide products and services to our organisation and support our suppliers to increase food safety.<\/li><\/ul><\/li><\/ul>\t\t\t\t\t\t\t\t<\/div>\n\t\t\t\t<\/div>\n\t\t\t\t<div class=\"elementor-element elementor-element-f0864b2 jltma-glass-effect-no elementor-widget elementor-widget-heading\" data-id=\"f0864b2\" data-element_type=\"widget\" data-no-translation=\"\" data-widget_type=\"heading.default\">\n\t\t\t\t<div class=\"elementor-widget-container\">\n\t\t\t\t\t<style>.elementor-element-f0864b2{display:none !important}<\/style>\t\t\t\t<\/div>\n\t\t\t\t<\/div>\n\t\t\t\t<div class=\"elementor-element elementor-element-bfeed8b elementor-widget__width-initial jltma-glass-effect-no elementor-widget elementor-widget-text-editor\" data-id=\"bfeed8b\" data-element_type=\"widget\" data-no-translation=\"\" data-widget_type=\"text-editor.default\">\n\t\t\t\t<div class=\"elementor-widget-container\">\n\t\t\t\t\t<style>.elementor-element-bfeed8b{display:none !important}<\/style>\t\t\t\t<\/div>\n\t\t\t\t<\/div>\n\t\t\t\t\t<\/div>\n\t\t<\/div>\n\t\t\t\t\t<\/div>\n\t\t<\/section>\n\t\t\t\t<\/div>","protected":false},"excerpt":{"rendered":"<p>S\u00fcrd\u00fcr\u00fclebilir bir gelecek i\u00e7in Tesisimizde hijyenik ko\u015fullarda \u00fcretim yaparak g\u0131da g\u00fcvenli\u011fi anlay\u0131\u015f\u0131na uyan, do\u011faya ve t\u00fcketiciye sayg\u0131l\u0131, son teknolojinin imkanlar\u0131ndan<span class=\"more-dots\">&#8230;<\/span><\/p>","protected":false},"author":1,"featured_media":0,"parent":0,"menu_order":0,"comment_status":"closed","ping_status":"closed","template":"page-templates\/full-width.php","meta":{"footnotes":""},"class_list":["post-6226","page","type-page","status-publish","hentry"],"yoast_head":"<!-- This site is optimized with the Yoast SEO plugin v26.1.1 - https:\/\/yoast.com\/wordpress\/plugins\/seo\/ -->\n<title>Quality and Food Safety Policy<\/title>\n<meta name=\"robots\" content=\"index, follow, max-snippet:-1, max-image-preview:large, max-video-preview:-1\" \/>\n<link rel=\"canonical\" href=\"https:\/\/seanop.com.tr\/en\/quality-and-food-safety-policy\/\" \/>\n<meta property=\"og:locale\" content=\"en_US\" \/>\n<meta property=\"og:locale:alternate\" content=\"tr_TR\" \/>\n<meta property=\"og:type\" content=\"article\" \/>\n<meta property=\"og:title\" content=\"Quality and Food Safety Policy\" \/>\n<meta property=\"og:description\" content=\"S\u00fcrd\u00fcr\u00fclebilir bir gelecek i\u00e7in Tesisimizde hijyenik ko\u015fullarda \u00fcretim yaparak g\u0131da g\u00fcvenli\u011fi anlay\u0131\u015f\u0131na uyan, do\u011faya ve t\u00fcketiciye sayg\u0131l\u0131, son teknolojinin imkanlar\u0131ndan...\" \/>\n<meta property=\"og:url\" content=\"https:\/\/seanop.com.tr\/en\/quality-and-food-safety-policy\/\" \/>\n<meta property=\"og:site_name\" content=\"Seanop\" \/>\n<meta property=\"article:modified_time\" content=\"2025-05-24T11:06:23+00:00\" \/>\n<meta property=\"og:image\" content=\"http:\/\/seanop.com.tr\/wp-content\/uploads\/2024\/11\/gida-guvenligi.jpg\" \/>\n<meta name=\"twitter:card\" content=\"summary_large_image\" \/>\n<meta name=\"twitter:label1\" content=\"Est. reading time\" \/>\n\t<meta name=\"twitter:data1\" content=\"7 minutes\" \/>\n<script type=\"application\/ld+json\" class=\"yoast-schema-graph\">{\"@context\":\"https:\/\/schema.org\",\"@graph\":[{\"@type\":\"WebPage\",\"@id\":\"https:\/\/seanop.com.tr\/en\/kalite-ve-gida-guvenligi-politikasi\/\",\"url\":\"https:\/\/seanop.com.tr\/en\/kalite-ve-gida-guvenligi-politikasi\/\",\"name\":\"Quality and Food Safety Policy\",\"isPartOf\":{\"@id\":\"https:\/\/seanop.com.tr\/#website\"},\"primaryImageOfPage\":{\"@id\":\"https:\/\/seanop.com.tr\/en\/kalite-ve-gida-guvenligi-politikasi\/#primaryimage\"},\"image\":{\"@id\":\"https:\/\/seanop.com.tr\/en\/kalite-ve-gida-guvenligi-politikasi\/#primaryimage\"},\"thumbnailUrl\":\"http:\/\/seanop.com.tr\/wp-content\/uploads\/2024\/11\/gida-guvenligi.jpg\",\"datePublished\":\"2024-11-10T16:48:22+00:00\",\"dateModified\":\"2025-05-24T11:06:23+00:00\",\"breadcrumb\":{\"@id\":\"https:\/\/seanop.com.tr\/en\/kalite-ve-gida-guvenligi-politikasi\/#breadcrumb\"},\"inLanguage\":\"en-US\",\"potentialAction\":[{\"@type\":\"ReadAction\",\"target\":[\"https:\/\/seanop.com.tr\/en\/kalite-ve-gida-guvenligi-politikasi\/\"]}]},{\"@type\":\"ImageObject\",\"inLanguage\":\"en-US\",\"@id\":\"https:\/\/seanop.com.tr\/en\/kalite-ve-gida-guvenligi-politikasi\/#primaryimage\",\"url\":\"http:\/\/seanop.com.tr\/wp-content\/uploads\/2024\/11\/gida-guvenligi.jpg\",\"contentUrl\":\"http:\/\/seanop.com.tr\/wp-content\/uploads\/2024\/11\/gida-guvenligi.jpg\"},{\"@type\":\"BreadcrumbList\",\"@id\":\"https:\/\/seanop.com.tr\/en\/kalite-ve-gida-guvenligi-politikasi\/#breadcrumb\",\"itemListElement\":[{\"@type\":\"ListItem\",\"position\":1,\"name\":\"Anasayfa\",\"item\":\"https:\/\/seanop.com.tr\/\"},{\"@type\":\"ListItem\",\"position\":2,\"name\":\"Quality and Food Safety Policy\"}]},{\"@type\":\"WebSite\",\"@id\":\"https:\/\/seanop.com.tr\/#website\",\"url\":\"https:\/\/seanop.com.tr\/\",\"name\":\"Seanop\",\"description\":\"\",\"publisher\":{\"@id\":\"https:\/\/seanop.com.tr\/#organization\"},\"potentialAction\":[{\"@type\":\"SearchAction\",\"target\":{\"@type\":\"EntryPoint\",\"urlTemplate\":\"https:\/\/seanop.com.tr\/?s={search_term_string}\"},\"query-input\":{\"@type\":\"PropertyValueSpecification\",\"valueRequired\":true,\"valueName\":\"search_term_string\"}}],\"inLanguage\":\"en-US\"},{\"@type\":\"Organization\",\"@id\":\"https:\/\/seanop.com.tr\/#organization\",\"name\":\"Seanop\",\"url\":\"https:\/\/seanop.com.tr\/\",\"logo\":{\"@type\":\"ImageObject\",\"inLanguage\":\"en-US\",\"@id\":\"https:\/\/seanop.com.tr\/#\/schema\/logo\/image\/\",\"url\":\"https:\/\/seanop.com.tr\/wp-content\/uploads\/2024\/11\/seanop-logo.png\",\"contentUrl\":\"https:\/\/seanop.com.tr\/wp-content\/uploads\/2024\/11\/seanop-logo.png\",\"width\":568,\"height\":129,\"caption\":\"Seanop\"},\"image\":{\"@id\":\"https:\/\/seanop.com.tr\/#\/schema\/logo\/image\/\"}}]}<\/script>\n<!-- \/ Yoast SEO plugin. -->","yoast_head_json":{"title":"Quality and Food Safety Policy","robots":{"index":"index","follow":"follow","max-snippet":"max-snippet:-1","max-image-preview":"max-image-preview:large","max-video-preview":"max-video-preview:-1"},"canonical":"https:\/\/seanop.com.tr\/en\/quality-and-food-safety-policy\/","og_locale":"en_US","og_type":"article","og_title":"[:tr]Kalite ve G\u0131da G\u00fcvenli\u011fi Politikas\u0131[:en]Quality and Food Safety Policy[:] - Seanop","og_description":"S\u00fcrd\u00fcr\u00fclebilir bir gelecek i\u00e7in Tesisimizde hijyenik ko\u015fullarda \u00fcretim yaparak g\u0131da g\u00fcvenli\u011fi anlay\u0131\u015f\u0131na uyan, do\u011faya ve t\u00fcketiciye sayg\u0131l\u0131, son teknolojinin imkanlar\u0131ndan...","og_url":"https:\/\/seanop.com.tr\/en\/quality-and-food-safety-policy\/","og_site_name":"Seanop","article_modified_time":"2025-05-24T11:06:23+00:00","og_image":[{"url":"http:\/\/seanop.com.tr\/wp-content\/uploads\/2024\/11\/gida-guvenligi.jpg","type":"","width":"","height":""}],"twitter_card":"summary_large_image","twitter_misc":{"Est. reading time":"7 minutes"},"schema":{"@context":"https:\/\/schema.org","@graph":[{"@type":"WebPage","@id":"https:\/\/seanop.com.tr\/en\/kalite-ve-gida-guvenligi-politikasi\/","url":"https:\/\/seanop.com.tr\/en\/kalite-ve-gida-guvenligi-politikasi\/","name":"Quality and Food Safety Policy","isPartOf":{"@id":"https:\/\/seanop.com.tr\/#website"},"primaryImageOfPage":{"@id":"https:\/\/seanop.com.tr\/en\/kalite-ve-gida-guvenligi-politikasi\/#primaryimage"},"image":{"@id":"https:\/\/seanop.com.tr\/en\/kalite-ve-gida-guvenligi-politikasi\/#primaryimage"},"thumbnailUrl":"http:\/\/seanop.com.tr\/wp-content\/uploads\/2024\/11\/gida-guvenligi.jpg","datePublished":"2024-11-10T16:48:22+00:00","dateModified":"2025-05-24T11:06:23+00:00","breadcrumb":{"@id":"https:\/\/seanop.com.tr\/en\/kalite-ve-gida-guvenligi-politikasi\/#breadcrumb"},"inLanguage":"en-US","potentialAction":[{"@type":"ReadAction","target":["https:\/\/seanop.com.tr\/en\/kalite-ve-gida-guvenligi-politikasi\/"]}]},{"@type":"ImageObject","inLanguage":"en-US","@id":"https:\/\/seanop.com.tr\/en\/kalite-ve-gida-guvenligi-politikasi\/#primaryimage","url":"http:\/\/seanop.com.tr\/wp-content\/uploads\/2024\/11\/gida-guvenligi.jpg","contentUrl":"http:\/\/seanop.com.tr\/wp-content\/uploads\/2024\/11\/gida-guvenligi.jpg"},{"@type":"BreadcrumbList","@id":"https:\/\/seanop.com.tr\/en\/kalite-ve-gida-guvenligi-politikasi\/#breadcrumb","itemListElement":[{"@type":"ListItem","position":1,"name":"Anasayfa","item":"https:\/\/seanop.com.tr\/"},{"@type":"ListItem","position":2,"name":"Quality and Food Safety Policy"}]},{"@type":"WebSite","@id":"https:\/\/seanop.com.tr\/#website","url":"https:\/\/seanop.com.tr\/","name":"Seanop","description":"","publisher":{"@id":"https:\/\/seanop.com.tr\/#organization"},"potentialAction":[{"@type":"SearchAction","target":{"@type":"EntryPoint","urlTemplate":"https:\/\/seanop.com.tr\/?s={search_term_string}"},"query-input":{"@type":"PropertyValueSpecification","valueRequired":true,"valueName":"search_term_string"}}],"inLanguage":"en-US"},{"@type":"Organization","@id":"https:\/\/seanop.com.tr\/#organization","name":"Seanop","url":"https:\/\/seanop.com.tr\/","logo":{"@type":"ImageObject","inLanguage":"en-US","@id":"https:\/\/seanop.com.tr\/#\/schema\/logo\/image\/","url":"https:\/\/seanop.com.tr\/wp-content\/uploads\/2024\/11\/seanop-logo.png","contentUrl":"https:\/\/seanop.com.tr\/wp-content\/uploads\/2024\/11\/seanop-logo.png","width":568,"height":129,"caption":"Seanop"},"image":{"@id":"https:\/\/seanop.com.tr\/#\/schema\/logo\/image\/"}}]}},"_links":{"self":[{"href":"https:\/\/seanop.com.tr\/en\/wp-json\/wp\/v2\/pages\/6226","targetHints":{"allow":["GET"]}}],"collection":[{"href":"https:\/\/seanop.com.tr\/en\/wp-json\/wp\/v2\/pages"}],"about":[{"href":"https:\/\/seanop.com.tr\/en\/wp-json\/wp\/v2\/types\/page"}],"author":[{"embeddable":true,"href":"https:\/\/seanop.com.tr\/en\/wp-json\/wp\/v2\/users\/1"}],"replies":[{"embeddable":true,"href":"https:\/\/seanop.com.tr\/en\/wp-json\/wp\/v2\/comments?post=6226"}],"version-history":[{"count":14,"href":"https:\/\/seanop.com.tr\/en\/wp-json\/wp\/v2\/pages\/6226\/revisions"}],"predecessor-version":[{"id":7441,"href":"https:\/\/seanop.com.tr\/en\/wp-json\/wp\/v2\/pages\/6226\/revisions\/7441"}],"wp:attachment":[{"href":"https:\/\/seanop.com.tr\/en\/wp-json\/wp\/v2\/media?parent=6226"}],"curies":[{"name":"wp","href":"https:\/\/api.w.org\/{rel}","templated":true}]}}