{"id":5916,"date":"2024-11-03T00:55:31","date_gmt":"2024-11-02T21:55:31","guid":{"rendered":"http:\/\/seanop.com.tr\/?page_id=5916"},"modified":"2025-05-21T22:36:36","modified_gmt":"2025-05-21T19:36:36","slug":"misyon-vizyon","status":"publish","type":"page","link":"https:\/\/seanop.com.tr\/en\/mission-vision\/","title":{"rendered":"Mission &#8211; Vision"},"content":{"rendered":"<div data-elementor-type=\"wp-page\" data-elementor-id=\"5916\" class=\"elementor elementor-5916\" data-elementor-post-type=\"page\">\n\t\t\t\t\t\t<section class=\"elementor-section elementor-top-section elementor-element elementor-element-cb05707 elementor-section-stretched elementor-section-boxed elementor-section-height-default elementor-section-height-default jltma-glass-effect-no\" data-id=\"cb05707\" data-element_type=\"section\" data-settings=\"{&quot;stretch_section&quot;:&quot;section-stretched&quot;}\">\n\t\t\t\t\t\t<div class=\"elementor-container elementor-column-gap-no\">\n\t\t\t\t\t<div class=\"elementor-column elementor-col-50 elementor-top-column elementor-element elementor-element-fe2e61c jltma-glass-effect-no\" data-id=\"fe2e61c\" data-element_type=\"column\">\n\t\t\t<div class=\"elementor-widget-wrap elementor-element-populated\">\n\t\t\t\t\t\t<section class=\"elementor-section elementor-inner-section elementor-element elementor-element-1f140abe elementor-section-full_width elementor-section-height-default elementor-section-height-default jltma-glass-effect-no\" data-id=\"1f140abe\" data-element_type=\"section\">\n\t\t\t\t\t\t<div class=\"elementor-container elementor-column-gap-default\">\n\t\t\t\t\t<div class=\"elementor-column elementor-col-100 elementor-inner-column elementor-element elementor-element-343e866b jltma-glass-effect-no\" data-id=\"343e866b\" data-element_type=\"column\">\n\t\t\t<div class=\"elementor-widget-wrap elementor-element-populated\">\n\t\t\t\t\t\t<div class=\"elementor-element elementor-element-637dcd25 elementor-widget__width-inherit elementor-absolute jltma-glass-effect-no elementor-widget elementor-widget-heading\" data-id=\"637dcd25\" data-element_type=\"widget\" data-settings=\"{&quot;_position&quot;:&quot;absolute&quot;}\" data-widget_type=\"heading.default\">\n\t\t\t\t<div class=\"elementor-widget-container\">\n\t\t\t\t\t<h2 class=\"elementor-heading-title elementor-size-default\">Mission &#8211; Vision<\/h2>\t\t\t\t<\/div>\n\t\t\t\t<\/div>\n\t\t\t\t\t<\/div>\n\t\t<\/div>\n\t\t\t\t\t<\/div>\n\t\t<\/section>\n\t\t\t\t<div class=\"elementor-element elementor-element-15a0917f elementor-widget__width-initial jltma-glass-effect-no elementor-widget elementor-widget-heading\" data-id=\"15a0917f\" data-element_type=\"widget\" data-no-translation=\"\" data-widget_type=\"heading.default\">\n\t\t\t\t<div class=\"elementor-widget-container\">\n\t\t\t\t\t<style>.elementor-element-15a0917f{display:none !important}<\/style>\t\t\t\t<\/div>\n\t\t\t\t<\/div>\n\t\t\t\t<div class=\"elementor-element elementor-element-24e5468 elementor-widget__width-initial jltma-glass-effect-no elementor-widget elementor-widget-heading\" data-id=\"24e5468\" data-element_type=\"widget\" data-no-translation=\"\" data-widget_type=\"heading.default\">\n\t\t\t\t<div class=\"elementor-widget-container\">\n\t\t\t\t\t<h1 class=\"elementor-heading-title elementor-size-default\">A \u2018One Stop Shop\u2019 for SMEs with knowledge and practical solutions<\/h1>\t\t\t\t<\/div>\n\t\t\t\t<\/div>\n\t\t\t\t<div class=\"elementor-element elementor-element-33be898 jltma-glass-effect-no elementor-widget elementor-widget-image\" data-id=\"33be898\" data-element_type=\"widget\" data-widget_type=\"image.default\">\n\t\t\t\t<div class=\"elementor-widget-container\">\n\t\t\t\t\t\t\t\t\t\t\t\t\t\t\t<img fetchpriority=\"high\" decoding=\"async\" width=\"1000\" height=\"530\" src=\"https:\/\/seanop.com.tr\/wp-content\/uploads\/2024\/11\/tekneler.jpg\" class=\"attachment-large size-large wp-image-6562\" alt=\"\" srcset=\"https:\/\/seanop.com.tr\/wp-content\/uploads\/2024\/11\/tekneler.jpg 1000w, https:\/\/seanop.com.tr\/wp-content\/uploads\/2024\/11\/tekneler-300x159.jpg 300w, https:\/\/seanop.com.tr\/wp-content\/uploads\/2024\/11\/tekneler-768x407.jpg 768w, https:\/\/seanop.com.tr\/wp-content\/uploads\/2024\/11\/tekneler-610x323.jpg 610w\" sizes=\"(max-width: 1000px) 100vw, 1000px\" \/>\t\t\t\t\t\t\t\t\t\t\t\t\t\t\t<\/div>\n\t\t\t\t<\/div>\n\t\t\t\t<div class=\"elementor-element elementor-element-5d3f7af jltma-glass-effect-no elementor-widget elementor-widget-image\" data-id=\"5d3f7af\" data-element_type=\"widget\" data-widget_type=\"image.default\">\n\t\t\t\t<div class=\"elementor-widget-container\">\n\t\t\t\t\t\t\t\t\t\t\t\t\t\t\t<img decoding=\"async\" width=\"1000\" height=\"530\" src=\"https:\/\/seanop.com.tr\/wp-content\/uploads\/2024\/11\/hamsi.jpg\" class=\"attachment-large size-large wp-image-6563\" alt=\"\" srcset=\"https:\/\/seanop.com.tr\/wp-content\/uploads\/2024\/11\/hamsi.jpg 1000w, https:\/\/seanop.com.tr\/wp-content\/uploads\/2024\/11\/hamsi-300x159.jpg 300w, https:\/\/seanop.com.tr\/wp-content\/uploads\/2024\/11\/hamsi-768x407.jpg 768w, https:\/\/seanop.com.tr\/wp-content\/uploads\/2024\/11\/hamsi-610x323.jpg 610w\" sizes=\"(max-width: 1000px) 100vw, 1000px\" \/>\t\t\t\t\t\t\t\t\t\t\t\t\t\t\t<\/div>\n\t\t\t\t<\/div>\n\t\t\t\t\t<\/div>\n\t\t<\/div>\n\t\t\t\t<div class=\"elementor-column elementor-col-50 elementor-top-column elementor-element elementor-element-2211093d jltma-glass-effect-no\" data-id=\"2211093d\" data-element_type=\"column\">\n\t\t\t<div class=\"elementor-widget-wrap elementor-element-populated\">\n\t\t\t\t\t\t<div class=\"elementor-element elementor-element-53e7ffc3 jltma-glass-effect-no elementor-widget elementor-widget-heading\" data-id=\"53e7ffc3\" data-element_type=\"widget\" data-widget_type=\"heading.default\">\n\t\t\t\t<div class=\"elementor-widget-container\">\n\t\t\t\t\t<h2 class=\"elementor-heading-title elementor-size-default\">Mission &#8211; Vision<\/h2>\t\t\t\t<\/div>\n\t\t\t\t<\/div>\n\t\t\t\t<div class=\"elementor-element elementor-element-594c75c elementor-widget__width-initial jltma-glass-effect-no elementor-widget elementor-widget-text-editor\" data-id=\"594c75c\" data-element_type=\"widget\" data-no-translation=\"\" data-widget_type=\"text-editor.default\">\n\t\t\t\t<div class=\"elementor-widget-container\">\n\t\t\t\t\t<style>.elementor-element-594c75c{display:none !important}<\/style>\t\t\t\t<\/div>\n\t\t\t\t<\/div>\n\t\t\t\t<div class=\"elementor-element elementor-element-539cd9b elementor-widget__width-initial jltma-glass-effect-no elementor-widget elementor-widget-text-editor\" data-id=\"539cd9b\" data-element_type=\"widget\" data-no-translation=\"\" data-widget_type=\"text-editor.default\">\n\t\t\t\t<div class=\"elementor-widget-container\">\n\t\t\t\t\t\t\t\t\t<p><strong>Our Vision<\/strong><\/p><p>To ensure the accessibility of these services and the sustainability of SEANOP by providing processing, storage, consultancy and networking services in line with the needs of local SMEs operating in the aquaculture sector in the region; thus increasing their competitiveness by providing economic added value to the target groups.<\/p><p>To achieve the following objectives<\/p><ul><li>To improve production in hygienic conditions through the infrastructure of the plant and to understand food safety and market conditions as a &#8216;One Stop Shop&#8217; providing knowledgeable and practical solutions for SMEs operating in the aquaculture sector.<\/li><li>Establishing national and international networks to be the main channel through which SMEs can access support and information.<\/li><\/ul><p><strong>Our Mission;<\/strong><\/p><p>To provide processing, storage, consultancy and networking services to increase the economic added value and competitiveness of local SMEs in the aquaculture sector.<\/p><p>To ensure the sustainability of SEANOP and to ensure hygienic, safe and quality production and understanding of market conditions.<\/p><p>In line with this mission, to ensure that the facility achieves the following objectives by increasing SEANOP&#8217;s brand awareness<\/p><ul><li>A &#8216;One Stop Shop&#8217; for SMEs in the aquaculture sector, providing knowledgeable and practical solutions.<\/li><li>A centre that provides support in improving production in hygienic conditions and understanding food safety through the infrastructure of the newly established PSS, connecting with new and existing markets.&#8221;<\/li><\/ul>\t\t\t\t\t\t\t\t<\/div>\n\t\t\t\t<\/div>\n\t\t\t\t\t<\/div>\n\t\t<\/div>\n\t\t\t\t\t<\/div>\n\t\t<\/section>\n\t\t\t\t<\/div>","protected":false},"excerpt":{"rendered":"<p>Misyon \u2013 Vizyon KOB\u0130&#8217;ler i\u00e7in bilgi sahibi ve pratik \u00e7\u00f6z\u00fcmler sunan bir &#8216;Tek Durak Noktas\u0131&#8217; Vizyonumuz; B\u00f6lgede su \u00fcr\u00fcnleri sekt\u00f6r\u00fcnde<span class=\"more-dots\">&#8230;<\/span><\/p>","protected":false},"author":1,"featured_media":0,"parent":0,"menu_order":0,"comment_status":"closed","ping_status":"closed","template":"page-templates\/full-width.php","meta":{"footnotes":""},"class_list":["post-5916","page","type-page","status-publish","hentry"],"yoast_head":"<!-- This site is optimized with the Yoast SEO plugin v26.1.1 - https:\/\/yoast.com\/wordpress\/plugins\/seo\/ -->\n<title>Mission - Vision<\/title>\n<meta name=\"robots\" content=\"index, follow, max-snippet:-1, max-image-preview:large, max-video-preview:-1\" \/>\n<link rel=\"canonical\" href=\"https:\/\/seanop.com.tr\/en\/mission-vision\/\" \/>\n<meta property=\"og:locale\" content=\"en_US\" \/>\n<meta property=\"og:locale:alternate\" content=\"tr_TR\" \/>\n<meta property=\"og:type\" content=\"article\" \/>\n<meta property=\"og:title\" content=\"Mission - Vision\" \/>\n<meta property=\"og:description\" content=\"Misyon \u2013 Vizyon KOB\u0130&#8217;ler i\u00e7in bilgi sahibi ve pratik \u00e7\u00f6z\u00fcmler sunan bir &#8216;Tek Durak Noktas\u0131&#8217; Vizyonumuz; B\u00f6lgede su \u00fcr\u00fcnleri sekt\u00f6r\u00fcnde...\" \/>\n<meta property=\"og:url\" content=\"https:\/\/seanop.com.tr\/en\/mission-vision\/\" \/>\n<meta property=\"og:site_name\" content=\"Seanop\" \/>\n<meta property=\"article:modified_time\" content=\"2025-05-21T19:36:36+00:00\" \/>\n<meta property=\"og:image\" content=\"https:\/\/seanop.com.tr\/wp-content\/uploads\/2024\/11\/tekneler.jpg\" \/>\n\t<meta property=\"og:image:width\" content=\"1000\" \/>\n\t<meta property=\"og:image:height\" content=\"530\" \/>\n\t<meta property=\"og:image:type\" content=\"image\/jpeg\" \/>\n<meta name=\"twitter:card\" content=\"summary_large_image\" \/>\n<meta name=\"twitter:label1\" content=\"Est. reading time\" \/>\n\t<meta name=\"twitter:data1\" content=\"3 minutes\" \/>\n<script type=\"application\/ld+json\" class=\"yoast-schema-graph\">{\"@context\":\"https:\/\/schema.org\",\"@graph\":[{\"@type\":\"WebPage\",\"@id\":\"https:\/\/seanop.com.tr\/en\/misyon-vizyon\/\",\"url\":\"https:\/\/seanop.com.tr\/en\/misyon-vizyon\/\",\"name\":\"Mission - Vision\",\"isPartOf\":{\"@id\":\"https:\/\/seanop.com.tr\/#website\"},\"primaryImageOfPage\":{\"@id\":\"https:\/\/seanop.com.tr\/en\/misyon-vizyon\/#primaryimage\"},\"image\":{\"@id\":\"https:\/\/seanop.com.tr\/en\/misyon-vizyon\/#primaryimage\"},\"thumbnailUrl\":\"https:\/\/seanop.com.tr\/wp-content\/uploads\/2024\/11\/tekneler.jpg\",\"datePublished\":\"2024-11-02T21:55:31+00:00\",\"dateModified\":\"2025-05-21T19:36:36+00:00\",\"breadcrumb\":{\"@id\":\"https:\/\/seanop.com.tr\/en\/misyon-vizyon\/#breadcrumb\"},\"inLanguage\":\"en-US\",\"potentialAction\":[{\"@type\":\"ReadAction\",\"target\":[\"https:\/\/seanop.com.tr\/en\/misyon-vizyon\/\"]}]},{\"@type\":\"ImageObject\",\"inLanguage\":\"en-US\",\"@id\":\"https:\/\/seanop.com.tr\/en\/misyon-vizyon\/#primaryimage\",\"url\":\"https:\/\/seanop.com.tr\/wp-content\/uploads\/2024\/11\/tekneler.jpg\",\"contentUrl\":\"https:\/\/seanop.com.tr\/wp-content\/uploads\/2024\/11\/tekneler.jpg\"},{\"@type\":\"BreadcrumbList\",\"@id\":\"https:\/\/seanop.com.tr\/en\/misyon-vizyon\/#breadcrumb\",\"itemListElement\":[{\"@type\":\"ListItem\",\"position\":1,\"name\":\"Anasayfa\",\"item\":\"https:\/\/seanop.com.tr\/\"},{\"@type\":\"ListItem\",\"position\":2,\"name\":\"Mission &#8211; Vision\"}]},{\"@type\":\"WebSite\",\"@id\":\"https:\/\/seanop.com.tr\/#website\",\"url\":\"https:\/\/seanop.com.tr\/\",\"name\":\"Seanop\",\"description\":\"\",\"publisher\":{\"@id\":\"https:\/\/seanop.com.tr\/#organization\"},\"potentialAction\":[{\"@type\":\"SearchAction\",\"target\":{\"@type\":\"EntryPoint\",\"urlTemplate\":\"https:\/\/seanop.com.tr\/?s={search_term_string}\"},\"query-input\":{\"@type\":\"PropertyValueSpecification\",\"valueRequired\":true,\"valueName\":\"search_term_string\"}}],\"inLanguage\":\"en-US\"},{\"@type\":\"Organization\",\"@id\":\"https:\/\/seanop.com.tr\/#organization\",\"name\":\"Seanop\",\"url\":\"https:\/\/seanop.com.tr\/\",\"logo\":{\"@type\":\"ImageObject\",\"inLanguage\":\"en-US\",\"@id\":\"https:\/\/seanop.com.tr\/#\/schema\/logo\/image\/\",\"url\":\"https:\/\/seanop.com.tr\/wp-content\/uploads\/2024\/11\/seanop-logo.png\",\"contentUrl\":\"https:\/\/seanop.com.tr\/wp-content\/uploads\/2024\/11\/seanop-logo.png\",\"width\":568,\"height\":129,\"caption\":\"Seanop\"},\"image\":{\"@id\":\"https:\/\/seanop.com.tr\/#\/schema\/logo\/image\/\"}}]}<\/script>\n<!-- \/ Yoast SEO plugin. -->","yoast_head_json":{"title":"Mission - Vision","robots":{"index":"index","follow":"follow","max-snippet":"max-snippet:-1","max-image-preview":"max-image-preview:large","max-video-preview":"max-video-preview:-1"},"canonical":"https:\/\/seanop.com.tr\/en\/mission-vision\/","og_locale":"en_US","og_type":"article","og_title":"[:tr]Misyon \u2013 Vizyon[:en]Mission - Vision[:] - Seanop","og_description":"Misyon \u2013 Vizyon KOB\u0130&#8217;ler i\u00e7in bilgi sahibi ve pratik \u00e7\u00f6z\u00fcmler sunan bir &#8216;Tek Durak Noktas\u0131&#8217; Vizyonumuz; B\u00f6lgede su \u00fcr\u00fcnleri sekt\u00f6r\u00fcnde...","og_url":"https:\/\/seanop.com.tr\/en\/mission-vision\/","og_site_name":"Seanop","article_modified_time":"2025-05-21T19:36:36+00:00","og_image":[{"width":1000,"height":530,"url":"https:\/\/seanop.com.tr\/wp-content\/uploads\/2024\/11\/tekneler.jpg","type":"image\/jpeg"}],"twitter_card":"summary_large_image","twitter_misc":{"Est. reading time":"3 minutes"},"schema":{"@context":"https:\/\/schema.org","@graph":[{"@type":"WebPage","@id":"https:\/\/seanop.com.tr\/en\/misyon-vizyon\/","url":"https:\/\/seanop.com.tr\/en\/misyon-vizyon\/","name":"Mission - Vision","isPartOf":{"@id":"https:\/\/seanop.com.tr\/#website"},"primaryImageOfPage":{"@id":"https:\/\/seanop.com.tr\/en\/misyon-vizyon\/#primaryimage"},"image":{"@id":"https:\/\/seanop.com.tr\/en\/misyon-vizyon\/#primaryimage"},"thumbnailUrl":"https:\/\/seanop.com.tr\/wp-content\/uploads\/2024\/11\/tekneler.jpg","datePublished":"2024-11-02T21:55:31+00:00","dateModified":"2025-05-21T19:36:36+00:00","breadcrumb":{"@id":"https:\/\/seanop.com.tr\/en\/misyon-vizyon\/#breadcrumb"},"inLanguage":"en-US","potentialAction":[{"@type":"ReadAction","target":["https:\/\/seanop.com.tr\/en\/misyon-vizyon\/"]}]},{"@type":"ImageObject","inLanguage":"en-US","@id":"https:\/\/seanop.com.tr\/en\/misyon-vizyon\/#primaryimage","url":"https:\/\/seanop.com.tr\/wp-content\/uploads\/2024\/11\/tekneler.jpg","contentUrl":"https:\/\/seanop.com.tr\/wp-content\/uploads\/2024\/11\/tekneler.jpg"},{"@type":"BreadcrumbList","@id":"https:\/\/seanop.com.tr\/en\/misyon-vizyon\/#breadcrumb","itemListElement":[{"@type":"ListItem","position":1,"name":"Anasayfa","item":"https:\/\/seanop.com.tr\/"},{"@type":"ListItem","position":2,"name":"Mission &#8211; Vision"}]},{"@type":"WebSite","@id":"https:\/\/seanop.com.tr\/#website","url":"https:\/\/seanop.com.tr\/","name":"Seanop","description":"","publisher":{"@id":"https:\/\/seanop.com.tr\/#organization"},"potentialAction":[{"@type":"SearchAction","target":{"@type":"EntryPoint","urlTemplate":"https:\/\/seanop.com.tr\/?s={search_term_string}"},"query-input":{"@type":"PropertyValueSpecification","valueRequired":true,"valueName":"search_term_string"}}],"inLanguage":"en-US"},{"@type":"Organization","@id":"https:\/\/seanop.com.tr\/#organization","name":"Seanop","url":"https:\/\/seanop.com.tr\/","logo":{"@type":"ImageObject","inLanguage":"en-US","@id":"https:\/\/seanop.com.tr\/#\/schema\/logo\/image\/","url":"https:\/\/seanop.com.tr\/wp-content\/uploads\/2024\/11\/seanop-logo.png","contentUrl":"https:\/\/seanop.com.tr\/wp-content\/uploads\/2024\/11\/seanop-logo.png","width":568,"height":129,"caption":"Seanop"},"image":{"@id":"https:\/\/seanop.com.tr\/#\/schema\/logo\/image\/"}}]}},"_links":{"self":[{"href":"https:\/\/seanop.com.tr\/en\/wp-json\/wp\/v2\/pages\/5916","targetHints":{"allow":["GET"]}}],"collection":[{"href":"https:\/\/seanop.com.tr\/en\/wp-json\/wp\/v2\/pages"}],"about":[{"href":"https:\/\/seanop.com.tr\/en\/wp-json\/wp\/v2\/types\/page"}],"author":[{"embeddable":true,"href":"https:\/\/seanop.com.tr\/en\/wp-json\/wp\/v2\/users\/1"}],"replies":[{"embeddable":true,"href":"https:\/\/seanop.com.tr\/en\/wp-json\/wp\/v2\/comments?post=5916"}],"version-history":[{"count":40,"href":"https:\/\/seanop.com.tr\/en\/wp-json\/wp\/v2\/pages\/5916\/revisions"}],"predecessor-version":[{"id":7189,"href":"https:\/\/seanop.com.tr\/en\/wp-json\/wp\/v2\/pages\/5916\/revisions\/7189"}],"wp:attachment":[{"href":"https:\/\/seanop.com.tr\/en\/wp-json\/wp\/v2\/media?parent=5916"}],"curies":[{"name":"wp","href":"https:\/\/api.w.org\/{rel}","templated":true}]}}